{"id":34058,"date":"2026-01-03T12:22:09","date_gmt":"2026-01-03T12:22:09","guid":{"rendered":"https:\/\/xn--kbrsglobalstore-7kcc.com\/?post_type=product&#038;p=34058"},"modified":"2026-01-03T12:22:09","modified_gmt":"2026-01-03T12:22:09","slug":"firerie-womens-casual-and-elegant-striped-blazer-suitable-for-work-and-commuting-suitable-for-women-autumn-womens-clothing-commuter-wear-teachers-clothing-back-to-school-season-retr","status":"publish","type":"product","link":"https:\/\/xn--kbrsglobalstore-7kcc.com\/tr\/urun\/firerie-womens-casual-and-elegant-striped-blazer-suitable-for-work-and-commuting-suitable-for-women-autumn-womens-clothing-commuter-wear-teachers-clothing-back-to-school-season-retr\/","title":{"rendered":"Firerie Kad\u0131n G\u00fcnl\u00fck ve \u015e\u0131k \u00c7izgili Blazer Ceket, \u0130\u015f ve G\u00fcnl\u00fck Kullan\u0131m \u0130\u00e7in Uygun \/ Kad\u0131nlar \u0130\u00e7in Uygun \/ Sonbahar Kad\u0131n Giyim \/ G\u00fcnl\u00fck Giyim \/ \u00d6\u011fretmen Giyim \/ Okula D\u00f6n\u00fc\u015f Sezonu \/ Retro Tarz\u0131 \/ \u0130\u015f G\u00fcnl\u00fck Kad\u0131n Giyim \/ Kad\u0131n Ofis Giyim \/ Klasik Tarz \/ Entelekt\u00fcel Zarafet \/ Sonbahar ve K\u0131\u015f \u015e\u0131k Kombinleri"},"content":{"rendered":"<p class=\"translation-block\">Firerie kad\u0131n g\u00fcnl\u00fck ve \u015f\u0131k \u00e7izgili blazer ceket, klasik zarafeti modern \u00e7ok y\u00f6nl\u00fcl\u00fckle harmanlayan zamans\u0131z bir gard\u0131rop par\u00e7as\u0131d\u0131r. Rafine bir retro esteti\u011fi ve incelikli \"eski zenginlik\" \u015f\u0131kl\u0131\u011f\u0131yla tasarlanan bu blazer ceket, i\u015f, yolculuk ve g\u00fcnl\u00fck profesyonel giyim i\u00e7in ideal, \u015f\u0131k bir g\u00f6r\u00fcn\u00fcm sunar. Okula d\u00f6n\u00fc\u015f sezonu, \u00f6\u011fretmenler, ofis ortamlar\u0131 ve i\u015f casual tarz\u0131 i\u00e7in m\u00fckemmel olan bu ceket, her k\u0131yafeti entelekt\u00fcel bir \u00e7ekicilik ve zarif bir \u00f6zg\u00fcvenle zenginle\u015ftirir. Sonbahar ve k\u0131\u015f i\u00e7in tasarlanan bu zarif par\u00e7a, mevsimler aras\u0131nda zahmetsizce ge\u00e7i\u015f yaparak hem modaya hem de i\u015flevselli\u011fe de\u011fer veren kad\u0131nlar i\u00e7in konfor, yap\u0131 ve kal\u0131c\u0131 bir stil sunar.<\/p>","protected":false},"excerpt":{"rendered":"<p>The Firerie women\u2019s casual and elegant striped blazer is a timeless wardrobe essential that blends classic sophistication with modern versatility. Designed with a refined retro aesthetic and subtle \u201cold money\u201d elegance, this blazer delivers a polished look ideal for work, commuting, and everyday professional wear. Perfect for the back-to-school season, teachers, office environments, and business [&hellip;]<\/p>","protected":false},"featured_media":34060,"comment_status":"open","ping_status":"closed","template":"","meta":{"_monsterinsights_skip_tracking":false,"_monsterinsights_sitenote_active":false,"_monsterinsights_sitenote_note":"","_monsterinsights_sitenote_category":0},"product_brand":[],"product_cat":[76],"product_tag":[],"class_list":{"0":"post-34058","1":"product","2":"type-product","3":"status-publish","4":"has-post-thumbnail","6":"product_cat-womens-clothing","8":"first","9":"instock","10":"shipping-taxable","11":"purchasable","12":"product-type-simple"},"aioseo_notices":[],"_links":{"self":[{"href":"https:\/\/xn--kbrsglobalstore-7kcc.com\/tr\/wp-json\/wp\/v2\/product\/34058","targetHints":{"allow":["GET"]}}],"collection":[{"href":"https:\/\/xn--kbrsglobalstore-7kcc.com\/tr\/wp-json\/wp\/v2\/product"}],"about":[{"href":"https:\/\/xn--kbrsglobalstore-7kcc.com\/tr\/wp-json\/wp\/v2\/types\/product"}],"replies":[{"embeddable":true,"href":"https:\/\/xn--kbrsglobalstore-7kcc.com\/tr\/wp-json\/wp\/v2\/comments?post=34058"}],"wp:featuredmedia":[{"embeddable":true,"href":"https:\/\/xn--kbrsglobalstore-7kcc.com\/tr\/wp-json\/wp\/v2\/media\/34060"}],"wp:attachment":[{"href":"https:\/\/xn--kbrsglobalstore-7kcc.com\/tr\/wp-json\/wp\/v2\/media?parent=34058"}],"wp:term":[{"taxonomy":"product_brand","embeddable":true,"href":"https:\/\/xn--kbrsglobalstore-7kcc.com\/tr\/wp-json\/wp\/v2\/product_brand?post=34058"},{"taxonomy":"product_cat","embeddable":true,"href":"https:\/\/xn--kbrsglobalstore-7kcc.com\/tr\/wp-json\/wp\/v2\/product_cat?post=34058"},{"taxonomy":"product_tag","embeddable":true,"href":"https:\/\/xn--kbrsglobalstore-7kcc.com\/tr\/wp-json\/wp\/v2\/product_tag?post=34058"}],"curies":[{"name":"wp","href":"https:\/\/api.w.org\/{rel}","templated":true}]}}