{"id":34049,"date":"2026-01-03T12:14:03","date_gmt":"2026-01-03T12:14:03","guid":{"rendered":"https:\/\/xn--kbrsglobalstore-7kcc.com\/?post_type=product&#038;p=34049"},"modified":"2026-01-03T12:14:03","modified_gmt":"2026-01-03T12:14:03","slug":"elenzga-womens-elegant-wrap-batwing-sleeve-blouse-top-wide-leg-loose-pants-2-pieces-set-suitable-for-dates-workplace-commute-casual-office-wear-woven-apricot-color","status":"publish","type":"product","link":"https:\/\/xn--kbrsglobalstore-7kcc.com\/tr\/urun\/elenzga-womens-elegant-wrap-batwing-sleeve-blouse-top-wide-leg-loose-pants-2-pieces-set-suitable-for-dates-workplace-commute-casual-office-wear-woven-apricot-color\/","title":{"rendered":"Elenzga Kad\u0131n \u015e\u0131k Sarg\u0131l\u0131 Yarasa Kollu Bluz ve Geni\u015f Pa\u00e7al\u0131 Bol Pantolon 2 Par\u00e7a Tak\u0131m, Randevular, \u0130\u015f Yeri, G\u00fcnl\u00fck Kullan\u0131m ve Ofis Giyimi \u0130\u00e7in Uygun, Dokuma Kay\u0131s\u0131 Rengi"},"content":{"rendered":"<p class=\"translation-block\"><strong>Elenzga kad\u0131n \u015f\u0131k 2 par\u00e7al\u0131 tak\u0131m<\/strong>, zarif ve modern bir sil\u00fcet yaratan, g\u00fczel tasarlanm\u0131\u015f kruvaze yarasa kollu bluz ve geni\u015f pa\u00e7al\u0131 bol pantolondan olu\u015fmaktad\u0131r. Yumu\u015fak kay\u0131s\u0131 renginde dokuma kuma\u015ftan \u00fcretilen bu k\u0131yafet, hem konfor hem de \u015f\u0131kl\u0131k sunar. Ak\u0131c\u0131 kesimi, fig\u00fcr\u00fc g\u00fczel g\u00f6sterirken zahmetsiz hareket imkan\u0131 sa\u011flar; bu da onu randevular, i\u015f yerleri, g\u00fcnl\u00fck i\u015fe gidip gelmeler ve g\u00fcndelik ofis giyimi i\u00e7in ideal k\u0131lar. Rafine tasar\u0131m\u0131 ve \u00e7ok y\u00f6nl\u00fc stiliyle bu tak\u0131m, profesyonelden sosyal ortamlara sorunsuz ge\u00e7i\u015f sa\u011flayan \u015f\u0131k bir g\u00f6r\u00fcn\u00fcm sunar.<\/p>","protected":false},"excerpt":{"rendered":"<p>The Elenzga women\u2019s elegant 2-piece set features a beautifully designed wrap batwing sleeve blouse paired with wide-leg loose pants, creating a graceful and modern silhouette. Crafted from woven fabric in a soft apricot color, this outfit delivers both comfort and sophistication. The flowing fit flatters the figure while offering effortless movement, making it ideal for [&hellip;]<\/p>","protected":false},"featured_media":34050,"comment_status":"open","ping_status":"closed","template":"","meta":{"_monsterinsights_skip_tracking":false,"_monsterinsights_sitenote_active":false,"_monsterinsights_sitenote_note":"","_monsterinsights_sitenote_category":0},"product_brand":[],"product_cat":[76],"product_tag":[],"class_list":{"0":"post-34049","1":"product","2":"type-product","3":"status-publish","4":"has-post-thumbnail","6":"product_cat-womens-clothing","8":"first","9":"instock","10":"shipping-taxable","11":"purchasable","12":"product-type-simple"},"aioseo_notices":[],"_links":{"self":[{"href":"https:\/\/xn--kbrsglobalstore-7kcc.com\/tr\/wp-json\/wp\/v2\/product\/34049","targetHints":{"allow":["GET"]}}],"collection":[{"href":"https:\/\/xn--kbrsglobalstore-7kcc.com\/tr\/wp-json\/wp\/v2\/product"}],"about":[{"href":"https:\/\/xn--kbrsglobalstore-7kcc.com\/tr\/wp-json\/wp\/v2\/types\/product"}],"replies":[{"embeddable":true,"href":"https:\/\/xn--kbrsglobalstore-7kcc.com\/tr\/wp-json\/wp\/v2\/comments?post=34049"}],"wp:featuredmedia":[{"embeddable":true,"href":"https:\/\/xn--kbrsglobalstore-7kcc.com\/tr\/wp-json\/wp\/v2\/media\/34050"}],"wp:attachment":[{"href":"https:\/\/xn--kbrsglobalstore-7kcc.com\/tr\/wp-json\/wp\/v2\/media?parent=34049"}],"wp:term":[{"taxonomy":"product_brand","embeddable":true,"href":"https:\/\/xn--kbrsglobalstore-7kcc.com\/tr\/wp-json\/wp\/v2\/product_brand?post=34049"},{"taxonomy":"product_cat","embeddable":true,"href":"https:\/\/xn--kbrsglobalstore-7kcc.com\/tr\/wp-json\/wp\/v2\/product_cat?post=34049"},{"taxonomy":"product_tag","embeddable":true,"href":"https:\/\/xn--kbrsglobalstore-7kcc.com\/tr\/wp-json\/wp\/v2\/product_tag?post=34049"}],"curies":[{"name":"wp","href":"https:\/\/api.w.org\/{rel}","templated":true}]}}