{"id":34035,"date":"2026-01-03T11:49:12","date_gmt":"2026-01-03T11:49:12","guid":{"rendered":"https:\/\/xn--kbrsglobalstore-7kcc.com\/?post_type=product&#038;p=34035"},"modified":"2026-01-03T11:49:12","modified_gmt":"2026-01-03T11:49:12","slug":"ontre-minimalist-comfortable-pink-poncho-shawl-loose-fit-womens-top-versatile-for-all-seasons-back-to-school-business-casual-commuter-wear-spring-autumn-2025-new-arrival","status":"publish","type":"product","link":"https:\/\/xn--kbrsglobalstore-7kcc.com\/tr\/urun\/ontre-minimalist-comfortable-pink-poncho-shawl-loose-fit-womens-top-versatile-for-all-seasons-back-to-school-business-casual-commuter-wear-spring-autumn-2025-new-arrival\/","title":{"rendered":"Ontre Minimalist Rahat Pembe Pan\u00e7o \u015eal Bol Kesim Kad\u0131n \u00dcst\u00fc, Her Mevsim \u0130\u00e7in \u00c7ok Y\u00f6nl\u00fc, Okula D\u00f6n\u00fc\u015f, \u0130\u015f G\u00fcndelik, G\u00fcnl\u00fck Giyim, \u0130lkbahar\/Sonbahar 2025 Yeni \u00dcr\u00fcn"},"content":{"rendered":"<p>**Ontre minimalist rahat pembe pan\u00e7o \u015fal**, modern kad\u0131nlar i\u00e7in tasarlanm\u0131\u015f \u015f\u0131k ve zahmetsiz bir gard\u0131rop temel par\u00e7as\u0131d\u0131r. G\u00fcn boyu rahatl\u0131k i\u00e7in bol kesimle \u00fcretilen bu \u00e7ok y\u00f6nl\u00fc \u00fcst, g\u00fczel bir \u015fekilde d\u00f6k\u00fcml\u00fc durarak her v\u00fccut tipine yak\u0131\u015fan \u015f\u0131k bir katmanl\u0131 g\u00f6r\u00fcn\u00fcm yarat\u0131r. T\u00fcm mevsimler i\u00e7in m\u00fckemmel olan bu \u015fal, ilkbahardan sonbahara sorunsuz bir ge\u00e7i\u015f sa\u011flar ve okula d\u00f6n\u00fc\u015f k\u0131yafetlerinden i\u015f k\u0131yafetlerine ve g\u00fcnl\u00fck i\u015fe gidip gelme k\u0131yafetlerine kadar \u00e7e\u015fitli durumlara uygundur. **2025 \u0130lkbahar\/Sonbahar yeni \u00fcr\u00fcn\u00fc** olarak, bu zarif par\u00e7a sadeli\u011fi \u00e7a\u011fda\u015f moda ile birle\u015ftirerek, zamans\u0131z bir tasar\u0131mda hem rahatl\u0131k hem de sofistike bir g\u00f6r\u00fcn\u00fcm sunar.<\/p>","protected":false},"excerpt":{"rendered":"<p>The **Ontre minimalist comfortable pink poncho shawl** is a stylish and effortless wardrobe essential designed for modern women. Crafted with a loose fit for all-day comfort, this versatile top drapes beautifully, creating a chic layered look that flatters every silhouette. Perfect for all seasons, it transitions seamlessly from spring to autumn and suits a variety [&hellip;]<\/p>","protected":false},"featured_media":34036,"comment_status":"open","ping_status":"closed","template":"","meta":{"_monsterinsights_skip_tracking":false,"_monsterinsights_sitenote_active":false,"_monsterinsights_sitenote_note":"","_monsterinsights_sitenote_category":0},"product_brand":[],"product_cat":[76],"product_tag":[],"class_list":{"0":"post-34035","1":"product","2":"type-product","3":"status-publish","4":"has-post-thumbnail","6":"product_cat-womens-clothing","8":"first","9":"instock","10":"shipping-taxable","11":"purchasable","12":"product-type-simple"},"aioseo_notices":[],"_links":{"self":[{"href":"https:\/\/xn--kbrsglobalstore-7kcc.com\/tr\/wp-json\/wp\/v2\/product\/34035","targetHints":{"allow":["GET"]}}],"collection":[{"href":"https:\/\/xn--kbrsglobalstore-7kcc.com\/tr\/wp-json\/wp\/v2\/product"}],"about":[{"href":"https:\/\/xn--kbrsglobalstore-7kcc.com\/tr\/wp-json\/wp\/v2\/types\/product"}],"replies":[{"embeddable":true,"href":"https:\/\/xn--kbrsglobalstore-7kcc.com\/tr\/wp-json\/wp\/v2\/comments?post=34035"}],"wp:featuredmedia":[{"embeddable":true,"href":"https:\/\/xn--kbrsglobalstore-7kcc.com\/tr\/wp-json\/wp\/v2\/media\/34036"}],"wp:attachment":[{"href":"https:\/\/xn--kbrsglobalstore-7kcc.com\/tr\/wp-json\/wp\/v2\/media?parent=34035"}],"wp:term":[{"taxonomy":"product_brand","embeddable":true,"href":"https:\/\/xn--kbrsglobalstore-7kcc.com\/tr\/wp-json\/wp\/v2\/product_brand?post=34035"},{"taxonomy":"product_cat","embeddable":true,"href":"https:\/\/xn--kbrsglobalstore-7kcc.com\/tr\/wp-json\/wp\/v2\/product_cat?post=34035"},{"taxonomy":"product_tag","embeddable":true,"href":"https:\/\/xn--kbrsglobalstore-7kcc.com\/tr\/wp-json\/wp\/v2\/product_tag?post=34035"}],"curies":[{"name":"wp","href":"https:\/\/api.w.org\/{rel}","templated":true}]}}