{"id":34030,"date":"2026-01-03T11:39:37","date_gmt":"2026-01-03T11:39:37","guid":{"rendered":"https:\/\/xn--kbrsglobalstore-7kcc.com\/?post_type=product&#038;p=34030"},"modified":"2026-01-03T11:39:37","modified_gmt":"2026-01-03T11:39:37","slug":"womens-elegant-solid-color-long-sleeve-shirt-classic-collar-non-sheer-blouse-premium-fabric-for-spring-summer-fall-versatile-for-casual-and-professional-wear-machine-washable-dry-clean-strea","status":"publish","type":"product","link":"https:\/\/xn--kbrsglobalstore-7kcc.com\/tr\/urun\/womens-elegant-solid-color-long-sleeve-shirt-classic-collar-non-sheer-blouse-premium-fabric-for-spring-summer-fall-versatile-for-casual-and-professional-wear-machine-washable-dry-clean-strea\/","title":{"rendered":"Kad\u0131nlar i\u00e7in \u015e\u0131k D\u00fcz Renk Uzun Kollu G\u00f6mlek \u2013 Klasik Yakal\u0131 \u015eeffaf Olmayan Bluz, \u0130lkbahar, Yaz, Sonbahar i\u00e7in \u00dcst\u00fcn Kalite Kuma\u015f, G\u00fcnl\u00fck ve Profesyonel Giyim i\u00e7in \u00c7ok Y\u00f6nl\u00fc, Makinede Y\u0131kanabilir\/Kuru Temizleme, Sade Tasar\u0131m, Zarif Doku"},"content":{"rendered":"<p class=\"translation-block\">Bu \u015f\u0131k, d\u00fcz renkli uzun kollu kad\u0131n g\u00f6mle\u011fi, zamans\u0131z bir stil ve modern konfor sunmak \u00fczere tasarlanm\u0131\u015ft\u0131r. Klasik yakas\u0131 ve \u015feffaf olmayan birinci s\u0131n\u0131f kuma\u015f\u0131yla, ilkbahar, yaz ve sonbahar olmak \u00fczere her mevsim i\u00e7in uygun, zarif ve sofistike bir g\u00f6r\u00fcn\u00fcm sunar. Ak\u0131c\u0131 sil\u00fceti ve incelikli dokusu, zarif g\u00f6r\u00fcn\u00fcm\u00fcn\u00fc art\u0131rarak hem g\u00fcnl\u00fck geziler hem de profesyonel ortamlar i\u00e7in m\u00fckemmel k\u0131lar. Yumu\u015fak, nefes alabilir ve bak\u0131m\u0131 kolay olan bu \u00e7ok y\u00f6nl\u00fc bluz, makinede y\u0131kanabilir ve kuru temizlemeye uygundur, b\u00f6ylece zarafetten \u00f6d\u00fcn vermeden uzun s\u00fcre kullan\u0131labilir.<\/p>","protected":false},"excerpt":{"rendered":"<p>This women\u2019s elegant solid color long sleeve shirt is designed to deliver timeless style with modern comfort. Featuring a classic collar and a non-sheer premium fabric, it offers a polished, sophisticated look suitable for every season \u2014 spring, summer, and fall. The streamlined silhouette and refined texture enhance its graceful appearance, making it perfect for [&hellip;]<\/p>","protected":false},"featured_media":34031,"comment_status":"open","ping_status":"closed","template":"","meta":{"_monsterinsights_skip_tracking":false,"_monsterinsights_sitenote_active":false,"_monsterinsights_sitenote_note":"","_monsterinsights_sitenote_category":0},"product_brand":[],"product_cat":[76],"product_tag":[],"class_list":{"0":"post-34030","1":"product","2":"type-product","3":"status-publish","4":"has-post-thumbnail","6":"product_cat-womens-clothing","8":"first","9":"instock","10":"shipping-taxable","11":"purchasable","12":"product-type-simple"},"aioseo_notices":[],"_links":{"self":[{"href":"https:\/\/xn--kbrsglobalstore-7kcc.com\/tr\/wp-json\/wp\/v2\/product\/34030","targetHints":{"allow":["GET"]}}],"collection":[{"href":"https:\/\/xn--kbrsglobalstore-7kcc.com\/tr\/wp-json\/wp\/v2\/product"}],"about":[{"href":"https:\/\/xn--kbrsglobalstore-7kcc.com\/tr\/wp-json\/wp\/v2\/types\/product"}],"replies":[{"embeddable":true,"href":"https:\/\/xn--kbrsglobalstore-7kcc.com\/tr\/wp-json\/wp\/v2\/comments?post=34030"}],"wp:featuredmedia":[{"embeddable":true,"href":"https:\/\/xn--kbrsglobalstore-7kcc.com\/tr\/wp-json\/wp\/v2\/media\/34031"}],"wp:attachment":[{"href":"https:\/\/xn--kbrsglobalstore-7kcc.com\/tr\/wp-json\/wp\/v2\/media?parent=34030"}],"wp:term":[{"taxonomy":"product_brand","embeddable":true,"href":"https:\/\/xn--kbrsglobalstore-7kcc.com\/tr\/wp-json\/wp\/v2\/product_brand?post=34030"},{"taxonomy":"product_cat","embeddable":true,"href":"https:\/\/xn--kbrsglobalstore-7kcc.com\/tr\/wp-json\/wp\/v2\/product_cat?post=34030"},{"taxonomy":"product_tag","embeddable":true,"href":"https:\/\/xn--kbrsglobalstore-7kcc.com\/tr\/wp-json\/wp\/v2\/product_tag?post=34030"}],"curies":[{"name":"wp","href":"https:\/\/api.w.org\/{rel}","templated":true}]}}