{"id":34019,"date":"2025-12-28T19:42:26","date_gmt":"2025-12-28T19:42:26","guid":{"rendered":"https:\/\/xn--kbrsglobalstore-7kcc.com\/?post_type=product&#038;p=34019"},"modified":"2025-12-28T19:42:26","modified_gmt":"2025-12-28T19:42:26","slug":"girls-cute-bow-print-round-neck-top-fashion-bow-embroidered-skirt-pants-2pcs-set","status":"publish","type":"product","link":"https:\/\/xn--kbrsglobalstore-7kcc.com\/tr\/urun\/girls-cute-bow-print-round-neck-top-fashion-bow-embroidered-skirt-pants-2pcs-set\/","title":{"rendered":"K\u0131z \u00c7ocuklar\u0131 \u0130\u00e7in Sevimli Fiyonk Bask\u0131l\u0131 Yuvarlak Yaka Bluz + Moda Fiyonk \u0130\u015flemeli Etek Pantolon 2 Par\u00e7a Set"},"content":{"rendered":"<p data-start=\"0\" data-end=\"447\">Bu, minik yavrunuzun rahat ederken sevimli g\u00f6r\u00fcnmesini sa\u011flamak i\u00e7in tasarlanm\u0131\u015f, b\u00fcy\u00fcleyici ve \u015f\u0131k bir k\u0131yafet. Yuvarlak yakal\u0131 \u00fcst k\u0131s\u0131m, tatl\u0131 ve e\u011flenceli bir dokunu\u015f katan sevimli bir fiyonk bask\u0131s\u0131na sahipken, yumu\u015fak kuma\u015f g\u00fcnl\u00fck kullan\u0131m, \u00f6zel geziler veya g\u00fcndelik bulu\u015fmalar i\u00e7in rahat bir his sa\u011flar. Bu set, konfor ve sevimlili\u011fi m\u00fckemmel bir dengeyle bir araya getiriyor.<\/p>\n<p data-start=\"449\" data-end=\"811\" data-is-last-node=\"\" data-is-only-node=\"\">Etek ve pantolon tak\u0131m\u0131, zarif fiyonk i\u015flemeleriyle g\u00fczelce detayland\u0131r\u0131lm\u0131\u015f olup, k\u0131yafete \u015f\u0131k ve zarif bir g\u00f6r\u00fcn\u00fcm kazand\u0131r\u0131yor. Rahat hareket ve g\u00fcn boyu konfor i\u00e7in tasarlanan bu iki par\u00e7al\u0131 set, partiler, aile etkinlikleri veya g\u00fcnl\u00fck kullan\u0131m i\u00e7in idealdir. Sevimli tasar\u0131m\u0131 ve rahat kesimiyle bu k\u0131yafet, her gen\u00e7 k\u0131z\u0131n gard\u0131robuna ho\u015f bir katk\u0131 olacakt\u0131r.<\/p>","protected":false},"excerpt":{"rendered":"<p>This is a charming and stylish outfit designed to make your little one look adorable while staying comfortable. The round neck top features a cute bow print that adds a sweet and playful touch, while the soft fabric ensures a cozy feel for everyday wear, special outings, or casual gatherings. This set brings together comfort [&hellip;]<\/p>","protected":false},"featured_media":34020,"comment_status":"open","ping_status":"closed","template":"","meta":{"_monsterinsights_skip_tracking":false,"_monsterinsights_sitenote_active":false,"_monsterinsights_sitenote_note":"","_monsterinsights_sitenote_category":0},"product_brand":[],"product_cat":[113],"product_tag":[],"class_list":{"0":"post-34019","1":"product","2":"type-product","3":"status-publish","4":"has-post-thumbnail","6":"product_cat-kids-clothing","8":"first","9":"instock","10":"shipping-taxable","11":"purchasable","12":"product-type-simple"},"aioseo_notices":[],"_links":{"self":[{"href":"https:\/\/xn--kbrsglobalstore-7kcc.com\/tr\/wp-json\/wp\/v2\/product\/34019","targetHints":{"allow":["GET"]}}],"collection":[{"href":"https:\/\/xn--kbrsglobalstore-7kcc.com\/tr\/wp-json\/wp\/v2\/product"}],"about":[{"href":"https:\/\/xn--kbrsglobalstore-7kcc.com\/tr\/wp-json\/wp\/v2\/types\/product"}],"replies":[{"embeddable":true,"href":"https:\/\/xn--kbrsglobalstore-7kcc.com\/tr\/wp-json\/wp\/v2\/comments?post=34019"}],"wp:featuredmedia":[{"embeddable":true,"href":"https:\/\/xn--kbrsglobalstore-7kcc.com\/tr\/wp-json\/wp\/v2\/media\/34020"}],"wp:attachment":[{"href":"https:\/\/xn--kbrsglobalstore-7kcc.com\/tr\/wp-json\/wp\/v2\/media?parent=34019"}],"wp:term":[{"taxonomy":"product_brand","embeddable":true,"href":"https:\/\/xn--kbrsglobalstore-7kcc.com\/tr\/wp-json\/wp\/v2\/product_brand?post=34019"},{"taxonomy":"product_cat","embeddable":true,"href":"https:\/\/xn--kbrsglobalstore-7kcc.com\/tr\/wp-json\/wp\/v2\/product_cat?post=34019"},{"taxonomy":"product_tag","embeddable":true,"href":"https:\/\/xn--kbrsglobalstore-7kcc.com\/tr\/wp-json\/wp\/v2\/product_tag?post=34019"}],"curies":[{"name":"wp","href":"https:\/\/api.w.org\/{rel}","templated":true}]}}