{"id":34012,"date":"2025-12-28T19:38:43","date_gmt":"2025-12-28T19:38:43","guid":{"rendered":"https:\/\/xn--kbrsglobalstore-7kcc.com\/?post_type=product&#038;p=34012"},"modified":"2025-12-28T19:38:43","modified_gmt":"2025-12-28T19:38:43","slug":"young-girl-summer-letter-print-short-sleeve-t-shirt-and-paper-bag-waist-belted-shorts-casual-outfit-2","status":"publish","type":"product","link":"https:\/\/xn--kbrsglobalstore-7kcc.com\/tr\/urun\/young-girl-summer-letter-print-short-sleeve-t-shirt-and-paper-bag-waist-belted-shorts-casual-outfit-2\/","title":{"rendered":"Gen\u00e7 K\u0131z \u0130\u00e7in Yazl\u0131k Harf Bask\u0131l\u0131 K\u0131sa Kollu Ti\u015f\u00f6rt ve Ka\u011f\u0131t Torba Bel Kemerli \u015eort G\u00fcnl\u00fck Kombin"},"content":{"rendered":"<p data-start=\"0\" data-end=\"473\">Bu k\u0131yafet, g\u00fcne\u015fli g\u00fcnler ve g\u00fcnl\u00fck maceralar i\u00e7in tasarlanm\u0131\u015f, taze ve \u015f\u0131k bir settir. Yumu\u015fak k\u0131sa kollu ti\u015f\u00f6rt, e\u011flenceli ve modern bir dokunu\u015f katan \u015f\u0131k bir harf bask\u0131s\u0131na sahiptir; hafif kuma\u015f\u0131 ise \u00e7ocu\u011funuzu s\u0131cak yaz havalar\u0131nda serin ve rahat tutar. Bu k\u0131yafet, g\u00fcndelik geziler, oyun bulu\u015fmalar\u0131, tatiller ve rahat hafta sonu giyimi i\u00e7in m\u00fckemmeldir.<\/p>\n<p data-start=\"475\" data-end=\"838\" data-is-last-node=\"\" data-is-only-node=\"\">Modaya uygun ka\u011f\u0131t torba bel detayl\u0131 \u015fort ve uyumlu kemerle bir araya getirilen bu tak\u0131m, \u015f\u0131kl\u0131\u011f\u0131 ve rahatl\u0131\u011f\u0131 bir arada sunarken, rahat ve v\u00fccuda oturan bir kesime sahiptir. Ayarlanabilir bel k\u0131sm\u0131, g\u00fcn boyu konfor sa\u011flarken, aktif oyunlar i\u00e7in de hareket \u00f6zg\u00fcrl\u00fc\u011f\u00fc sunar. Pratikli\u011fi sevimli yaz stiliyle birle\u015ftiren bu iki par\u00e7al\u0131 k\u0131yafet, her gen\u00e7 k\u0131z\u0131n mevsimlik gard\u0131robuna mutlaka eklenmesi gereken bir par\u00e7ad\u0131r.<\/p>","protected":false},"excerpt":{"rendered":"<p>This outfit is a fresh and fashionable set designed for sunny days and everyday adventures. The soft short-sleeve T-shirt features a stylish letter print that adds a fun and modern touch, while the lightweight fabric keeps your child cool and comfortable throughout warm summer weather. This outfit is perfect for casual outings, playdates, vacations, and [&hellip;]<\/p>","protected":false},"featured_media":34013,"comment_status":"open","ping_status":"closed","template":"","meta":{"_monsterinsights_skip_tracking":false,"_monsterinsights_sitenote_active":false,"_monsterinsights_sitenote_note":"","_monsterinsights_sitenote_category":0},"product_brand":[],"product_cat":[113],"product_tag":[],"class_list":{"0":"post-34012","1":"product","2":"type-product","3":"status-publish","4":"has-post-thumbnail","6":"product_cat-kids-clothing","8":"first","9":"instock","10":"shipping-taxable","11":"purchasable","12":"product-type-simple"},"aioseo_notices":[],"_links":{"self":[{"href":"https:\/\/xn--kbrsglobalstore-7kcc.com\/tr\/wp-json\/wp\/v2\/product\/34012","targetHints":{"allow":["GET"]}}],"collection":[{"href":"https:\/\/xn--kbrsglobalstore-7kcc.com\/tr\/wp-json\/wp\/v2\/product"}],"about":[{"href":"https:\/\/xn--kbrsglobalstore-7kcc.com\/tr\/wp-json\/wp\/v2\/types\/product"}],"replies":[{"embeddable":true,"href":"https:\/\/xn--kbrsglobalstore-7kcc.com\/tr\/wp-json\/wp\/v2\/comments?post=34012"}],"wp:featuredmedia":[{"embeddable":true,"href":"https:\/\/xn--kbrsglobalstore-7kcc.com\/tr\/wp-json\/wp\/v2\/media\/34013"}],"wp:attachment":[{"href":"https:\/\/xn--kbrsglobalstore-7kcc.com\/tr\/wp-json\/wp\/v2\/media?parent=34012"}],"wp:term":[{"taxonomy":"product_brand","embeddable":true,"href":"https:\/\/xn--kbrsglobalstore-7kcc.com\/tr\/wp-json\/wp\/v2\/product_brand?post=34012"},{"taxonomy":"product_cat","embeddable":true,"href":"https:\/\/xn--kbrsglobalstore-7kcc.com\/tr\/wp-json\/wp\/v2\/product_cat?post=34012"},{"taxonomy":"product_tag","embeddable":true,"href":"https:\/\/xn--kbrsglobalstore-7kcc.com\/tr\/wp-json\/wp\/v2\/product_tag?post=34012"}],"curies":[{"name":"wp","href":"https:\/\/api.w.org\/{rel}","templated":true}]}}