{"id":34005,"date":"2025-12-28T19:34:31","date_gmt":"2025-12-28T19:34:31","guid":{"rendered":"https:\/\/xn--kbrsglobalstore-7kcc.com\/?post_type=product&#038;p=34005"},"modified":"2025-12-28T19:34:31","modified_gmt":"2025-12-28T19:34:31","slug":"3pcs-tween-girl-spring-summer-fashion-set-long-sleeve-sweatshirt-shawl-letter-print-camisole-pleated-skirt-best-gift-for-early-spring-school-season-2","status":"publish","type":"product","link":"https:\/\/xn--kbrsglobalstore-7kcc.com\/tr\/urun\/3pcs-tween-girl-spring-summer-fashion-set-long-sleeve-sweatshirt-shawl-letter-print-camisole-pleated-skirt-best-gift-for-early-spring-school-season-2\/","title":{"rendered":"3 Par\u00e7al\u0131 Gen\u00e7 K\u0131z \u0130lkbahar\/Yaz Moda Seti: Uzun Kollu Sweatshirt \u015eal, Harf Bask\u0131l\u0131 Ask\u0131l\u0131 Bluz ve Pileli Etek, \u0130lkbahar Okul Sezonu \u0130\u00e7in En \u0130yi Hediye"},"content":{"rendered":"<p data-start=\"0\" data-end=\"492\">Bu \u015f\u0131k ve \u00e7ok y\u00f6nl\u00fc k\u0131yafet, ilkbahar okul sezonu i\u00e7in m\u00fckemmeldir. Bu b\u00fcy\u00fcleyici set, uzun kollu bir sweatshirt \u015fal, modaya uygun harf bask\u0131l\u0131 bir ask\u0131l\u0131 bluz ve g\u00fczel tasarlanm\u0131\u015f pileli bir etek i\u00e7erir ve farkl\u0131 durumlar i\u00e7in birden fazla stil se\u00e7ene\u011fi sunar. Yumu\u015fak ve nefes alabilen kuma\u015ftan \u00fcretilen bu set, g\u00fcn boyu konfor sa\u011flarken, gen\u00e7 k\u0131z\u0131n\u0131z\u0131n okulda, aile toplant\u0131lar\u0131nda veya g\u00fcndelik gezilerde \u015f\u0131k ve kendine g\u00fcvenli g\u00f6r\u00fcnmesini sa\u011flar.<\/p>\n<p data-start=\"494\" data-end=\"876\" data-is-last-node=\"\" data-is-only-node=\"\">Hem konfor hem de \u015f\u0131kl\u0131k d\u00fc\u015f\u00fcn\u00fclerek tasarlanan bu \u00fc\u00e7 par\u00e7al\u0131 tak\u0131m, de\u011fi\u015fen hava ko\u015fullar\u0131na g\u00f6re kolayca katmanlama imkan\u0131 sunarak ilkbahar ve yaz aylar\u0131 i\u00e7in ideal bir se\u00e7imdir. Modern tasar\u0131m\u0131 ve \u00f6zenli detaylar\u0131, sevimli ve \u015f\u0131k aras\u0131nda dengeli bir g\u00f6r\u00fcn\u00fcm yaratarak, g\u00fcn boyu rahat kal\u0131rken tarzlar\u0131n\u0131 ifade etmeyi seven gen\u00e7 k\u0131zlar i\u00e7in m\u00fckemmel bir hediye se\u00e7ene\u011fi haline getiriyor.<\/p>","protected":false},"excerpt":{"rendered":"<p>This is a stylish and versatile outfit perfect for the early spring school season. This charming set includes a long sleeve sweatshirt shawl, a trendy letter print camisole, and a beautifully designed pleated skirt, offering multiple styling options for different occasions. Made with soft and breathable fabric, it ensures all-day comfort while keeping your tween [&hellip;]<\/p>","protected":false},"featured_media":34006,"comment_status":"open","ping_status":"closed","template":"","meta":{"_monsterinsights_skip_tracking":false,"_monsterinsights_sitenote_active":false,"_monsterinsights_sitenote_note":"","_monsterinsights_sitenote_category":0},"product_brand":[],"product_cat":[113],"product_tag":[],"class_list":{"0":"post-34005","1":"product","2":"type-product","3":"status-publish","4":"has-post-thumbnail","6":"product_cat-kids-clothing","8":"first","9":"instock","10":"shipping-taxable","11":"purchasable","12":"product-type-simple"},"aioseo_notices":[],"_links":{"self":[{"href":"https:\/\/xn--kbrsglobalstore-7kcc.com\/tr\/wp-json\/wp\/v2\/product\/34005","targetHints":{"allow":["GET"]}}],"collection":[{"href":"https:\/\/xn--kbrsglobalstore-7kcc.com\/tr\/wp-json\/wp\/v2\/product"}],"about":[{"href":"https:\/\/xn--kbrsglobalstore-7kcc.com\/tr\/wp-json\/wp\/v2\/types\/product"}],"replies":[{"embeddable":true,"href":"https:\/\/xn--kbrsglobalstore-7kcc.com\/tr\/wp-json\/wp\/v2\/comments?post=34005"}],"wp:featuredmedia":[{"embeddable":true,"href":"https:\/\/xn--kbrsglobalstore-7kcc.com\/tr\/wp-json\/wp\/v2\/media\/34006"}],"wp:attachment":[{"href":"https:\/\/xn--kbrsglobalstore-7kcc.com\/tr\/wp-json\/wp\/v2\/media?parent=34005"}],"wp:term":[{"taxonomy":"product_brand","embeddable":true,"href":"https:\/\/xn--kbrsglobalstore-7kcc.com\/tr\/wp-json\/wp\/v2\/product_brand?post=34005"},{"taxonomy":"product_cat","embeddable":true,"href":"https:\/\/xn--kbrsglobalstore-7kcc.com\/tr\/wp-json\/wp\/v2\/product_cat?post=34005"},{"taxonomy":"product_tag","embeddable":true,"href":"https:\/\/xn--kbrsglobalstore-7kcc.com\/tr\/wp-json\/wp\/v2\/product_tag?post=34005"}],"curies":[{"name":"wp","href":"https:\/\/api.w.org\/{rel}","templated":true}]}}