{"id":33997,"date":"2025-12-28T19:30:11","date_gmt":"2025-12-28T19:30:11","guid":{"rendered":"https:\/\/xn--kbrsglobalstore-7kcc.com\/?post_type=product&#038;p=33997"},"modified":"2025-12-28T19:30:11","modified_gmt":"2025-12-28T19:30:11","slug":"shein-tween-boy-colorblock-slogan-graphic-tee-shorts-without-necklace-school-campus-college","status":"publish","type":"product","link":"https:\/\/xn--kbrsglobalstore-7kcc.com\/tr\/urun\/shein-tween-boy-colorblock-slogan-graphic-tee-shorts-without-necklace-school-campus-college\/","title":{"rendered":"SHEIN Gen\u00e7 Erkek \u00c7ocuk Renk Bloklu Sloganl\u0131 Grafik Ti\u015f\u00f6rt ve \u015eort (Kolye Dahil De\u011fil), Okul, Kamp\u00fcs, \u00dcniversite"},"content":{"rendered":"<p data-start=\"0\" data-end=\"454\">Bu, okul, kamp\u00fcs hayat\u0131 ve g\u00fcndelik \u00fcniversite tarz\u0131 giyim i\u00e7in tasarlanm\u0131\u015f, \u015f\u0131k ve rahat bir k\u0131yafet setidir. \u015e\u0131k bir slogan grafi\u011fiyle cesur bir renk bloklu tasar\u0131ma sahip olan bu set, dikkat \u00e7ekici ve modern bir g\u00f6r\u00fcn\u00fcm sunarken ayn\u0131 zamanda giymesi de kolayd\u0131r. Yumu\u015fak ve nefes alabilen kuma\u015ftan \u00fcretilen ti\u015f\u00f6rt, gen\u00e7 k\u0131z\u0131n\u0131z\u0131 yo\u011fun okul g\u00fcnlerinde veya rahat gezilerde serin ve rahat tutar.<\/p>\n<p data-start=\"456\" data-end=\"770\" data-is-last-node=\"\" data-is-only-node=\"\">Uyumlu \u015fortlar, rahat hareket imkan\u0131 sa\u011flayan gev\u015fek bir kesime sahip olup, kamp\u00fcste dola\u015fmak, arkada\u015flarla oynamak veya hafta sonu aktivitelerinin tad\u0131n\u0131 \u00e7\u0131karmak i\u00e7in m\u00fckemmeldir. Bu \u00e7ok y\u00f6nl\u00fc iki par\u00e7al\u0131 set, moday\u0131 ve i\u015flevselli\u011fi zahmetsizce birle\u015ftirerek, gen\u00e7 k\u0131z\u0131n\u0131za gitti\u011fi her yerde kendinden emin ve sportif bir g\u00f6r\u00fcn\u00fcm kazand\u0131r\u0131r.<\/p>","protected":false},"excerpt":{"rendered":"<p>This is a trendy and comfortable outfit designed for school, campus life, and casual college-style wear. Featuring a bold colorblock design with a stylish slogan graphic, this set brings a fresh and modern look that stands out while remaining easy to wear. Crafted from soft, breathable fabric, the T-shirt keeps your tween cool and comfortable [&hellip;]<\/p>","protected":false},"featured_media":33999,"comment_status":"open","ping_status":"closed","template":"","meta":{"_monsterinsights_skip_tracking":false,"_monsterinsights_sitenote_active":false,"_monsterinsights_sitenote_note":"","_monsterinsights_sitenote_category":0},"product_brand":[],"product_cat":[113],"product_tag":[],"class_list":{"0":"post-33997","1":"product","2":"type-product","3":"status-publish","4":"has-post-thumbnail","6":"product_cat-kids-clothing","8":"first","9":"instock","10":"shipping-taxable","11":"purchasable","12":"product-type-simple"},"aioseo_notices":[],"_links":{"self":[{"href":"https:\/\/xn--kbrsglobalstore-7kcc.com\/tr\/wp-json\/wp\/v2\/product\/33997","targetHints":{"allow":["GET"]}}],"collection":[{"href":"https:\/\/xn--kbrsglobalstore-7kcc.com\/tr\/wp-json\/wp\/v2\/product"}],"about":[{"href":"https:\/\/xn--kbrsglobalstore-7kcc.com\/tr\/wp-json\/wp\/v2\/types\/product"}],"replies":[{"embeddable":true,"href":"https:\/\/xn--kbrsglobalstore-7kcc.com\/tr\/wp-json\/wp\/v2\/comments?post=33997"}],"wp:featuredmedia":[{"embeddable":true,"href":"https:\/\/xn--kbrsglobalstore-7kcc.com\/tr\/wp-json\/wp\/v2\/media\/33999"}],"wp:attachment":[{"href":"https:\/\/xn--kbrsglobalstore-7kcc.com\/tr\/wp-json\/wp\/v2\/media?parent=33997"}],"wp:term":[{"taxonomy":"product_brand","embeddable":true,"href":"https:\/\/xn--kbrsglobalstore-7kcc.com\/tr\/wp-json\/wp\/v2\/product_brand?post=33997"},{"taxonomy":"product_cat","embeddable":true,"href":"https:\/\/xn--kbrsglobalstore-7kcc.com\/tr\/wp-json\/wp\/v2\/product_cat?post=33997"},{"taxonomy":"product_tag","embeddable":true,"href":"https:\/\/xn--kbrsglobalstore-7kcc.com\/tr\/wp-json\/wp\/v2\/product_tag?post=33997"}],"curies":[{"name":"wp","href":"https:\/\/api.w.org\/{rel}","templated":true}]}}