{"id":33992,"date":"2025-12-28T19:25:43","date_gmt":"2025-12-28T19:25:43","guid":{"rendered":"https:\/\/xn--kbrsglobalstore-7kcc.com\/?post_type=product&#038;p=33992"},"modified":"2025-12-28T19:25:44","modified_gmt":"2025-12-28T19:25:44","slug":"shein-tween-boy-headphone-print-tee-drawstring-waist-pants","status":"publish","type":"product","link":"https:\/\/xn--kbrsglobalstore-7kcc.com\/tr\/urun\/shein-tween-boy-headphone-print-tee-drawstring-waist-pants\/","title":{"rendered":"SHEIN Gen\u00e7 Erkek \u00c7ocuk Kulakl\u0131k Bask\u0131l\u0131 Ti\u015f\u00f6rt ve B\u00fczg\u00fcl\u00fc Bel Pantolon"},"content":{"rendered":"<p data-start=\"0\" data-end=\"415\">Bu, g\u00fcnl\u00fck rahatl\u0131k ve aktif giyim i\u00e7in tasarlanm\u0131\u015f e\u011flenceli ve \u015f\u0131k bir k\u0131yafet setidir. Ti\u015f\u00f6rt \u00fczerindeki haval\u0131 kulakl\u0131k grafi\u011fiyle bu set, gen\u00e7 erkek \u00e7ocuklar\u0131n sevece\u011fi trend bir dokunu\u015f kat\u0131yor. Yumu\u015fak, nefes alabilen kuma\u015ftan \u00fcretilen ti\u015f\u00f6rt, \u00e7ocu\u011funuzun okulda, oyun zaman\u0131nda veya g\u00fcndelik gezilerde g\u00fcn boyu ferah ve rahat hissetmesini sa\u011flar.<\/p>\n<p data-start=\"417\" data-end=\"762\" data-is-last-node=\"\" data-is-only-node=\"\">Belden b\u00fczg\u00fcl\u00fc, rahat kesimli pantolon, ayarlanabilir konforuyla kolay hareket imkan\u0131 ve g\u00fcvenli bir his sunar. Bu iki par\u00e7al\u0131 set, seyahat, evde dinlenme veya a\u00e7\u0131k hava aktiviteleri i\u00e7in m\u00fckemmeldir ve hem \u015f\u0131kl\u0131k hem de pratiklik sunar. Modern tasar\u0131m\u0131 ve rahat kesimiyle bu k\u0131yafet, her gen\u00e7 erkek \u00e7ocu\u011funun g\u00fcnl\u00fck gard\u0131robunda olmazsa olmaz bir par\u00e7ad\u0131r.<\/p>","protected":false},"excerpt":{"rendered":"<p>This is a fun and stylish outfit designed for everyday comfort and active wear. Featuring a cool headphone graphic on the tee, this set adds a trendy touch that young boys will love. Made from soft, breathable fabric, the T-shirt keeps your child feeling fresh and comfortable throughout the day, whether at school, playtime, or [&hellip;]<\/p>","protected":false},"featured_media":33993,"comment_status":"open","ping_status":"closed","template":"","meta":{"_monsterinsights_skip_tracking":false,"_monsterinsights_sitenote_active":false,"_monsterinsights_sitenote_note":"","_monsterinsights_sitenote_category":0},"product_brand":[],"product_cat":[113],"product_tag":[],"class_list":{"0":"post-33992","1":"product","2":"type-product","3":"status-publish","4":"has-post-thumbnail","6":"product_cat-kids-clothing","8":"first","9":"instock","10":"shipping-taxable","11":"purchasable","12":"product-type-simple"},"aioseo_notices":[],"_links":{"self":[{"href":"https:\/\/xn--kbrsglobalstore-7kcc.com\/tr\/wp-json\/wp\/v2\/product\/33992","targetHints":{"allow":["GET"]}}],"collection":[{"href":"https:\/\/xn--kbrsglobalstore-7kcc.com\/tr\/wp-json\/wp\/v2\/product"}],"about":[{"href":"https:\/\/xn--kbrsglobalstore-7kcc.com\/tr\/wp-json\/wp\/v2\/types\/product"}],"replies":[{"embeddable":true,"href":"https:\/\/xn--kbrsglobalstore-7kcc.com\/tr\/wp-json\/wp\/v2\/comments?post=33992"}],"wp:featuredmedia":[{"embeddable":true,"href":"https:\/\/xn--kbrsglobalstore-7kcc.com\/tr\/wp-json\/wp\/v2\/media\/33993"}],"wp:attachment":[{"href":"https:\/\/xn--kbrsglobalstore-7kcc.com\/tr\/wp-json\/wp\/v2\/media?parent=33992"}],"wp:term":[{"taxonomy":"product_brand","embeddable":true,"href":"https:\/\/xn--kbrsglobalstore-7kcc.com\/tr\/wp-json\/wp\/v2\/product_brand?post=33992"},{"taxonomy":"product_cat","embeddable":true,"href":"https:\/\/xn--kbrsglobalstore-7kcc.com\/tr\/wp-json\/wp\/v2\/product_cat?post=33992"},{"taxonomy":"product_tag","embeddable":true,"href":"https:\/\/xn--kbrsglobalstore-7kcc.com\/tr\/wp-json\/wp\/v2\/product_tag?post=33992"}],"curies":[{"name":"wp","href":"https:\/\/api.w.org\/{rel}","templated":true}]}}