{"id":33986,"date":"2025-12-28T19:20:29","date_gmt":"2025-12-28T19:20:29","guid":{"rendered":"https:\/\/xn--kbrsglobalstore-7kcc.com\/?post_type=product&#038;p=33986"},"modified":"2025-12-28T19:20:29","modified_gmt":"2025-12-28T19:20:29","slug":"2pcs-set-tween-boy-casual-fashion-solid-color-patchwork-mock-2-in-1-short-sleeve-t-shirt-shorts-with-sling-bag-spring-summer","status":"publish","type":"product","link":"https:\/\/xn--kbrsglobalstore-7kcc.com\/tr\/urun\/2pcs-set-tween-boy-casual-fashion-solid-color-patchwork-mock-2-in-1-short-sleeve-t-shirt-shorts-with-sling-bag-spring-summer\/","title":{"rendered":"2 Par\u00e7a\/Set, Gen\u00e7 Erkek \u00c7ocuklar \u0130\u00e7in G\u00fcnl\u00fck Moda D\u00fcz Renk Yama Desenli 2'si 1 Arada K\u0131sa Kollu Ti\u015f\u00f6rt ve \u015eort Tak\u0131m\u0131, Omuz \u00c7antas\u0131yla Birlikte, \u0130lkbahar\/Yaz"},"content":{"rendered":"<div class=\"flex flex-col text-sm pb-25\">\n<article class=\"text-token-text-primary w-full focus:outline-none [--shadow-height:45px] has-data-writing-block:pointer-events-none has-data-writing-block:-mt-(--shadow-height) has-data-writing-block:pt-(--shadow-height) [&amp;:has([data-writing-block])&gt;*]:pointer-events-auto scroll-mt-[calc(var(--header-height)+min(200px,max(70px,20svh)))]\" dir=\"auto\" tabindex=\"-1\" data-turn-id=\"request-69513707-b390-8320-89be-6f4ffd92e3dc-34\" data-testid=\"conversation-turn-30\" data-scroll-anchor=\"true\" data-turn=\"assistant\">\n<div class=\"text-base my-auto mx-auto pb-10 [--thread-content-margin:--spacing(4)] @w-sm\/main:[--thread-content-margin:--spacing(6)] @w-lg\/main:[--thread-content-margin:--spacing(16)] px-(--thread-content-margin)\">\n<div class=\"[--thread-content-max-width:40rem] @w-lg\/main:[--thread-content-max-width:48rem] mx-auto max-w-(--thread-content-max-width) flex-1 group\/turn-messages focus-visible:outline-hidden relative flex w-full min-w-0 flex-col agent-turn\" tabindex=\"-1\">\n<div class=\"flex max-w-full flex-col grow\">\n<div class=\"min-h-8 text-message relative flex w-full flex-col items-end gap-2 text-start break-words whitespace-normal [.text-message+&amp;]:mt-1\" dir=\"auto\" data-message-author-role=\"assistant\" data-message-id=\"4a5eb14f-d353-4e37-abf8-d5c21b7133b1\" data-message-model-slug=\"gpt-5-2\">\n<div class=\"flex w-full flex-col gap-1 empty:hidden first:pt-[1px]\">\n<div class=\"markdown prose dark:prose-invert w-full break-words dark markdown-new-styling\">\n<p data-start=\"56\" data-end=\"557\">Bu, ilkbahar ve yaz mevsiminde aktif erkek \u00e7ocuklar i\u00e7in tasarlanm\u0131\u015f \u015f\u0131k ve kullan\u0131\u015fl\u0131 bir k\u0131yafet setidir. Bu trend set, benzersiz bir 2'si 1 arada patchwork ti\u015f\u00f6rt\u00fc, rahat uyumlu \u015fortla birle\u015ftirerek tek par\u00e7ada haval\u0131 bir katmanl\u0131 g\u00f6r\u00fcn\u00fcm yarat\u0131yor. Dahil edilen omuz \u00e7antas\u0131, hareket halindeyken k\u00fc\u00e7\u00fck e\u015fyalar\u0131 ta\u015f\u0131mak i\u00e7in hem \u015f\u0131kl\u0131k hem de i\u015flevsellik katarak k\u0131yafeti tamaml\u0131yor.<\/p>\n<p data-start=\"559\" data-end=\"970\" data-is-last-node=\"\" data-is-only-node=\"\">Yumu\u015fak, nefes alabilen ve cilt dostu kuma\u015ftan \u00fcretilen bu set, \u00e7ocu\u011funuzun okulda, a\u00e7\u0131k hava oyunlar\u0131nda, aile gezilerinde veya hafta sonu maceralar\u0131nda g\u00fcn boyu rahat etmesini sa\u011flar. Hafif tasar\u0131m\u0131, kolay hareket ve esneklik sa\u011flayarak s\u0131cak havalarda giymek i\u00e7in m\u00fckemmeldir. Modern tarz\u0131 ve g\u00fcnl\u00fck rahatl\u0131\u011f\u0131yla bu set, aktif kal\u0131rken \u015f\u0131k g\u00f6r\u00fcnmeyi seven erkek \u00e7ocuklar i\u00e7in ideal bir se\u00e7imdir.<\/p>\n<\/div>\n<\/div>\n<\/div>\n<\/div>\n<div class=\"z-0 flex min-h-[46px] justify-start\"><\/div>\n<div class=\"mt-3 w-full empty:hidden\">\n<div class=\"text-center\"><\/div>\n<\/div>\n<\/div>\n<\/div>\n<\/article>\n<\/div>\n<div class=\"pointer-events-none h-px w-px absolute bottom-0\" aria-hidden=\"true\" data-edge=\"true\"><\/div>","protected":false},"excerpt":{"rendered":"<p>This is a stylish and practical outfit designed for active boys during the spring and summer season. This trendy set features a unique mock 2-in-1 patchwork T-shirt paired with comfortable matching shorts, creating a cool layered look in a single piece. The included sling bag completes the outfit, adding both fashion and functionality for carrying [&hellip;]<\/p>","protected":false},"featured_media":33987,"comment_status":"open","ping_status":"closed","template":"","meta":{"_monsterinsights_skip_tracking":false,"_monsterinsights_sitenote_active":false,"_monsterinsights_sitenote_note":"","_monsterinsights_sitenote_category":0},"product_brand":[],"product_cat":[113],"product_tag":[],"class_list":{"0":"post-33986","1":"product","2":"type-product","3":"status-publish","4":"has-post-thumbnail","6":"product_cat-kids-clothing","8":"first","9":"instock","10":"shipping-taxable","11":"purchasable","12":"product-type-simple"},"aioseo_notices":[],"_links":{"self":[{"href":"https:\/\/xn--kbrsglobalstore-7kcc.com\/tr\/wp-json\/wp\/v2\/product\/33986","targetHints":{"allow":["GET"]}}],"collection":[{"href":"https:\/\/xn--kbrsglobalstore-7kcc.com\/tr\/wp-json\/wp\/v2\/product"}],"about":[{"href":"https:\/\/xn--kbrsglobalstore-7kcc.com\/tr\/wp-json\/wp\/v2\/types\/product"}],"replies":[{"embeddable":true,"href":"https:\/\/xn--kbrsglobalstore-7kcc.com\/tr\/wp-json\/wp\/v2\/comments?post=33986"}],"wp:featuredmedia":[{"embeddable":true,"href":"https:\/\/xn--kbrsglobalstore-7kcc.com\/tr\/wp-json\/wp\/v2\/media\/33987"}],"wp:attachment":[{"href":"https:\/\/xn--kbrsglobalstore-7kcc.com\/tr\/wp-json\/wp\/v2\/media?parent=33986"}],"wp:term":[{"taxonomy":"product_brand","embeddable":true,"href":"https:\/\/xn--kbrsglobalstore-7kcc.com\/tr\/wp-json\/wp\/v2\/product_brand?post=33986"},{"taxonomy":"product_cat","embeddable":true,"href":"https:\/\/xn--kbrsglobalstore-7kcc.com\/tr\/wp-json\/wp\/v2\/product_cat?post=33986"},{"taxonomy":"product_tag","embeddable":true,"href":"https:\/\/xn--kbrsglobalstore-7kcc.com\/tr\/wp-json\/wp\/v2\/product_tag?post=33986"}],"curies":[{"name":"wp","href":"https:\/\/api.w.org\/{rel}","templated":true}]}}