{"id":33979,"date":"2025-12-28T19:00:37","date_gmt":"2025-12-28T19:00:37","guid":{"rendered":"https:\/\/xn--kbrsglobalstore-7kcc.com\/?post_type=product&#038;p=33979"},"modified":"2025-12-28T19:00:38","modified_gmt":"2025-12-28T19:00:38","slug":"shein-tween-girls-cherry-bow-cute-pattern-hoodie-co-ord-set-plaid-red-pleated-mini-skirt","status":"publish","type":"product","link":"https:\/\/xn--kbrsglobalstore-7kcc.com\/tr\/urun\/shein-tween-girls-cherry-bow-cute-pattern-hoodie-co-ord-set-plaid-red-pleated-mini-skirt\/","title":{"rendered":"SHEIN Gen\u00e7 K\u0131zlar \u0130\u00e7in Kiraz Kurdeleli Sevimli Desenli Kap\u00fc\u015fonlu Sweatshirt Tak\u0131m\u0131, Ekose K\u0131rm\u0131z\u0131 Pileli Mini Etek"},"content":{"rendered":"<p data-start=\"56\" data-end=\"572\">Bu, gen\u00e7 k\u0131z\u0131n\u0131z\u0131n gard\u0131robuna \u00e7ekicilik ve \u00f6zg\u00fcven katmak i\u00e7in tasarlanm\u0131\u015f, sevimli ve modaya uygun bir k\u0131yafet. Bu \u015f\u0131k tak\u0131m, tatl\u0131 kiraz ve fiyonk desenleriyle s\u00fcslenmi\u015f rahat bir kap\u00fc\u015fonlu sweatshirt ile, oyunbaz ve trend bir dokunu\u015f katan canl\u0131 k\u0131rm\u0131z\u0131 ekose pileli mini etekten olu\u015fuyor. Yumu\u015fak dokular\u0131n ve g\u00f6z al\u0131c\u0131 tasar\u0131m\u0131n birle\u015fimi, bu k\u0131yafeti sevimli ama modern ve dikkat \u00e7ekici bir g\u00f6r\u00fcn\u00fcm yaratmak i\u00e7in m\u00fckemmel k\u0131l\u0131yor.<\/p>\n<p data-start=\"574\" data-end=\"958\" data-is-last-node=\"\" data-is-only-node=\"\">Nefes alabilen, cilt dostu ve rahat kuma\u015ftan \u00fcretilen bu tak\u0131m, okul, g\u00fcnl\u00fck geziler, partiler ve mevsimlik etkinlikler i\u00e7in kolay hareket ve t\u00fcm g\u00fcn konfor sa\u011flar. Rahat kesimi ve b\u00fcy\u00fcleyici detaylar\u0131, g\u00fcnl\u00fck giyim, okula d\u00f6n\u00fc\u015f stili ve \u00f6zel g\u00fcnler i\u00e7in ideal olup, b\u00fcy\u00fcyen k\u0131z \u00e7ocuklar\u0131 i\u00e7in konfor, \u015firinlik ve modaya uygun g\u00f6r\u00fcn\u00fcm\u00fcn m\u00fckemmel bir dengesini sunar.<\/p>","protected":false},"excerpt":{"rendered":"<p>This is an adorable and fashion-forward outfit designed to bring charm and confidence to your tween\u2019s wardrobe. This stylish set features a cozy hoodie decorated with sweet cherry and bow patterns, paired with a vibrant red plaid pleated mini skirt that adds a playful, trendy touch. The combination of soft textures and eye-catching design makes [&hellip;]<\/p>","protected":false},"featured_media":33980,"comment_status":"open","ping_status":"closed","template":"","meta":{"_monsterinsights_skip_tracking":false,"_monsterinsights_sitenote_active":false,"_monsterinsights_sitenote_note":"","_monsterinsights_sitenote_category":0},"product_brand":[],"product_cat":[113],"product_tag":[],"class_list":{"0":"post-33979","1":"product","2":"type-product","3":"status-publish","4":"has-post-thumbnail","6":"product_cat-kids-clothing","8":"first","9":"instock","10":"shipping-taxable","11":"purchasable","12":"product-type-simple"},"aioseo_notices":[],"_links":{"self":[{"href":"https:\/\/xn--kbrsglobalstore-7kcc.com\/tr\/wp-json\/wp\/v2\/product\/33979","targetHints":{"allow":["GET"]}}],"collection":[{"href":"https:\/\/xn--kbrsglobalstore-7kcc.com\/tr\/wp-json\/wp\/v2\/product"}],"about":[{"href":"https:\/\/xn--kbrsglobalstore-7kcc.com\/tr\/wp-json\/wp\/v2\/types\/product"}],"replies":[{"embeddable":true,"href":"https:\/\/xn--kbrsglobalstore-7kcc.com\/tr\/wp-json\/wp\/v2\/comments?post=33979"}],"wp:featuredmedia":[{"embeddable":true,"href":"https:\/\/xn--kbrsglobalstore-7kcc.com\/tr\/wp-json\/wp\/v2\/media\/33980"}],"wp:attachment":[{"href":"https:\/\/xn--kbrsglobalstore-7kcc.com\/tr\/wp-json\/wp\/v2\/media?parent=33979"}],"wp:term":[{"taxonomy":"product_brand","embeddable":true,"href":"https:\/\/xn--kbrsglobalstore-7kcc.com\/tr\/wp-json\/wp\/v2\/product_brand?post=33979"},{"taxonomy":"product_cat","embeddable":true,"href":"https:\/\/xn--kbrsglobalstore-7kcc.com\/tr\/wp-json\/wp\/v2\/product_cat?post=33979"},{"taxonomy":"product_tag","embeddable":true,"href":"https:\/\/xn--kbrsglobalstore-7kcc.com\/tr\/wp-json\/wp\/v2\/product_tag?post=33979"}],"curies":[{"name":"wp","href":"https:\/\/api.w.org\/{rel}","templated":true}]}}