{"id":33966,"date":"2025-12-28T18:52:40","date_gmt":"2025-12-28T18:52:40","guid":{"rendered":"https:\/\/xn--kbrsglobalstore-7kcc.com\/?post_type=product&#038;p=33966"},"modified":"2025-12-28T18:52:41","modified_gmt":"2025-12-28T18:52:41","slug":"girls-2-pieces-set-white-long-sleeve-sweatshirt-with-bow-decor-on-chest-black-tulle-skirt-ribbon-cuff-decoration-cute-princess-style-suitable-for-daily-wear-back-to-school","status":"publish","type":"product","link":"https:\/\/xn--kbrsglobalstore-7kcc.com\/tr\/urun\/girls-2-pieces-set-white-long-sleeve-sweatshirt-with-bow-decor-on-chest-black-tulle-skirt-ribbon-cuff-decoration-cute-princess-style-suitable-for-daily-wear-back-to-school\/","title":{"rendered":"K\u0131z \u00c7ocuklar\u0131 \u0130\u00e7in 2 Par\u00e7al\u0131 Set: Beyaz Uzun Kollu Sweatshirt (G\u00f6\u011fs\u00fcnde Fiyonk S\u00fcslemeli) + Siyah T\u00fcl Etek, Kurdele Man\u015fet S\u00fcslemeli, Sevimli Prenses Tarz\u0131, G\u00fcnl\u00fck Kullan\u0131ma ve Okula D\u00f6n\u00fc\u015fe Uygun"},"content":{"rendered":"<p>Bu, her k\u00fc\u00e7\u00fck k\u0131z\u0131n sevece\u011fi sevimli prenses tarz\u0131nda tasarlanm\u0131\u015f, b\u00fcy\u00fcleyici ve zarif bir k\u0131yafet. Bu g\u00fczel set, sevimli bir fiyonk ve kurdele man\u015fet s\u00fcslemeli yumu\u015fak, rahat bir sweatshirt ile masals\u0131 bir hava katan u\u00e7u\u015fan siyah t\u00fcl ete\u011fi bir araya getiriyor. Rahat, nefes alabilen ve cilt dostu kuma\u015ftan \u00fcretilen bu k\u0131yafet, g\u00fcn boyu konfor ve kolay hareket imkan\u0131 sunarak g\u00fcnl\u00fck kullan\u0131m, okul, okul ba\u015flang\u0131c\u0131, partiler ve \u00f6zel g\u00fcnler i\u00e7in m\u00fckemmeldir. Bu k\u0131yafet, tatl\u0131l\u0131\u011f\u0131, stili ve kullan\u0131\u015fl\u0131l\u0131\u011f\u0131 bir araya getirerek her gen\u00e7 k\u0131z\u0131n gard\u0131robuna ho\u015f bir katk\u0131 sa\u011fl\u0131yor.<\/p>","protected":false},"excerpt":{"rendered":"<p>This is a charming and elegant outfit designed in a cute princess style that every little girl will love. This beautiful set combines a soft, cozy sweatshirt detailed with an adorable bow and ribbon cuff decoration, paired with a flowy black tulle skirt that adds a touch of fairy-tale charm. Made from comfortable, breathable, and [&hellip;]<\/p>","protected":false},"featured_media":33967,"comment_status":"open","ping_status":"closed","template":"","meta":{"_monsterinsights_skip_tracking":false,"_monsterinsights_sitenote_active":false,"_monsterinsights_sitenote_note":"","_monsterinsights_sitenote_category":0},"product_brand":[],"product_cat":[113],"product_tag":[],"class_list":{"0":"post-33966","1":"product","2":"type-product","3":"status-publish","4":"has-post-thumbnail","6":"product_cat-kids-clothing","8":"first","9":"instock","10":"shipping-taxable","11":"purchasable","12":"product-type-simple"},"aioseo_notices":[],"_links":{"self":[{"href":"https:\/\/xn--kbrsglobalstore-7kcc.com\/tr\/wp-json\/wp\/v2\/product\/33966","targetHints":{"allow":["GET"]}}],"collection":[{"href":"https:\/\/xn--kbrsglobalstore-7kcc.com\/tr\/wp-json\/wp\/v2\/product"}],"about":[{"href":"https:\/\/xn--kbrsglobalstore-7kcc.com\/tr\/wp-json\/wp\/v2\/types\/product"}],"replies":[{"embeddable":true,"href":"https:\/\/xn--kbrsglobalstore-7kcc.com\/tr\/wp-json\/wp\/v2\/comments?post=33966"}],"wp:featuredmedia":[{"embeddable":true,"href":"https:\/\/xn--kbrsglobalstore-7kcc.com\/tr\/wp-json\/wp\/v2\/media\/33967"}],"wp:attachment":[{"href":"https:\/\/xn--kbrsglobalstore-7kcc.com\/tr\/wp-json\/wp\/v2\/media?parent=33966"}],"wp:term":[{"taxonomy":"product_brand","embeddable":true,"href":"https:\/\/xn--kbrsglobalstore-7kcc.com\/tr\/wp-json\/wp\/v2\/product_brand?post=33966"},{"taxonomy":"product_cat","embeddable":true,"href":"https:\/\/xn--kbrsglobalstore-7kcc.com\/tr\/wp-json\/wp\/v2\/product_cat?post=33966"},{"taxonomy":"product_tag","embeddable":true,"href":"https:\/\/xn--kbrsglobalstore-7kcc.com\/tr\/wp-json\/wp\/v2\/product_tag?post=33966"}],"curies":[{"name":"wp","href":"https:\/\/api.w.org\/{rel}","templated":true}]}}