{"id":33960,"date":"2025-12-28T18:48:47","date_gmt":"2025-12-28T18:48:47","guid":{"rendered":"https:\/\/xn--kbrsglobalstore-7kcc.com\/?post_type=product&#038;p=33960"},"modified":"2025-12-28T18:48:48","modified_gmt":"2025-12-28T18:48:48","slug":"shein-2pcs-girls-elegant-casual-outfit-black-vest-top-with-white-bow-accent-paired-with-white-suit-pants","status":"publish","type":"product","link":"https:\/\/xn--kbrsglobalstore-7kcc.com\/tr\/urun\/shein-2pcs-girls-elegant-casual-outfit-black-vest-top-with-white-bow-accent-paired-with-white-suit-pants\/","title":{"rendered":"SHEIN 2 Par\u00e7a K\u0131z \u00c7ocuk \u015e\u0131k G\u00fcnl\u00fck K\u0131yafet: Beyaz Fiyonk Detayl\u0131 Siyah Ask\u0131l\u0131 Bluz, Beyaz Tak\u0131m Pantolonu ile Kombinlenmi\u015ftir"},"content":{"rendered":"<p>Bu k\u0131yafet, zarafet ve g\u00fcnl\u00fck rahatl\u0131\u011f\u0131n g\u00fczel bir dengesini sunuyor. \u015e\u0131k iki par\u00e7al\u0131 bu tak\u0131m, b\u00fcy\u00fcleyici beyaz fiyonk detay\u0131yla vurgulanm\u0131\u015f zarif siyah bir atlet ve sofistike ama gen\u00e7 bir g\u00f6r\u00fcn\u00fcm i\u00e7in m\u00fckemmel bir \u015fekilde e\u015fle\u015ftirilmi\u015f beyaz tak\u0131m pantolonundan olu\u015fuyor. Yumu\u015fak, nefes alabilen ve cilt dostu kuma\u015ftan \u00fcretilen bu k\u0131yafet, g\u00fcn boyu rahatl\u0131k sa\u011flarken hareket \u00f6zg\u00fcrl\u00fc\u011f\u00fcn\u00fc de art\u0131r\u0131yor. Okul etkinlikleri, aile toplant\u0131lar\u0131, partiler, kutlamalar ve g\u00fcndelik geziler i\u00e7in ideal olan bu k\u0131yafet, modern bir \u00e7ekicilikle \u015f\u0131k bir g\u00f6r\u00fcn\u00fcm sunarak her gen\u00e7 k\u0131z\u0131n gard\u0131robunda mutlaka bulunmas\u0131 gereken bir par\u00e7a haline geliyor.<\/p>","protected":false},"excerpt":{"rendered":"<p>This outfit is a beautifully balanced blend of elegance and everyday comfort. This stylish two-piece set showcases a sleek black vest top highlighted with a charming white bow detail, perfectly matched with crisp white suit pants for a sophisticated yet youthful look. Crafted from soft, breathable, and skin-friendly fabric, it ensures all-day comfort while allowing [&hellip;]<\/p>","protected":false},"featured_media":33961,"comment_status":"open","ping_status":"closed","template":"","meta":{"_monsterinsights_skip_tracking":false,"_monsterinsights_sitenote_active":false,"_monsterinsights_sitenote_note":"","_monsterinsights_sitenote_category":0},"product_brand":[],"product_cat":[113],"product_tag":[],"class_list":{"0":"post-33960","1":"product","2":"type-product","3":"status-publish","4":"has-post-thumbnail","6":"product_cat-kids-clothing","8":"first","9":"instock","10":"shipping-taxable","11":"purchasable","12":"product-type-simple"},"aioseo_notices":[],"_links":{"self":[{"href":"https:\/\/xn--kbrsglobalstore-7kcc.com\/tr\/wp-json\/wp\/v2\/product\/33960","targetHints":{"allow":["GET"]}}],"collection":[{"href":"https:\/\/xn--kbrsglobalstore-7kcc.com\/tr\/wp-json\/wp\/v2\/product"}],"about":[{"href":"https:\/\/xn--kbrsglobalstore-7kcc.com\/tr\/wp-json\/wp\/v2\/types\/product"}],"replies":[{"embeddable":true,"href":"https:\/\/xn--kbrsglobalstore-7kcc.com\/tr\/wp-json\/wp\/v2\/comments?post=33960"}],"wp:featuredmedia":[{"embeddable":true,"href":"https:\/\/xn--kbrsglobalstore-7kcc.com\/tr\/wp-json\/wp\/v2\/media\/33961"}],"wp:attachment":[{"href":"https:\/\/xn--kbrsglobalstore-7kcc.com\/tr\/wp-json\/wp\/v2\/media?parent=33960"}],"wp:term":[{"taxonomy":"product_brand","embeddable":true,"href":"https:\/\/xn--kbrsglobalstore-7kcc.com\/tr\/wp-json\/wp\/v2\/product_brand?post=33960"},{"taxonomy":"product_cat","embeddable":true,"href":"https:\/\/xn--kbrsglobalstore-7kcc.com\/tr\/wp-json\/wp\/v2\/product_cat?post=33960"},{"taxonomy":"product_tag","embeddable":true,"href":"https:\/\/xn--kbrsglobalstore-7kcc.com\/tr\/wp-json\/wp\/v2\/product_tag?post=33960"}],"curies":[{"name":"wp","href":"https:\/\/api.w.org\/{rel}","templated":true}]}}