{"id":33954,"date":"2025-12-28T18:40:58","date_gmt":"2025-12-28T18:40:58","guid":{"rendered":"https:\/\/xn--kbrsglobalstore-7kcc.com\/?post_type=product&#038;p=33954"},"modified":"2025-12-28T18:40:58","modified_gmt":"2025-12-28T18:40:58","slug":"shein-2pcs-set-tween-girl-urban-commute-blue-white-stripe-blazer-vest-pants","status":"publish","type":"product","link":"https:\/\/xn--kbrsglobalstore-7kcc.com\/tr\/urun\/shein-2pcs-set-tween-girl-urban-commute-blue-white-stripe-blazer-vest-pants\/","title":{"rendered":"SHEIN 2 Par\u00e7a Set: Gen\u00e7 K\u0131z \u015eehir \u0130\u00e7i Ula\u015f\u0131m Mavi Beyaz \u00c7izgili Blazer Yelek ve Pantolon"},"content":{"rendered":"<div class=\"flex max-w-full flex-col grow\">\n<div class=\"min-h-8 text-message relative flex w-full flex-col items-end gap-2 text-start break-words whitespace-normal [.text-message+&amp;]:mt-1\" dir=\"auto\" data-message-author-role=\"assistant\" data-message-id=\"56d8d92e-76c8-4d9c-986b-c696f146a3ed\" data-message-model-slug=\"gpt-5-2\">\n<div class=\"flex w-full flex-col gap-1 empty:hidden first:pt-[1px]\">\n<div class=\"markdown prose dark:prose-invert w-full break-words dark markdown-new-styling\">\n<p data-start=\"57\" data-end=\"780\" data-is-last-node=\"\" data-is-only-node=\"\">Bu, \u015f\u0131k ve modern bir g\u00f6r\u00fcn\u00fcm\u00fc seven gen\u00e7 k\u0131zlar i\u00e7in tasarlanm\u0131\u015f zarif ve sofistike bir k\u0131yafet. Bu \u015f\u0131k iki par\u00e7al\u0131 set, modaya uygun mavi ve beyaz \u00e7izgili bir blazer yelek ve ona uygun dikilmi\u015f pantolondan olu\u015farak, hem g\u00fcnl\u00fck hem de yar\u0131 resmi etkinlikler i\u00e7in m\u00fckemmel, ak\u0131ll\u0131 ve modaya uygun bir \u015fehirli tarz\u0131 yarat\u0131yor. Rahat, nefes alabilen ve cilt dostu kuma\u015ftan \u00fcretilen bu set, \u015f\u0131k ve yap\u0131land\u0131r\u0131lm\u0131\u015f bir g\u00f6r\u00fcn\u00fcm\u00fc korurken g\u00fcn boyu konfor sunuyor. Okul etkinlikleri, aile toplant\u0131lar\u0131, partiler ve \u00f6zel g\u00fcnler i\u00e7in ideal olan bu set, zarafeti gen\u00e7lik cazibesiyle birle\u015ftirerek, her gen\u00e7 k\u0131z\u0131n gard\u0131robuna dikkat \u00e7ekici bir katk\u0131 sa\u011fl\u0131yor.<\/p>\n<\/div>\n<\/div>\n<\/div>\n<\/div>\n<div class=\"z-0 flex min-h-[46px] justify-start\"><\/div>\n<div class=\"border-token-border-light my-2 flex gap-10 border-t pt-4\">\n<div class=\"flex items-center justify-center overflow-hidden h-12 w-12 rounded-lg\"><\/div>\n<\/div>","protected":false},"excerpt":{"rendered":"<p>This\u00a0 is a chic and sophisticated outfit designed for young girls who love a polished, modern look. This stylish two-piece set features a trendy blue and white striped blazer vest paired with matching tailored pants, creating a smart and fashionable urban commute style perfect for both casual and semi-formal occasions. Made from comfortable, breathable, and [&hellip;]<\/p>","protected":false},"featured_media":33955,"comment_status":"open","ping_status":"closed","template":"","meta":{"_monsterinsights_skip_tracking":false,"_monsterinsights_sitenote_active":false,"_monsterinsights_sitenote_note":"","_monsterinsights_sitenote_category":0},"product_brand":[],"product_cat":[113],"product_tag":[],"class_list":{"0":"post-33954","1":"product","2":"type-product","3":"status-publish","4":"has-post-thumbnail","6":"product_cat-kids-clothing","8":"first","9":"instock","10":"shipping-taxable","11":"purchasable","12":"product-type-simple"},"aioseo_notices":[],"_links":{"self":[{"href":"https:\/\/xn--kbrsglobalstore-7kcc.com\/tr\/wp-json\/wp\/v2\/product\/33954","targetHints":{"allow":["GET"]}}],"collection":[{"href":"https:\/\/xn--kbrsglobalstore-7kcc.com\/tr\/wp-json\/wp\/v2\/product"}],"about":[{"href":"https:\/\/xn--kbrsglobalstore-7kcc.com\/tr\/wp-json\/wp\/v2\/types\/product"}],"replies":[{"embeddable":true,"href":"https:\/\/xn--kbrsglobalstore-7kcc.com\/tr\/wp-json\/wp\/v2\/comments?post=33954"}],"wp:featuredmedia":[{"embeddable":true,"href":"https:\/\/xn--kbrsglobalstore-7kcc.com\/tr\/wp-json\/wp\/v2\/media\/33955"}],"wp:attachment":[{"href":"https:\/\/xn--kbrsglobalstore-7kcc.com\/tr\/wp-json\/wp\/v2\/media?parent=33954"}],"wp:term":[{"taxonomy":"product_brand","embeddable":true,"href":"https:\/\/xn--kbrsglobalstore-7kcc.com\/tr\/wp-json\/wp\/v2\/product_brand?post=33954"},{"taxonomy":"product_cat","embeddable":true,"href":"https:\/\/xn--kbrsglobalstore-7kcc.com\/tr\/wp-json\/wp\/v2\/product_cat?post=33954"},{"taxonomy":"product_tag","embeddable":true,"href":"https:\/\/xn--kbrsglobalstore-7kcc.com\/tr\/wp-json\/wp\/v2\/product_tag?post=33954"}],"curies":[{"name":"wp","href":"https:\/\/api.w.org\/{rel}","templated":true}]}}