{"id":33941,"date":"2025-12-28T18:33:40","date_gmt":"2025-12-28T18:33:40","guid":{"rendered":"https:\/\/xn--kbrsglobalstore-7kcc.com\/?post_type=product&#038;p=33941"},"modified":"2025-12-28T18:33:41","modified_gmt":"2025-12-28T18:33:41","slug":"shein-mirajuku-tween-boys-simple-printed-round-neck-short-sleeve-top-and-long-pants-2pcs-outfit","status":"publish","type":"product","link":"https:\/\/xn--kbrsglobalstore-7kcc.com\/tr\/urun\/shein-mirajuku-tween-boys-simple-printed-round-neck-short-sleeve-top-and-long-pants-2pcs-outfit\/","title":{"rendered":"SHEIN Mirajuku Gen\u00e7 Erkek \u00c7ocuklar \u0130\u00e7in Sade Bask\u0131l\u0131 Yuvarlak Yaka K\u0131sa Kollu \u00dcst ve Uzun Pantolon 2 Par\u00e7a Tak\u0131m"},"content":{"rendered":"<div class=\"flex flex-col text-sm pb-25\">\n<article class=\"text-token-text-primary w-full focus:outline-none [--shadow-height:45px] has-data-writing-block:pointer-events-none has-data-writing-block:-mt-(--shadow-height) has-data-writing-block:pt-(--shadow-height) [&amp;:has([data-writing-block])&gt;*]:pointer-events-auto scroll-mt-[calc(var(--header-height)+min(200px,max(70px,20svh)))]\" dir=\"auto\" tabindex=\"-1\" data-turn-id=\"request-69513707-b390-8320-89be-6f4ffd92e3dc-27\" data-testid=\"conversation-turn-16\" data-scroll-anchor=\"true\" data-turn=\"assistant\">\n<div class=\"text-base my-auto mx-auto pb-10 [--thread-content-margin:--spacing(4)] @w-sm\/main:[--thread-content-margin:--spacing(6)] @w-lg\/main:[--thread-content-margin:--spacing(16)] px-(--thread-content-margin)\">\n<div class=\"[--thread-content-max-width:40rem] @w-lg\/main:[--thread-content-max-width:48rem] mx-auto max-w-(--thread-content-max-width) flex-1 group\/turn-messages focus-visible:outline-hidden relative flex w-full min-w-0 flex-col agent-turn\" tabindex=\"-1\">\n<div class=\"flex max-w-full flex-col grow\">\n<div class=\"min-h-8 text-message relative flex w-full flex-col items-end gap-2 text-start break-words whitespace-normal [.text-message+&amp;]:mt-1\" dir=\"auto\" data-message-author-role=\"assistant\" data-message-id=\"1c650bbf-32e4-4ce0-aeff-511efb6800e5\" data-message-model-slug=\"gpt-5-2\">\n<div class=\"flex w-full flex-col gap-1 empty:hidden first:pt-[1px]\">\n<div class=\"markdown prose dark:prose-invert w-full break-words dark markdown-new-styling\">\n<p data-start=\"58\" data-end=\"746\" data-is-last-node=\"\" data-is-only-node=\"\">Bu k\u0131yafet, modern sokak giyim tarz\u0131yla g\u00fcnl\u00fck rahatl\u0131\u011f\u0131 sa\u011flamak \u00fczere tasarlanm\u0131\u015f, sade ve \u015f\u0131k bir tak\u0131md\u0131r. Yumu\u015fak, yuvarlak yakal\u0131, k\u0131sa kollu, sade bask\u0131l\u0131 bir \u00fcst ve rahat uzun pantolondan olu\u015fan bu tak\u0131m, aktif erkek \u00e7ocuklar i\u00e7in rahat ama \u015f\u0131k bir g\u00f6r\u00fcn\u00fcm sunar. Nefes alabilen, hafif ve cilt dostu kuma\u015ftan \u00fcretilen bu tak\u0131m, g\u00fcn boyu konfor ve kolay hareket imkan\u0131 sa\u011flayarak okul, g\u00fcnl\u00fck geziler, oyun zaman\u0131 ve hafta sonu giyimi i\u00e7in m\u00fckemmeldir. Bu \u00e7ok y\u00f6nl\u00fc iki par\u00e7al\u0131 tak\u0131m, pratikli\u011fi \u00e7a\u011fda\u015f stille birle\u015ftirerek, her ergen erkek \u00e7ocu\u011funun gard\u0131robuna olmazsa olmaz bir ektir.<\/p>\n<\/div>\n<\/div>\n<\/div>\n<\/div>\n<div class=\"z-0 flex min-h-[46px] justify-start\"><\/div>\n<div class=\"mt-3 w-full empty:hidden\">\n<div class=\"text-center\"><\/div>\n<\/div>\n<\/div>\n<\/div>\n<\/article>\n<\/div>\n<div class=\"pointer-events-none h-px w-px absolute bottom-0\" aria-hidden=\"true\" data-edge=\"true\"><\/div>","protected":false},"excerpt":{"rendered":"<p>This outfit is a clean and stylish set designed for everyday comfort with a modern streetwear touch. Featuring a soft round-neck short sleeve top with a simple printed design paired with comfortable long pants, this outfit offers a relaxed yet fashionable look for active boys. Made from breathable, lightweight, and skin-friendly fabric, it ensures all-day [&hellip;]<\/p>","protected":false},"featured_media":33942,"comment_status":"open","ping_status":"closed","template":"","meta":{"_monsterinsights_skip_tracking":false,"_monsterinsights_sitenote_active":false,"_monsterinsights_sitenote_note":"","_monsterinsights_sitenote_category":0},"product_brand":[],"product_cat":[113],"product_tag":[],"class_list":{"0":"post-33941","1":"product","2":"type-product","3":"status-publish","4":"has-post-thumbnail","6":"product_cat-kids-clothing","8":"first","9":"instock","10":"shipping-taxable","11":"purchasable","12":"product-type-simple"},"aioseo_notices":[],"_links":{"self":[{"href":"https:\/\/xn--kbrsglobalstore-7kcc.com\/tr\/wp-json\/wp\/v2\/product\/33941","targetHints":{"allow":["GET"]}}],"collection":[{"href":"https:\/\/xn--kbrsglobalstore-7kcc.com\/tr\/wp-json\/wp\/v2\/product"}],"about":[{"href":"https:\/\/xn--kbrsglobalstore-7kcc.com\/tr\/wp-json\/wp\/v2\/types\/product"}],"replies":[{"embeddable":true,"href":"https:\/\/xn--kbrsglobalstore-7kcc.com\/tr\/wp-json\/wp\/v2\/comments?post=33941"}],"wp:featuredmedia":[{"embeddable":true,"href":"https:\/\/xn--kbrsglobalstore-7kcc.com\/tr\/wp-json\/wp\/v2\/media\/33942"}],"wp:attachment":[{"href":"https:\/\/xn--kbrsglobalstore-7kcc.com\/tr\/wp-json\/wp\/v2\/media?parent=33941"}],"wp:term":[{"taxonomy":"product_brand","embeddable":true,"href":"https:\/\/xn--kbrsglobalstore-7kcc.com\/tr\/wp-json\/wp\/v2\/product_brand?post=33941"},{"taxonomy":"product_cat","embeddable":true,"href":"https:\/\/xn--kbrsglobalstore-7kcc.com\/tr\/wp-json\/wp\/v2\/product_cat?post=33941"},{"taxonomy":"product_tag","embeddable":true,"href":"https:\/\/xn--kbrsglobalstore-7kcc.com\/tr\/wp-json\/wp\/v2\/product_tag?post=33941"}],"curies":[{"name":"wp","href":"https:\/\/api.w.org\/{rel}","templated":true}]}}