{"id":33926,"date":"2025-12-28T18:23:35","date_gmt":"2025-12-28T18:23:35","guid":{"rendered":"https:\/\/xn--kbrsglobalstore-7kcc.com\/?post_type=product&#038;p=33926"},"modified":"2025-12-28T18:23:35","modified_gmt":"2025-12-28T18:23:35","slug":"3pcs-boys-summer-set-vest-letter-print-t-shirt-and-cargo-pants-suitable-for-birthday-party-banquet-wedding-christening-birthday-celebration-as-well-as-formal-occasions-like-halloween-christ","status":"publish","type":"product","link":"https:\/\/xn--kbrsglobalstore-7kcc.com\/tr\/urun\/3pcs-boys-summer-set-vest-letter-print-t-shirt-and-cargo-pants-suitable-for-birthday-party-banquet-wedding-christening-birthday-celebration-as-well-as-formal-occasions-like-halloween-christ\/","title":{"rendered":"3 Par\u00e7al\u0131 Erkek \u00c7ocuk Yaz Tak\u0131m\u0131: Yelek, Harf Bask\u0131l\u0131 Ti\u015f\u00f6rt ve Kargo Pantolon. Do\u011fum g\u00fcn\u00fc partisi, ziyafet, d\u00fc\u011f\u00fcn, vaftiz t\u00f6reni, kutlama gibi etkinliklerin yan\u0131 s\u0131ra Cad\u0131lar Bayram\u0131, Noel, \u015e\u00fckran G\u00fcn\u00fc gibi resmi etkinlikler i\u00e7in de uygundur."},"content":{"rendered":"<p>Bu \u015f\u0131k ve \u00e7ok y\u00f6nl\u00fc k\u0131yafet, hem \u00f6zel g\u00fcnler hem de g\u00fcnl\u00fck kutlamalar i\u00e7in tasarlanm\u0131\u015ft\u0131r. Bu modaya uygun \u00fc\u00e7 par\u00e7al\u0131 set, \u015f\u0131k bir yele\u011fi, trend bir harf bask\u0131l\u0131 ti\u015f\u00f6rt\u00fc ve rahat kargo pantolonu bir araya getirerek, zarafet ve g\u00fcndelik \u015f\u0131kl\u0131\u011f\u0131 dengeleyen eksiksiz bir g\u00f6r\u00fcn\u00fcm yarat\u0131r. Nefes alabilen, hafif ve cilt dostu kuma\u015ftan \u00fcretilen bu set, k\u00fc\u00e7\u00fck \u00e7ocu\u011funuzu s\u0131cak yaz g\u00fcnlerinde serin ve rahat tutarken, hareket \u00f6zg\u00fcrl\u00fc\u011f\u00fcn\u00fc de sa\u011flar. Do\u011fum g\u00fcn\u00fc partileri, ziyafetler, d\u00fc\u011f\u00fcnler, vaftiz t\u00f6renleri ve Cad\u0131lar Bayram\u0131, Noel ve \u015e\u00fckran G\u00fcn\u00fc gibi \u015fenlikli etkinlikler i\u00e7in m\u00fckemmel olan bu set, resmi etkinlikler i\u00e7in de uygundur ve her gen\u00e7 erkek \u00e7ocu\u011funun gard\u0131robuna mutlaka eklenmesi gereken bir par\u00e7ad\u0131r.<\/p>","protected":false},"excerpt":{"rendered":"<p>This is a stylish and versatile outfit designed for both special occasions and everyday celebrations. This fashionable three-piece set combines a smart vest with a trendy letter-print T-shirt and comfortable cargo pants, creating a complete look that balances elegance and casual charm. Crafted from breathable, lightweight, and skin-friendly fabric, it keeps your little one cool [&hellip;]<\/p>","protected":false},"featured_media":33927,"comment_status":"open","ping_status":"closed","template":"","meta":{"_monsterinsights_skip_tracking":false,"_monsterinsights_sitenote_active":false,"_monsterinsights_sitenote_note":"","_monsterinsights_sitenote_category":0},"product_brand":[],"product_cat":[113],"product_tag":[],"class_list":{"0":"post-33926","1":"product","2":"type-product","3":"status-publish","4":"has-post-thumbnail","6":"product_cat-kids-clothing","8":"first","9":"instock","10":"shipping-taxable","11":"purchasable","12":"product-type-simple"},"aioseo_notices":[],"_links":{"self":[{"href":"https:\/\/xn--kbrsglobalstore-7kcc.com\/tr\/wp-json\/wp\/v2\/product\/33926","targetHints":{"allow":["GET"]}}],"collection":[{"href":"https:\/\/xn--kbrsglobalstore-7kcc.com\/tr\/wp-json\/wp\/v2\/product"}],"about":[{"href":"https:\/\/xn--kbrsglobalstore-7kcc.com\/tr\/wp-json\/wp\/v2\/types\/product"}],"replies":[{"embeddable":true,"href":"https:\/\/xn--kbrsglobalstore-7kcc.com\/tr\/wp-json\/wp\/v2\/comments?post=33926"}],"wp:featuredmedia":[{"embeddable":true,"href":"https:\/\/xn--kbrsglobalstore-7kcc.com\/tr\/wp-json\/wp\/v2\/media\/33927"}],"wp:attachment":[{"href":"https:\/\/xn--kbrsglobalstore-7kcc.com\/tr\/wp-json\/wp\/v2\/media?parent=33926"}],"wp:term":[{"taxonomy":"product_brand","embeddable":true,"href":"https:\/\/xn--kbrsglobalstore-7kcc.com\/tr\/wp-json\/wp\/v2\/product_brand?post=33926"},{"taxonomy":"product_cat","embeddable":true,"href":"https:\/\/xn--kbrsglobalstore-7kcc.com\/tr\/wp-json\/wp\/v2\/product_cat?post=33926"},{"taxonomy":"product_tag","embeddable":true,"href":"https:\/\/xn--kbrsglobalstore-7kcc.com\/tr\/wp-json\/wp\/v2\/product_tag?post=33926"}],"curies":[{"name":"wp","href":"https:\/\/api.w.org\/{rel}","templated":true}]}}