{"id":33913,"date":"2025-12-28T18:09:56","date_gmt":"2025-12-28T18:09:56","guid":{"rendered":"https:\/\/xn--kbrsglobalstore-7kcc.com\/?post_type=product&#038;p=33913"},"modified":"2025-12-28T18:09:56","modified_gmt":"2025-12-28T18:09:56","slug":"2-pieceyoung-girls-cute-heart-pattern-long-sleeve-high-neck-t-shirt-and-bow-design-jeans-perfect-for-fall-and-winter-casual-daily-wear-and-school-back-to-school-season","status":"publish","type":"product","link":"https:\/\/xn--kbrsglobalstore-7kcc.com\/tr\/urun\/2-pieceyoung-girls-cute-heart-pattern-long-sleeve-high-neck-t-shirt-and-bow-design-jeans-perfect-for-fall-and-winter-casual-daily-wear-and-school-back-to-school-season\/","title":{"rendered":"2 Par\u00e7a, Gen\u00e7 K\u0131zlar \u0130\u00e7in Sevimli Kalp Desenli Uzun Kollu Y\u00fcksek Yakal\u0131 Ti\u015f\u00f6rt ve Fiyonklu Kot Pantolon, Sonbahar ve K\u0131\u015f G\u00fcnl\u00fck Giyim ve Okul \u0130\u00e7in M\u00fckemmel, Okula D\u00f6n\u00fc\u015f Sezonu \u0130\u00e7in \u0130deal"},"content":{"rendered":"<p>Bu tak\u0131m, sonbahar ve k\u0131\u015f mevsimi i\u00e7in m\u00fckemmel, sevimli ve rahat bir k\u0131yafet. Bu \u015f\u0131k tak\u0131m, sevimli kalp deseniyle s\u00fcslenmi\u015f yumu\u015fak, y\u00fcksek yakal\u0131 uzun kollu bir ti\u015f\u00f6rt ve modaya uygun bir g\u00f6r\u00fcn\u00fcm i\u00e7in sevimli fiyonk detay\u0131yla tasarlanm\u0131\u015f trend kot pantolondan olu\u015fuyor. Rahat, nefes alabilen ve cilt dostu kuma\u015ftan \u00fcretilen bu k\u0131yafet, minik k\u0131z\u0131n\u0131z\u0131 s\u0131cak tutarken g\u00fcn boyunca rahat hareket etmesini sa\u011flar. Okul, g\u00fcnl\u00fck giyim, a\u00e7\u0131k hava aktiviteleri ve okula d\u00f6n\u00fc\u015f sezonu i\u00e7in ideal olan bu k\u0131yafet, konforu, s\u0131cakl\u0131\u011f\u0131 ve modern stili bir araya getirerek her gen\u00e7 k\u0131z\u0131n gard\u0131robunda mutlaka bulunmas\u0131 gereken bir par\u00e7a haline geliyor.<\/p>","protected":false},"excerpt":{"rendered":"<p>This set is a charming and cozy outfit perfect for the fall and winter season. This stylish set features a soft high-neck long-sleeve T-shirt decorated with an adorable heart pattern, paired with trendy jeans designed with a cute bow detail for a fashionable finish. Crafted from comfortable, breathable, and skin-friendly fabric, it keeps your little [&hellip;]<\/p>","protected":false},"featured_media":33914,"comment_status":"open","ping_status":"closed","template":"","meta":{"_monsterinsights_skip_tracking":false,"_monsterinsights_sitenote_active":false,"_monsterinsights_sitenote_note":"","_monsterinsights_sitenote_category":0},"product_brand":[],"product_cat":[113],"product_tag":[],"class_list":{"0":"post-33913","1":"product","2":"type-product","3":"status-publish","4":"has-post-thumbnail","6":"product_cat-kids-clothing","8":"first","9":"instock","10":"shipping-taxable","11":"purchasable","12":"product-type-simple"},"aioseo_notices":[],"_links":{"self":[{"href":"https:\/\/xn--kbrsglobalstore-7kcc.com\/tr\/wp-json\/wp\/v2\/product\/33913","targetHints":{"allow":["GET"]}}],"collection":[{"href":"https:\/\/xn--kbrsglobalstore-7kcc.com\/tr\/wp-json\/wp\/v2\/product"}],"about":[{"href":"https:\/\/xn--kbrsglobalstore-7kcc.com\/tr\/wp-json\/wp\/v2\/types\/product"}],"replies":[{"embeddable":true,"href":"https:\/\/xn--kbrsglobalstore-7kcc.com\/tr\/wp-json\/wp\/v2\/comments?post=33913"}],"wp:featuredmedia":[{"embeddable":true,"href":"https:\/\/xn--kbrsglobalstore-7kcc.com\/tr\/wp-json\/wp\/v2\/media\/33914"}],"wp:attachment":[{"href":"https:\/\/xn--kbrsglobalstore-7kcc.com\/tr\/wp-json\/wp\/v2\/media?parent=33913"}],"wp:term":[{"taxonomy":"product_brand","embeddable":true,"href":"https:\/\/xn--kbrsglobalstore-7kcc.com\/tr\/wp-json\/wp\/v2\/product_brand?post=33913"},{"taxonomy":"product_cat","embeddable":true,"href":"https:\/\/xn--kbrsglobalstore-7kcc.com\/tr\/wp-json\/wp\/v2\/product_cat?post=33913"},{"taxonomy":"product_tag","embeddable":true,"href":"https:\/\/xn--kbrsglobalstore-7kcc.com\/tr\/wp-json\/wp\/v2\/product_tag?post=33913"}],"curies":[{"name":"wp","href":"https:\/\/api.w.org\/{rel}","templated":true}]}}