{"id":33904,"date":"2025-12-28T18:00:53","date_gmt":"2025-12-28T18:00:53","guid":{"rendered":"https:\/\/xn--kbrsglobalstore-7kcc.com\/?post_type=product&#038;p=33904"},"modified":"2025-12-28T18:00:53","modified_gmt":"2025-12-28T18:00:53","slug":"genkimix-kids-2pcs-set-young-girl-korean-style-casual-loose-knit-sweater-solid-color-loose-elastic-waist-pants-autumn-winter-fall","status":"publish","type":"product","link":"https:\/\/xn--kbrsglobalstore-7kcc.com\/tr\/urun\/genkimix-kids-2pcs-set-young-girl-korean-style-casual-loose-knit-sweater-solid-color-loose-elastic-waist-pants-autumn-winter-fall\/","title":{"rendered":"Genkimix Kids 2 Par\u00e7a\/Set Gen\u00e7 K\u0131z \u00c7ocuk Kore Tarz\u0131 G\u00fcnl\u00fck Bol Kesim \u00d6rg\u00fc Kazak + D\u00fcz Renk Bol Kesim Lastikli Bel Pantolon, Sonbahar\/K\u0131\u015f"},"content":{"rendered":"<p class=\"translation-block\">Bu <strong>\u00a0K\u0131yafet<\/strong>, sonbahar ve k\u0131\u015f mevsimi i\u00e7in m\u00fckemmel, rahat ve \u015f\u0131k bir kombinasyondur. Bu \u015f\u0131k set, <strong>yumu\u015fak, bol kesimli \u00f6rg\u00fc kazak<\/strong> ile <strong>d\u00fcz renkli, lastikli bel pantolon<\/strong>dan olu\u015farak hem rahatl\u0131k hem de rahat, modern bir g\u00f6r\u00fcn\u00fcm sunar. Trend Kore esintili bir sil\u00fcetle tasarlanan nefes alabilen ancak s\u0131cak tutan kuma\u015f, \u00e7ocu\u011funuzun so\u011fuk g\u00fcnlerde rahat kalmas\u0131n\u0131 sa\u011flarken, oyun veya g\u00fcnl\u00fck aktiviteler i\u00e7in kolay hareket imkan\u0131 sunar. Lastikli bel, g\u00fcvenli ve esnek bir uyum sa\u011flayarak giydirmeyi h\u0131zl\u0131 ve kolay hale getirir. Okul, g\u00fcndelik geziler veya aile toplant\u0131lar\u0131 i\u00e7in ideal olan bu \u00e7ok y\u00f6nl\u00fc k\u0131yafet, sonbahar ve k\u0131\u015f giyimi i\u00e7in s\u0131cakl\u0131k, rahatl\u0131k ve zahmetsiz stili bir araya getirir.<\/p>","protected":false},"excerpt":{"rendered":"<p>This\u00a0Outfit is a cozy and fashionable ensemble perfect for the autumn and winter season. This stylish set includes a soft loose-fit knit sweater paired with solid color elastic-waist pants, offering both comfort and a relaxed, modern look. Designed with a trendy Korean-inspired silhouette, the breathable yet warm fabric keeps your child comfortable throughout cooler days [&hellip;]<\/p>","protected":false},"featured_media":33905,"comment_status":"open","ping_status":"closed","template":"","meta":{"_monsterinsights_skip_tracking":false,"_monsterinsights_sitenote_active":false,"_monsterinsights_sitenote_note":"","_monsterinsights_sitenote_category":0},"product_brand":[],"product_cat":[113],"product_tag":[],"class_list":{"0":"post-33904","1":"product","2":"type-product","3":"status-publish","4":"has-post-thumbnail","6":"product_cat-kids-clothing","8":"first","9":"instock","10":"shipping-taxable","11":"purchasable","12":"product-type-simple"},"aioseo_notices":[],"_links":{"self":[{"href":"https:\/\/xn--kbrsglobalstore-7kcc.com\/tr\/wp-json\/wp\/v2\/product\/33904","targetHints":{"allow":["GET"]}}],"collection":[{"href":"https:\/\/xn--kbrsglobalstore-7kcc.com\/tr\/wp-json\/wp\/v2\/product"}],"about":[{"href":"https:\/\/xn--kbrsglobalstore-7kcc.com\/tr\/wp-json\/wp\/v2\/types\/product"}],"replies":[{"embeddable":true,"href":"https:\/\/xn--kbrsglobalstore-7kcc.com\/tr\/wp-json\/wp\/v2\/comments?post=33904"}],"wp:featuredmedia":[{"embeddable":true,"href":"https:\/\/xn--kbrsglobalstore-7kcc.com\/tr\/wp-json\/wp\/v2\/media\/33905"}],"wp:attachment":[{"href":"https:\/\/xn--kbrsglobalstore-7kcc.com\/tr\/wp-json\/wp\/v2\/media?parent=33904"}],"wp:term":[{"taxonomy":"product_brand","embeddable":true,"href":"https:\/\/xn--kbrsglobalstore-7kcc.com\/tr\/wp-json\/wp\/v2\/product_brand?post=33904"},{"taxonomy":"product_cat","embeddable":true,"href":"https:\/\/xn--kbrsglobalstore-7kcc.com\/tr\/wp-json\/wp\/v2\/product_cat?post=33904"},{"taxonomy":"product_tag","embeddable":true,"href":"https:\/\/xn--kbrsglobalstore-7kcc.com\/tr\/wp-json\/wp\/v2\/product_tag?post=33904"}],"curies":[{"name":"wp","href":"https:\/\/api.w.org\/{rel}","templated":true}]}}