{"id":33895,"date":"2025-12-28T17:44:33","date_gmt":"2025-12-28T17:44:33","guid":{"rendered":"https:\/\/xn--kbrsglobalstore-7kcc.com\/?post_type=product&#038;p=33895"},"modified":"2025-12-28T17:44:33","modified_gmt":"2025-12-28T17:44:33","slug":"graphicgems-2pcs-set-toddler-boys-cool-bear-graphic-crew-neck-short-sleeve-white-t-shirt-and-red-shorts-casual-outfit-summer-holiday","status":"publish","type":"product","link":"https:\/\/xn--kbrsglobalstore-7kcc.com\/tr\/urun\/graphicgems-2pcs-set-toddler-boys-cool-bear-graphic-crew-neck-short-sleeve-white-t-shirt-and-red-shorts-casual-outfit-summer-holiday\/","title":{"rendered":"GraphicGems 2 Par\u00e7a\/Set K\u00fc\u00e7\u00fck Erkek \u00c7ocuklar \u0130\u00e7in Haval\u0131 Ay\u0131 Desenli Bisiklet Yaka K\u0131sa Kollu Beyaz Ti\u015f\u00f6rt ve K\u0131rm\u0131z\u0131 \u015eort G\u00fcnl\u00fck K\u0131yafet Yaz Tatili"},"content":{"rendered":"<p class=\"translation-block\">Bu k\u0131yafet, minik yavrunuzun \u015f\u0131k g\u00f6r\u00fcnmesini sa\u011flarken serin kalmas\u0131n\u0131 da garanti eden e\u011flenceli ve rahat bir yaz tak\u0131m\u0131d\u0131r. Bu sevimli k\u0131yafet, ne\u015feli bir ay\u0131 grafi\u011fi bulunan yumu\u015fak beyaz yuvarlak yakal\u0131 k\u0131sa kollu ti\u015f\u00f6rt ve cesur ve enerjik bir dokunu\u015f katan parlak k\u0131rm\u0131z\u0131 g\u00fcnl\u00fck \u015forttan olu\u015fmaktad\u0131r. Nefes alabilen, hafif kuma\u015ftan \u00fcretilen bu tak\u0131m, aktif k\u00fc\u00e7\u00fck \u00e7ocuklar i\u00e7in t\u00fcm g\u00fcn konfor ve hareket \u00f6zg\u00fcrl\u00fc\u011f\u00fc sa\u011flar. Yaz tatilleri, oyun zaman\u0131, aile gezileri ve g\u00fcnl\u00fck kullan\u0131m i\u00e7in m\u00fckemmel olan bu b\u00fcy\u00fcleyici set, konforu, dayan\u0131kl\u0131l\u0131\u011f\u0131 ve sevimli tasar\u0131m\u0131 bir araya getirerek \u00e7ocu\u011funuz i\u00e7in m\u00fckemmel bir yazl\u0131k k\u0131yafet olu\u015fturur.<\/p>","protected":false},"excerpt":{"rendered":"<p>This outfit\u00a0is a fun and comfortable summer set designed to keep your little one looking stylish while staying cool. This adorable outfit features a soft white crew neck short-sleeve T-shirt with a playful bear graphic, paired with bright red casual shorts that add a bold and energetic touch. Made from breathable, lightweight fabric, it ensures [&hellip;]<\/p>","protected":false},"featured_media":33896,"comment_status":"open","ping_status":"closed","template":"","meta":{"_monsterinsights_skip_tracking":false,"_monsterinsights_sitenote_active":false,"_monsterinsights_sitenote_note":"","_monsterinsights_sitenote_category":0},"product_brand":[],"product_cat":[113],"product_tag":[],"class_list":{"0":"post-33895","1":"product","2":"type-product","3":"status-publish","4":"has-post-thumbnail","6":"product_cat-kids-clothing","8":"first","9":"instock","10":"shipping-taxable","11":"purchasable","12":"product-type-simple"},"aioseo_notices":[],"_links":{"self":[{"href":"https:\/\/xn--kbrsglobalstore-7kcc.com\/tr\/wp-json\/wp\/v2\/product\/33895","targetHints":{"allow":["GET"]}}],"collection":[{"href":"https:\/\/xn--kbrsglobalstore-7kcc.com\/tr\/wp-json\/wp\/v2\/product"}],"about":[{"href":"https:\/\/xn--kbrsglobalstore-7kcc.com\/tr\/wp-json\/wp\/v2\/types\/product"}],"replies":[{"embeddable":true,"href":"https:\/\/xn--kbrsglobalstore-7kcc.com\/tr\/wp-json\/wp\/v2\/comments?post=33895"}],"wp:featuredmedia":[{"embeddable":true,"href":"https:\/\/xn--kbrsglobalstore-7kcc.com\/tr\/wp-json\/wp\/v2\/media\/33896"}],"wp:attachment":[{"href":"https:\/\/xn--kbrsglobalstore-7kcc.com\/tr\/wp-json\/wp\/v2\/media?parent=33895"}],"wp:term":[{"taxonomy":"product_brand","embeddable":true,"href":"https:\/\/xn--kbrsglobalstore-7kcc.com\/tr\/wp-json\/wp\/v2\/product_brand?post=33895"},{"taxonomy":"product_cat","embeddable":true,"href":"https:\/\/xn--kbrsglobalstore-7kcc.com\/tr\/wp-json\/wp\/v2\/product_cat?post=33895"},{"taxonomy":"product_tag","embeddable":true,"href":"https:\/\/xn--kbrsglobalstore-7kcc.com\/tr\/wp-json\/wp\/v2\/product_tag?post=33895"}],"curies":[{"name":"wp","href":"https:\/\/api.w.org\/{rel}","templated":true}]}}