{"id":33875,"date":"2025-12-28T17:28:43","date_gmt":"2025-12-28T17:28:43","guid":{"rendered":"https:\/\/xn--kbrsglobalstore-7kcc.com\/?post_type=product&#038;p=33875"},"modified":"2025-12-28T17:28:43","modified_gmt":"2025-12-28T17:28:43","slug":"shein-sparklyn-3pcs-set-tween-girl-casual-outfit-includes-hooded-zip-up-short-jacket-with-ribbed-trim-white-camisole-and-wide-leg-pants-autumn-ensemble","status":"publish","type":"product","link":"https:\/\/xn--kbrsglobalstore-7kcc.com\/tr\/urun\/shein-sparklyn-3pcs-set-tween-girl-casual-outfit-includes-hooded-zip-up-short-jacket-with-ribbed-trim-white-camisole-and-wide-leg-pants-autumn-ensemble\/","title":{"rendered":"SHEIN Sparklyn 3 Par\u00e7al\u0131 Set, Gen\u00e7 K\u0131z \u00c7ocuklar\u0131 \u0130\u00e7in G\u00fcnl\u00fck K\u0131yafet, \u0130\u00e7indekiler: Fitilli Kenarl\u0131 Kap\u00fc\u015fonlu Fermuarl\u0131 K\u0131sa Ceket, Beyaz Ask\u0131l\u0131 Bluz ve Geni\u015f Pa\u00e7al\u0131 Pantolon, Sonbahar Kombini"},"content":{"rendered":"<p class=\"translation-block\">Bu, g\u00fcnl\u00fck kullan\u0131m i\u00e7in tasarlanm\u0131\u015f, \u015f\u0131k ve rahat bir sonbahar tak\u0131m\u0131d\u0131r. Bu modaya uygun set, rahat ama \u015f\u0131k bir g\u00f6r\u00fcn\u00fcm i\u00e7in <strong data-start=\"319\" data-end=\"366\">kabar\u0131k kenarl\u0131 kap\u00fc\u015fonlu fermuarl\u0131 k\u0131sa ceket<\/strong>, <strong data-start=\"370\" data-end=\"396\">klasik beyaz ask\u0131l\u0131 bluz<\/strong> ve <strong data-start=\"402\" data-end=\"426\">bol pa\u00e7al\u0131 pantolon<\/strong> i\u00e7erir. Yumu\u015fak ve nefes alabilen kuma\u015ftan \u00fcretilen bu set, \u00e7ocu\u011funuzu so\u011fuk mevsimlerde s\u0131cak tutarken g\u00fcn boyu konfor sa\u011flar. Modern katmanl\u0131 tasar\u0131m\u0131, okul, g\u00fcndelik geziler veya hafta sonu aktiviteleri i\u00e7in m\u00fckemmeldir ve kolayca kombinlenebilir. \u0130ster \u015f\u0131k ister rahat giyinin, bu \u00e7ok y\u00f6nl\u00fc set, tek bir k\u0131yafette zahmetsiz moda ve konfor sunar.<\/p>","protected":false},"excerpt":{"rendered":"<p>This is a stylish and comfortable autumn ensemble designed for everyday wear with a trendy touch. This fashionable set includes a hooded zip-up short jacket with ribbed trim, a classic white camisole, and flowy wide-leg pants for a relaxed yet chic look. Made with soft, breathable fabric, it provides all-day comfort while keeping your child [&hellip;]<\/p>","protected":false},"featured_media":33876,"comment_status":"open","ping_status":"closed","template":"","meta":{"_monsterinsights_skip_tracking":false,"_monsterinsights_sitenote_active":false,"_monsterinsights_sitenote_note":"","_monsterinsights_sitenote_category":0},"product_brand":[],"product_cat":[113],"product_tag":[],"class_list":{"0":"post-33875","1":"product","2":"type-product","3":"status-publish","4":"has-post-thumbnail","6":"product_cat-kids-clothing","8":"first","9":"instock","10":"shipping-taxable","11":"purchasable","12":"product-type-simple"},"aioseo_notices":[],"_links":{"self":[{"href":"https:\/\/xn--kbrsglobalstore-7kcc.com\/tr\/wp-json\/wp\/v2\/product\/33875","targetHints":{"allow":["GET"]}}],"collection":[{"href":"https:\/\/xn--kbrsglobalstore-7kcc.com\/tr\/wp-json\/wp\/v2\/product"}],"about":[{"href":"https:\/\/xn--kbrsglobalstore-7kcc.com\/tr\/wp-json\/wp\/v2\/types\/product"}],"replies":[{"embeddable":true,"href":"https:\/\/xn--kbrsglobalstore-7kcc.com\/tr\/wp-json\/wp\/v2\/comments?post=33875"}],"wp:featuredmedia":[{"embeddable":true,"href":"https:\/\/xn--kbrsglobalstore-7kcc.com\/tr\/wp-json\/wp\/v2\/media\/33876"}],"wp:attachment":[{"href":"https:\/\/xn--kbrsglobalstore-7kcc.com\/tr\/wp-json\/wp\/v2\/media?parent=33875"}],"wp:term":[{"taxonomy":"product_brand","embeddable":true,"href":"https:\/\/xn--kbrsglobalstore-7kcc.com\/tr\/wp-json\/wp\/v2\/product_brand?post=33875"},{"taxonomy":"product_cat","embeddable":true,"href":"https:\/\/xn--kbrsglobalstore-7kcc.com\/tr\/wp-json\/wp\/v2\/product_cat?post=33875"},{"taxonomy":"product_tag","embeddable":true,"href":"https:\/\/xn--kbrsglobalstore-7kcc.com\/tr\/wp-json\/wp\/v2\/product_tag?post=33875"}],"curies":[{"name":"wp","href":"https:\/\/api.w.org\/{rel}","templated":true}]}}