{"id":33867,"date":"2025-12-28T17:09:54","date_gmt":"2025-12-28T17:09:54","guid":{"rendered":"https:\/\/xn--kbrsglobalstore-7kcc.com\/?post_type=product&#038;p=33867"},"modified":"2025-12-28T17:09:54","modified_gmt":"2025-12-28T17:09:54","slug":"young-boys-casual-comfortable-versatile-sleeveless-top-and-denim-shorts-set","status":"publish","type":"product","link":"https:\/\/xn--kbrsglobalstore-7kcc.com\/tr\/urun\/young-boys-casual-comfortable-versatile-sleeveless-top-and-denim-shorts-set\/","title":{"rendered":"Gen\u00e7 Erkek \u00c7ocuklar \u0130\u00e7in Rahat, \u00c7ok Y\u00f6nl\u00fc, Kolsuz \u00dcst ve Kot \u015eort Tak\u0131m\u0131"},"content":{"rendered":"<p>Bu, hareket etmeyi seven ve \u015f\u0131k ve rahat bir \u015fekilde giyinmeyi tercih eden aktif \u00e7ocuklar i\u00e7in m\u00fckemmel bir g\u00fcnl\u00fck k\u0131yafet. Bu set, \u00e7ocu\u011funuzun hareket \u00f6zg\u00fcrl\u00fc\u011f\u00fcn\u00fc sa\u011flayan ve serin tutan nefes alabilen kolsuz bir \u00fcst ve modaya uygun ve uzun \u00f6m\u00fcrl\u00fc bir kullan\u0131m sunan dayan\u0131kl\u0131 kot \u015forttan olu\u015fuyor. Hem oyun zaman\u0131 hem de g\u00fcnl\u00fck geziler i\u00e7in tasarlanan yumu\u015fak kuma\u015f ve rahat kesim, t\u00fcm g\u00fcn konfor sa\u011flarken, modern g\u00f6r\u00fcn\u00fcm\u00fc de onu kolayca \u015f\u0131k veya g\u00fcnl\u00fck hale getiriyor. \u0130ster d\u0131\u015far\u0131 \u00e7\u0131k\u0131yor, ister arkada\u015flar\u0131yla bulu\u015fuyor, isterse de ailece bir g\u00fcn ge\u00e7iriyor olsun, bu \u00e7ok y\u00f6nl\u00fc set, her gen\u00e7 erkek \u00e7ocu\u011funun gard\u0131robuna mutlaka eklenmesi gereken bir par\u00e7a.<\/p>","protected":false},"excerpt":{"rendered":"<p>This is the perfect everyday outfit for active kids who love to move in style and comfort. This set features a breathable sleeveless top that allows free movement and keeps your child cool, paired with durable denim shorts that provide a trendy and long-lasting wear. Designed for both playtime and casual outings, the soft fabric [&hellip;]<\/p>","protected":false},"featured_media":33868,"comment_status":"open","ping_status":"closed","template":"","meta":{"_monsterinsights_skip_tracking":false,"_monsterinsights_sitenote_active":false,"_monsterinsights_sitenote_note":"","_monsterinsights_sitenote_category":0},"product_brand":[],"product_cat":[113],"product_tag":[],"class_list":{"0":"post-33867","1":"product","2":"type-product","3":"status-publish","4":"has-post-thumbnail","6":"product_cat-kids-clothing","8":"first","9":"instock","10":"shipping-taxable","11":"purchasable","12":"product-type-simple"},"aioseo_notices":[],"_links":{"self":[{"href":"https:\/\/xn--kbrsglobalstore-7kcc.com\/tr\/wp-json\/wp\/v2\/product\/33867","targetHints":{"allow":["GET"]}}],"collection":[{"href":"https:\/\/xn--kbrsglobalstore-7kcc.com\/tr\/wp-json\/wp\/v2\/product"}],"about":[{"href":"https:\/\/xn--kbrsglobalstore-7kcc.com\/tr\/wp-json\/wp\/v2\/types\/product"}],"replies":[{"embeddable":true,"href":"https:\/\/xn--kbrsglobalstore-7kcc.com\/tr\/wp-json\/wp\/v2\/comments?post=33867"}],"wp:featuredmedia":[{"embeddable":true,"href":"https:\/\/xn--kbrsglobalstore-7kcc.com\/tr\/wp-json\/wp\/v2\/media\/33868"}],"wp:attachment":[{"href":"https:\/\/xn--kbrsglobalstore-7kcc.com\/tr\/wp-json\/wp\/v2\/media?parent=33867"}],"wp:term":[{"taxonomy":"product_brand","embeddable":true,"href":"https:\/\/xn--kbrsglobalstore-7kcc.com\/tr\/wp-json\/wp\/v2\/product_brand?post=33867"},{"taxonomy":"product_cat","embeddable":true,"href":"https:\/\/xn--kbrsglobalstore-7kcc.com\/tr\/wp-json\/wp\/v2\/product_cat?post=33867"},{"taxonomy":"product_tag","embeddable":true,"href":"https:\/\/xn--kbrsglobalstore-7kcc.com\/tr\/wp-json\/wp\/v2\/product_tag?post=33867"}],"curies":[{"name":"wp","href":"https:\/\/api.w.org\/{rel}","templated":true}]}}