{"id":33859,"date":"2025-12-28T16:03:36","date_gmt":"2025-12-28T16:03:36","guid":{"rendered":"https:\/\/xn--kbrsglobalstore-7kcc.com\/?post_type=product&#038;p=33859"},"modified":"2025-12-28T16:03:36","modified_gmt":"2025-12-28T16:03:36","slug":"sparklyn-tween-girl-floral-printed-crop-top-skirt-set-for-holiday-and-casual-wearholidaysummertravel","status":"publish","type":"product","link":"https:\/\/xn--kbrsglobalstore-7kcc.com\/tr\/urun\/sparklyn-tween-girl-floral-printed-crop-top-skirt-set-for-holiday-and-casual-wearholidaysummertravel\/","title":{"rendered":"Sparklyn Gen\u00e7 K\u0131z \u00c7ocuk \u00c7i\u00e7ek Desenli K\u0131sa \u00dcst ve Etek Tak\u0131m\u0131, Tatil ve G\u00fcnl\u00fck Giyim \u0130\u00e7in, Tatil, Yaz, Seyahat"},"content":{"rendered":"<p>Bu \u015f\u0131k ve rahat iki par\u00e7al\u0131 k\u0131yafet, yaz e\u011flenceleri, tatiller, g\u00fcnl\u00fck geziler ve seyahat maceralar\u0131 i\u00e7in tasarlanm\u0131\u015ft\u0131r. G\u00fczel bir \u00e7i\u00e7ek deseniyle \u00f6ne \u00e7\u0131kan bu set, \u00e7ocu\u011funuzu s\u0131cak havalarda serin ve rahat tutarken, ona taze ve ne\u015feli bir g\u00f6r\u00fcn\u00fcm kazand\u0131r\u0131r. Yumu\u015fak ve nefes alabilen kuma\u015ftan \u00fcretilen crop top, rahat bir kesime sahiptir ve kolay hareket i\u00e7in zahmetsizce d\u00f6k\u00fcml\u00fc olan uyumlu etekle m\u00fckemmel bir uyum sa\u011flar. \u0130ster tatilde, ister aile toplant\u0131s\u0131nda, ister g\u00fcnl\u00fck aktivitelerde giyilsin, bu k\u0131yafet moda, konfor ve \u00f6zg\u00fcvenin m\u00fckemmel bir kombinasyonunu sunarak, ergenlik \u00e7a\u011f\u0131ndaki \u00e7ocu\u011funuzun mevsimlik gard\u0131robunun ideal bir se\u00e7imi haline gelir.<\/p>","protected":false},"excerpt":{"rendered":"<p>This is a stylish and comfortable two-piece outfit designed for summer fun, holidays, casual outings, and travel adventures. Featuring a beautiful floral print, this set adds a fresh and cheerful look while keeping your child cool and comfortable in warm weather. Made from soft, breathable fabric, the crop top provides a relaxed fit and pairs [&hellip;]<\/p>","protected":false},"featured_media":33860,"comment_status":"open","ping_status":"closed","template":"","meta":{"_monsterinsights_skip_tracking":false,"_monsterinsights_sitenote_active":false,"_monsterinsights_sitenote_note":"","_monsterinsights_sitenote_category":0},"product_brand":[],"product_cat":[113],"product_tag":[],"class_list":{"0":"post-33859","1":"product","2":"type-product","3":"status-publish","4":"has-post-thumbnail","6":"product_cat-kids-clothing","8":"first","9":"instock","10":"shipping-taxable","11":"purchasable","12":"product-type-simple"},"aioseo_notices":[],"_links":{"self":[{"href":"https:\/\/xn--kbrsglobalstore-7kcc.com\/tr\/wp-json\/wp\/v2\/product\/33859","targetHints":{"allow":["GET"]}}],"collection":[{"href":"https:\/\/xn--kbrsglobalstore-7kcc.com\/tr\/wp-json\/wp\/v2\/product"}],"about":[{"href":"https:\/\/xn--kbrsglobalstore-7kcc.com\/tr\/wp-json\/wp\/v2\/types\/product"}],"replies":[{"embeddable":true,"href":"https:\/\/xn--kbrsglobalstore-7kcc.com\/tr\/wp-json\/wp\/v2\/comments?post=33859"}],"wp:featuredmedia":[{"embeddable":true,"href":"https:\/\/xn--kbrsglobalstore-7kcc.com\/tr\/wp-json\/wp\/v2\/media\/33860"}],"wp:attachment":[{"href":"https:\/\/xn--kbrsglobalstore-7kcc.com\/tr\/wp-json\/wp\/v2\/media?parent=33859"}],"wp:term":[{"taxonomy":"product_brand","embeddable":true,"href":"https:\/\/xn--kbrsglobalstore-7kcc.com\/tr\/wp-json\/wp\/v2\/product_brand?post=33859"},{"taxonomy":"product_cat","embeddable":true,"href":"https:\/\/xn--kbrsglobalstore-7kcc.com\/tr\/wp-json\/wp\/v2\/product_cat?post=33859"},{"taxonomy":"product_tag","embeddable":true,"href":"https:\/\/xn--kbrsglobalstore-7kcc.com\/tr\/wp-json\/wp\/v2\/product_tag?post=33859"}],"curies":[{"name":"wp","href":"https:\/\/api.w.org\/{rel}","templated":true}]}}