{"id":33851,"date":"2025-12-28T15:39:33","date_gmt":"2025-12-28T15:39:33","guid":{"rendered":"https:\/\/xn--kbrsglobalstore-7kcc.com\/?post_type=product&#038;p=33851"},"modified":"2025-12-28T15:39:33","modified_gmt":"2025-12-28T15:39:33","slug":"shein-2-pieces-young-boys-casual-college-comfortable-fashion-simple-practical-all-match-soft-comfortable-loose-polo-sweater-set-suitable-for-birthday-parties-parties-shows-suitable-for-kids-outfits","status":"publish","type":"product","link":"https:\/\/xn--kbrsglobalstore-7kcc.com\/tr\/urun\/shein-2-pieces-young-boys-casual-college-comfortable-fashion-simple-practical-all-match-soft-comfortable-loose-polo-sweater-set-suitable-for-birthday-parties-parties-shows-suitable-for-kids-outfits\/","title":{"rendered":"SHEIN 2 Par\u00e7a Gen\u00e7 Erkek \u00c7ocuk G\u00fcnl\u00fck Rahat Kolej Modas\u0131 Sade Pratik Her \u015eeye Uygun Yumu\u015fak Rahat Bol Kesim Polo Kazak Tak\u0131m\u0131 Do\u011fum G\u00fcn\u00fc Partileri, Kutlamalar, G\u00f6steriler \u0130\u00e7in Uygun \u00c7ocuk K\u0131yafetleri Gen\u00e7 Erkek \u00c7ocuk Giysileri Okula D\u00f6n\u00fc\u015f Erkek \u00c7ocuk Tak\u0131m\u0131 G\u00fcnl\u00fck Kullan\u0131m \u0130\u00e7in Uygun Okul \u0130\u00e7in Uygun Seyahat \u0130\u00e7in Uygun Spor \u0130\u00e7in Uygun Sonbahar ve K\u0131\u015f \u0130\u00e7in Uygun"},"content":{"rendered":"<p>Bu iki par\u00e7al\u0131 tak\u0131m, gen\u00e7 bir erkek \u00e7ocu\u011funun gard\u0131robunun olmazsa olmaz\u0131, okul g\u00fcnlerinden \u00f6zel g\u00fcnlere sorunsuz ge\u00e7i\u015f yapacak \u015fekilde tasarlanm\u0131\u015f \u00e7ok y\u00f6nl\u00fc bir temel par\u00e7ad\u0131r. Tak\u0131m, sade ve klasik kesimli yumu\u015fak ve rahat bir polo kazak ile uyumlu bol kesimli alt par\u00e7adan olu\u015farak hem pratik hem de \u015f\u0131k, ak\u0131ll\u0131-g\u00fcnl\u00fck bir g\u00f6r\u00fcn\u00fcm yarat\u0131r. D\u00fcz renkli ve her \u015feyle uyumlu tasar\u0131m\u0131, giymeyi ve kombinlemeyi zahmetsiz hale getirir.<\/p>\n<p>Konfor ve dayan\u0131kl\u0131l\u0131k i\u00e7in tasarlanan bu rahat set, ister s\u0131n\u0131fta, ister do\u011fum g\u00fcn\u00fc partisinde, ister seyahatte, ister sonbahar sporlar\u0131n\u0131n tad\u0131n\u0131 \u00e7\u0131kar\u0131rken olsun, t\u00fcm g\u00fcn s\u00fcren aktiviteler i\u00e7in m\u00fckemmeldir. Yumu\u015fak kuma\u015f\u0131 ve rahat kesimi, hareket \u00f6zg\u00fcrl\u00fc\u011f\u00fc ve t\u00fcm g\u00fcn rahatl\u0131k sa\u011flayarak, sonbahar ve k\u0131\u015f i\u00e7in g\u00fcvenilir bir k\u0131yafet se\u00e7ene\u011fi sunar. \u00d6\u011frenme, oyun ve kutlama i\u00e7in e\u015fit derecede uygun tek bir tak\u0131m arayan ebeveynler i\u00e7in d\u00fc\u015f\u00fcn\u00fclm\u00fc\u015f, derli toplu bir \u00e7\u00f6z\u00fcmd\u00fcr.<\/p>","protected":false},"excerpt":{"rendered":"<p>This two-piece set is the ultimate versatile staple for a young boy&#8217;s wardrobe, designed to transition seamlessly from school days to special occasions. The set features a soft, comfortable polo sweater in a simple, classic cut, paired with matching loose-fit bottoms, creating a smart-casual look that is both practical and stylish. Its all-match design in [&hellip;]<\/p>","protected":false},"featured_media":33852,"comment_status":"open","ping_status":"closed","template":"","meta":{"_monsterinsights_skip_tracking":false,"_monsterinsights_sitenote_active":false,"_monsterinsights_sitenote_note":"","_monsterinsights_sitenote_category":0},"product_brand":[],"product_cat":[113],"product_tag":[],"class_list":{"0":"post-33851","1":"product","2":"type-product","3":"status-publish","4":"has-post-thumbnail","6":"product_cat-kids-clothing","8":"first","9":"instock","10":"shipping-taxable","11":"purchasable","12":"product-type-simple"},"aioseo_notices":[],"_links":{"self":[{"href":"https:\/\/xn--kbrsglobalstore-7kcc.com\/tr\/wp-json\/wp\/v2\/product\/33851","targetHints":{"allow":["GET"]}}],"collection":[{"href":"https:\/\/xn--kbrsglobalstore-7kcc.com\/tr\/wp-json\/wp\/v2\/product"}],"about":[{"href":"https:\/\/xn--kbrsglobalstore-7kcc.com\/tr\/wp-json\/wp\/v2\/types\/product"}],"replies":[{"embeddable":true,"href":"https:\/\/xn--kbrsglobalstore-7kcc.com\/tr\/wp-json\/wp\/v2\/comments?post=33851"}],"wp:featuredmedia":[{"embeddable":true,"href":"https:\/\/xn--kbrsglobalstore-7kcc.com\/tr\/wp-json\/wp\/v2\/media\/33852"}],"wp:attachment":[{"href":"https:\/\/xn--kbrsglobalstore-7kcc.com\/tr\/wp-json\/wp\/v2\/media?parent=33851"}],"wp:term":[{"taxonomy":"product_brand","embeddable":true,"href":"https:\/\/xn--kbrsglobalstore-7kcc.com\/tr\/wp-json\/wp\/v2\/product_brand?post=33851"},{"taxonomy":"product_cat","embeddable":true,"href":"https:\/\/xn--kbrsglobalstore-7kcc.com\/tr\/wp-json\/wp\/v2\/product_cat?post=33851"},{"taxonomy":"product_tag","embeddable":true,"href":"https:\/\/xn--kbrsglobalstore-7kcc.com\/tr\/wp-json\/wp\/v2\/product_tag?post=33851"}],"curies":[{"name":"wp","href":"https:\/\/api.w.org\/{rel}","templated":true}]}}