{"id":33841,"date":"2025-12-28T15:32:32","date_gmt":"2025-12-28T15:32:32","guid":{"rendered":"https:\/\/xn--kbrsglobalstore-7kcc.com\/?post_type=product&#038;p=33841"},"modified":"2025-12-28T15:32:32","modified_gmt":"2025-12-28T15:32:32","slug":"boys-daily-casual-outing-fashion-print-plant-pattern-front-patch-design-drop-shoulder-style-short-sleeve-shirt-top-and-chapter-design-shorts-two-pieces-suit-boy-shorts-suit-summer","status":"publish","type":"product","link":"https:\/\/xn--kbrsglobalstore-7kcc.com\/tr\/urun\/boys-daily-casual-outing-fashion-print-plant-pattern-front-patch-design-drop-shoulder-style-short-sleeve-shirt-top-and-chapter-design-shorts-two-pieces-suit-boy-shorts-suit-summer\/","title":{"rendered":"Erkek \u00c7ocuklar \u0130\u00e7in G\u00fcnl\u00fck Rahat Giyim, Bitki Desenli Bask\u0131l\u0131 \u00d6n Yama Tasar\u0131ml\u0131 D\u00fc\u015f\u00fck Omuzlu K\u0131sa Kollu G\u00f6mlek ve \u015eort \u0130ki Par\u00e7a Tak\u0131m, Yazl\u0131k Erkek \u00c7ocuk \u015eort Tak\u0131m\u0131"},"content":{"rendered":"<p>Bu \u015f\u0131k iki par\u00e7al\u0131 tak\u0131m, rahatl\u0131\u011f\u0131 dikkat \u00e7ekici tasar\u0131mla birle\u015ftirerek, bir \u00e7ocu\u011fun g\u00fcnl\u00fck yaz maceralar\u0131 i\u00e7in m\u00fckemmel bir k\u0131yafet sunuyor. K\u0131sa kollu g\u00f6mlek, rahat d\u00fc\u015f\u00fck omuz kesimi ve botanik bitki desenli benzersiz \u00f6n yamas\u0131yla taze ve trend bir g\u00f6r\u00fcn\u00fcm sunuyor. Uyumlu \u015fortlarla bir araya getirilen bu tak\u0131m, haval\u0131 ve grafik bir \"b\u00f6l\u00fcm\" tasar\u0131m detay\u0131 ekleyerek, s\u0131radan bir tak\u0131m\u0131n \u00f6tesine ge\u00e7en, b\u00fct\u00fcnl\u00fckl\u00fc ve \u00f6zenli bir g\u00f6r\u00fcn\u00fcm yarat\u0131yor.<\/p>\n<p>Rahatl\u0131k ve hareket \u00f6zg\u00fcrl\u00fc\u011f\u00fc i\u00e7in tasarlanan bu tak\u0131m elbise, oyun bulu\u015fmalar\u0131, aile gezileri veya g\u00fcne\u015f alt\u0131nda yap\u0131lan her t\u00fcrl\u00fc g\u00fcndelik aktivite i\u00e7in idealdir. Nefes alabilen kuma\u015f\u0131 ve \u00f6zenli, rahat sil\u00fceti g\u00fcn boyu konfor sa\u011flarken, modern bask\u0131lar ve detaylar e\u011flenceli, gen\u00e7 bir ki\u015fili\u011fi ifade eder. Giyinmeyi kolayla\u015ft\u0131ran ve t\u00fcm sezon boyunca \u015f\u0131k ve ne\u015feli g\u00f6r\u00fcnmesini sa\u011flayan zahmetsiz, her zaman tercih edilebilecek bir k\u0131yafettir.<\/p>","protected":false},"excerpt":{"rendered":"<p>This stylish two-piece suit is the perfect outfit for a boy&#8217;s daily summer adventures, blending casual comfort with standout design. The short-sleeve shirt top features a relaxed drop-shoulder cut and a unique front patch with a botanical plant pattern, offering a fresh and trendy look. It&#8217;s paired with matching shorts that add a cool, graphic [&hellip;]<\/p>","protected":false},"featured_media":33842,"comment_status":"open","ping_status":"closed","template":"","meta":{"_monsterinsights_skip_tracking":false,"_monsterinsights_sitenote_active":false,"_monsterinsights_sitenote_note":"","_monsterinsights_sitenote_category":0},"product_brand":[],"product_cat":[113],"product_tag":[],"class_list":{"0":"post-33841","1":"product","2":"type-product","3":"status-publish","4":"has-post-thumbnail","6":"product_cat-kids-clothing","8":"first","9":"instock","10":"shipping-taxable","11":"purchasable","12":"product-type-simple"},"aioseo_notices":[],"_links":{"self":[{"href":"https:\/\/xn--kbrsglobalstore-7kcc.com\/tr\/wp-json\/wp\/v2\/product\/33841","targetHints":{"allow":["GET"]}}],"collection":[{"href":"https:\/\/xn--kbrsglobalstore-7kcc.com\/tr\/wp-json\/wp\/v2\/product"}],"about":[{"href":"https:\/\/xn--kbrsglobalstore-7kcc.com\/tr\/wp-json\/wp\/v2\/types\/product"}],"replies":[{"embeddable":true,"href":"https:\/\/xn--kbrsglobalstore-7kcc.com\/tr\/wp-json\/wp\/v2\/comments?post=33841"}],"wp:featuredmedia":[{"embeddable":true,"href":"https:\/\/xn--kbrsglobalstore-7kcc.com\/tr\/wp-json\/wp\/v2\/media\/33842"}],"wp:attachment":[{"href":"https:\/\/xn--kbrsglobalstore-7kcc.com\/tr\/wp-json\/wp\/v2\/media?parent=33841"}],"wp:term":[{"taxonomy":"product_brand","embeddable":true,"href":"https:\/\/xn--kbrsglobalstore-7kcc.com\/tr\/wp-json\/wp\/v2\/product_brand?post=33841"},{"taxonomy":"product_cat","embeddable":true,"href":"https:\/\/xn--kbrsglobalstore-7kcc.com\/tr\/wp-json\/wp\/v2\/product_cat?post=33841"},{"taxonomy":"product_tag","embeddable":true,"href":"https:\/\/xn--kbrsglobalstore-7kcc.com\/tr\/wp-json\/wp\/v2\/product_tag?post=33841"}],"curies":[{"name":"wp","href":"https:\/\/api.w.org\/{rel}","templated":true}]}}