{"id":33832,"date":"2025-12-28T15:26:13","date_gmt":"2025-12-28T15:26:13","guid":{"rendered":"https:\/\/xn--kbrsglobalstore-7kcc.com\/?post_type=product&#038;p=33832"},"modified":"2025-12-28T15:26:13","modified_gmt":"2025-12-28T15:26:13","slug":"soft-warm-colored-casual-pleated-round-neck-cropped-top-and-wide-leg-pants-elegant-set-suitable-for-teenagers","status":"publish","type":"product","link":"https:\/\/xn--kbrsglobalstore-7kcc.com\/tr\/urun\/soft-warm-colored-casual-pleated-round-neck-cropped-top-and-wide-leg-pants-elegant-set-suitable-for-teenagers\/","title":{"rendered":"Yumu\u015fak ve s\u0131cak renklerde, pileli, yuvarlak yakal\u0131, k\u0131sa \u00fcst ve geni\u015f pa\u00e7al\u0131 pantolondan olu\u015fan \u015f\u0131k tak\u0131m, gen\u00e7ler i\u00e7in uygundur."},"content":{"rendered":"<p>Bu zarif iki par\u00e7al\u0131 tak\u0131m, moda bilincine sahip gen\u00e7ler i\u00e7in \u00e7a\u011fda\u015f stil ve zahmetsiz rahatl\u0131\u011f\u0131n m\u00fckemmel bir kar\u0131\u015f\u0131m\u0131n\u0131 sunuyor. Yumu\u015fak, s\u0131cak renkli kuma\u015f, zarif ve davetkar bir g\u00f6r\u00fcn\u00fcm yarat\u0131rken, yuvarlak yakal\u0131 ve ince pileli \u015f\u0131k bir k\u0131sa \u00fcst, ince bir doku detay\u0131 sunuyor. Ak\u0131c\u0131, y\u00fcksek belli geni\u015f pa\u00e7al\u0131 pantolonla bir araya gelen bu kombin, hem trend hem de t\u00fcm g\u00fcn giyilebilecek inan\u0131lmaz derecede rahat, sofistike bir sil\u00fcet olu\u015fturuyor.<\/p>\n<p>\u00c7ok y\u00f6nl\u00fc kullan\u0131m i\u00e7in tasarlanan bu uyumlu tak\u0131m, g\u00fcndelik geziler, rahat sosyal toplant\u0131lar veya sadece rafine bir ki\u015fisel tarz\u0131 ifade etmek i\u00e7in ideal bir se\u00e7imdir. Minimalist kesimi ve uyumlu renk \u015femas\u0131, aksesuarlarla \u015f\u0131k bir g\u00f6r\u00fcn\u00fcm yaratmay\u0131 veya sade ve derli toplu bir g\u00f6r\u00fcn\u00fcm i\u00e7in kullanmay\u0131 kolayla\u015ft\u0131r\u0131r. Gard\u0131robunda \u015f\u0131k ama rahat bir par\u00e7a arayan gen\u00e7ler i\u00e7in m\u00fckemmel bir tercih.<\/p>","protected":false},"excerpt":{"rendered":"<p>This elegant two-piece set offers a perfect blend of contemporary style and effortless comfort for the fashion-conscious teenager. The soft, warm-colored fabric creates a gentle and inviting look, featuring a chic cropped top with a round neck and delicate pleating for a subtle textured detail. Paired with fluid, high-waisted wide-leg pants, the ensemble delivers a [&hellip;]<\/p>","protected":false},"featured_media":33833,"comment_status":"open","ping_status":"closed","template":"","meta":{"_monsterinsights_skip_tracking":false,"_monsterinsights_sitenote_active":false,"_monsterinsights_sitenote_note":"","_monsterinsights_sitenote_category":0},"product_brand":[],"product_cat":[113],"product_tag":[],"class_list":{"0":"post-33832","1":"product","2":"type-product","3":"status-publish","4":"has-post-thumbnail","6":"product_cat-kids-clothing","8":"first","9":"instock","10":"shipping-taxable","11":"purchasable","12":"product-type-simple"},"aioseo_notices":[],"_links":{"self":[{"href":"https:\/\/xn--kbrsglobalstore-7kcc.com\/tr\/wp-json\/wp\/v2\/product\/33832","targetHints":{"allow":["GET"]}}],"collection":[{"href":"https:\/\/xn--kbrsglobalstore-7kcc.com\/tr\/wp-json\/wp\/v2\/product"}],"about":[{"href":"https:\/\/xn--kbrsglobalstore-7kcc.com\/tr\/wp-json\/wp\/v2\/types\/product"}],"replies":[{"embeddable":true,"href":"https:\/\/xn--kbrsglobalstore-7kcc.com\/tr\/wp-json\/wp\/v2\/comments?post=33832"}],"wp:featuredmedia":[{"embeddable":true,"href":"https:\/\/xn--kbrsglobalstore-7kcc.com\/tr\/wp-json\/wp\/v2\/media\/33833"}],"wp:attachment":[{"href":"https:\/\/xn--kbrsglobalstore-7kcc.com\/tr\/wp-json\/wp\/v2\/media?parent=33832"}],"wp:term":[{"taxonomy":"product_brand","embeddable":true,"href":"https:\/\/xn--kbrsglobalstore-7kcc.com\/tr\/wp-json\/wp\/v2\/product_brand?post=33832"},{"taxonomy":"product_cat","embeddable":true,"href":"https:\/\/xn--kbrsglobalstore-7kcc.com\/tr\/wp-json\/wp\/v2\/product_cat?post=33832"},{"taxonomy":"product_tag","embeddable":true,"href":"https:\/\/xn--kbrsglobalstore-7kcc.com\/tr\/wp-json\/wp\/v2\/product_tag?post=33832"}],"curies":[{"name":"wp","href":"https:\/\/api.w.org\/{rel}","templated":true}]}}