{"id":33826,"date":"2025-12-28T15:14:35","date_gmt":"2025-12-28T15:14:35","guid":{"rendered":"https:\/\/xn--kbrsglobalstore-7kcc.com\/?post_type=product&#038;p=33826"},"modified":"2025-12-28T15:14:36","modified_gmt":"2025-12-28T15:14:36","slug":"shein-leap-crew-2pcs-vintage-bowknot-leopard-print-tween-girls-casual-minimalist-short-sleeve-top-and-shorts-set-summer","status":"publish","type":"product","link":"https:\/\/xn--kbrsglobalstore-7kcc.com\/tr\/urun\/shein-leap-crew-2pcs-vintage-bowknot-leopard-print-tween-girls-casual-minimalist-short-sleeve-top-and-shorts-set-summer\/","title":{"rendered":"SHEIN Leap Crew 2 Par\u00e7al\u0131 Vintage Fiyonklu ve Leopar Desenli Gen\u00e7 K\u0131z \u00c7ocuklar\u0131 \u0130\u00e7in G\u00fcnl\u00fck Minimalist K\u0131sa Kollu \u00dcst ve \u015eort Tak\u0131m\u0131, Yazl\u0131k"},"content":{"rendered":"<p>Bu HEIN Leap Crew iki par\u00e7al\u0131 tak\u0131m, modaya d\u00fc\u015fk\u00fcn gen\u00e7 k\u0131zlar i\u00e7in vintage cazibeyi modern minimalist stille zahmetsizce harmanl\u0131yor. K\u0131sa kollu \u00fcst, zarif bir fiyonk detay\u0131yla tatl\u0131 bir \u015f\u0131kl\u0131k katarken, uyumlu \u015fort ise ince bir leopar deseniyle e\u011flenceli bir hava getiriyor. Yumu\u015fak ve nefes alabilen kuma\u015ftan \u00fcretilen bu uyumlu k\u0131yafet, g\u00fcndelik gezilerden arkada\u015flarla rahat bulu\u015fmalara kadar yaz maceralar\u0131nda g\u00fcn boyu konfor sa\u011fl\u0131yor.<\/p>\n<p>Kolay giyilebilir ve \u00e7ok y\u00f6nl\u00fc kombinler i\u00e7in tasarlanan bu set, zahmetsizce \u015f\u0131k bir g\u00f6r\u00fcn\u00fcm sunuyor. Sade \u00e7izgileri ve uyumlu tasar\u0131m\u0131yla yaz gard\u0131robunun vazge\u00e7ilmez bir par\u00e7as\u0131 olan bu set, gen\u00e7 k\u0131zlar\u0131n haval\u0131 ve \u00f6zenle se\u00e7ilmi\u015f ki\u015fisel tarzlar\u0131n\u0131 ifade etmelerini sa\u011fl\u0131yor. Basit, \u015f\u0131k ve inan\u0131lmaz derecede rahat bir kombin i\u00e7inde trendlere uygun detaylardan ho\u015flanan k\u0131zlar i\u00e7in ideal bir se\u00e7im.<\/p>","protected":false},"excerpt":{"rendered":"<p>This HEIN Leap Crew two-piece set effortlessly blends vintage charm with modern minimalist style for the fashion-forward tween girl. The short-sleeve top features a delicate bowknot detail, adding a touch of sweet elegance, while the matching shorts introduce a playful edge with a subtle leopard print. Crafted from soft, breathable fabric, this coordinated outfit ensures [&hellip;]<\/p>","protected":false},"featured_media":33827,"comment_status":"open","ping_status":"closed","template":"","meta":{"_monsterinsights_skip_tracking":false,"_monsterinsights_sitenote_active":false,"_monsterinsights_sitenote_note":"","_monsterinsights_sitenote_category":0},"product_brand":[],"product_cat":[113],"product_tag":[],"class_list":{"0":"post-33826","1":"product","2":"type-product","3":"status-publish","4":"has-post-thumbnail","6":"product_cat-kids-clothing","8":"first","9":"instock","10":"shipping-taxable","11":"purchasable","12":"product-type-simple"},"aioseo_notices":[],"_links":{"self":[{"href":"https:\/\/xn--kbrsglobalstore-7kcc.com\/tr\/wp-json\/wp\/v2\/product\/33826","targetHints":{"allow":["GET"]}}],"collection":[{"href":"https:\/\/xn--kbrsglobalstore-7kcc.com\/tr\/wp-json\/wp\/v2\/product"}],"about":[{"href":"https:\/\/xn--kbrsglobalstore-7kcc.com\/tr\/wp-json\/wp\/v2\/types\/product"}],"replies":[{"embeddable":true,"href":"https:\/\/xn--kbrsglobalstore-7kcc.com\/tr\/wp-json\/wp\/v2\/comments?post=33826"}],"wp:featuredmedia":[{"embeddable":true,"href":"https:\/\/xn--kbrsglobalstore-7kcc.com\/tr\/wp-json\/wp\/v2\/media\/33827"}],"wp:attachment":[{"href":"https:\/\/xn--kbrsglobalstore-7kcc.com\/tr\/wp-json\/wp\/v2\/media?parent=33826"}],"wp:term":[{"taxonomy":"product_brand","embeddable":true,"href":"https:\/\/xn--kbrsglobalstore-7kcc.com\/tr\/wp-json\/wp\/v2\/product_brand?post=33826"},{"taxonomy":"product_cat","embeddable":true,"href":"https:\/\/xn--kbrsglobalstore-7kcc.com\/tr\/wp-json\/wp\/v2\/product_cat?post=33826"},{"taxonomy":"product_tag","embeddable":true,"href":"https:\/\/xn--kbrsglobalstore-7kcc.com\/tr\/wp-json\/wp\/v2\/product_tag?post=33826"}],"curies":[{"name":"wp","href":"https:\/\/api.w.org\/{rel}","templated":true}]}}