{"id":33816,"date":"2025-12-28T11:18:44","date_gmt":"2025-12-28T11:18:44","guid":{"rendered":"https:\/\/xn--kbrsglobalstore-7kcc.com\/?post_type=product&#038;p=33816"},"modified":"2025-12-28T11:18:44","modified_gmt":"2025-12-28T11:18:44","slug":"2pcs-toddler-boys-casual-solid-color-pattern-short-sleeve-t-shirt-and-shorts-set-with-pouch-summer-2","status":"publish","type":"product","link":"https:\/\/xn--kbrsglobalstore-7kcc.com\/tr\/urun\/2pcs-toddler-boys-casual-solid-color-pattern-short-sleeve-t-shirt-and-shorts-set-with-pouch-summer-2\/","title":{"rendered":"2 Par\u00e7al\u0131, \u00c7ocuk Erkek \u00c7ocuklar \u0130\u00e7in G\u00fcnl\u00fck Kullan\u0131ma Uygun, D\u00fcz Renk Desenli, K\u0131sa Kollu Ti\u015f\u00f6rt ve \u015eort Tak\u0131m\u0131, Yazl\u0131k, Cepli"},"content":{"rendered":"<p>Bu sevimli 2 par\u00e7al\u0131 set, hareketli k\u00fc\u00e7\u00fck erkek \u00e7ocu\u011funuz i\u00e7in m\u00fckemmel bir yazl\u0131k k\u0131yafet. Yumu\u015fak, nefes alabilen k\u0131sa kollu ti\u015f\u00f6rt ve ona uygun lastikli bel \u015forttan olu\u015fuyor; her ikisi de \u015f\u0131kl\u0131k katmak i\u00e7in ince bir desene sahip \u00e7ok y\u00f6nl\u00fc d\u00fcz bir renkte. \u015eorttaki pratik kanguru cebi, k\u00fc\u00e7\u00fck eller veya de\u011ferli buluntular i\u00e7in e\u011flenceli bir yer sunarak, onu hem i\u015flevsel hem de sevimli k\u0131l\u0131yor.<\/p>\n<p>G\u00fcn boyu konfor ve kolayl\u0131k i\u00e7in tasarlanan bu g\u00fcnl\u00fck set, oyun bulu\u015fmalar\u0131, aile gezileri veya g\u00fcnl\u00fck maceralar i\u00e7in idealdir. Rahat kuma\u015f\u0131 ve basit giyilebilir tasar\u0131m\u0131 giydirmeyi kolayla\u015ft\u0131r\u0131rken, klasik g\u00f6r\u00fcn\u00fcm\u00fc de her zaman \u015f\u0131k g\u00f6r\u00fcnmesini sa\u011flar. Bu, minik yavrunuzun t\u00fcm sezon boyunca serin, hareketli ve \u015f\u0131k kalmas\u0131n\u0131 sa\u011flayan zahmetsiz bir k\u0131yafet setidir.<\/p>","protected":false},"excerpt":{"rendered":"<p>This adorable 2-piece set is the perfect summer essential for your active toddler boy. It features a soft, breathable short-sleeve t-shirt and matching elastic-waist shorts, both in a versatile solid color with a subtle pattern for added style. The practical kangaroo pouch on the shorts offers a fun spot for little hands or treasured finds, [&hellip;]<\/p>","protected":false},"featured_media":33817,"comment_status":"open","ping_status":"closed","template":"","meta":{"_monsterinsights_skip_tracking":false,"_monsterinsights_sitenote_active":false,"_monsterinsights_sitenote_note":"","_monsterinsights_sitenote_category":0},"product_brand":[],"product_cat":[113],"product_tag":[],"class_list":{"0":"post-33816","1":"product","2":"type-product","3":"status-publish","4":"has-post-thumbnail","6":"product_cat-kids-clothing","8":"first","9":"instock","10":"shipping-taxable","11":"purchasable","12":"product-type-simple"},"aioseo_notices":[],"_links":{"self":[{"href":"https:\/\/xn--kbrsglobalstore-7kcc.com\/tr\/wp-json\/wp\/v2\/product\/33816","targetHints":{"allow":["GET"]}}],"collection":[{"href":"https:\/\/xn--kbrsglobalstore-7kcc.com\/tr\/wp-json\/wp\/v2\/product"}],"about":[{"href":"https:\/\/xn--kbrsglobalstore-7kcc.com\/tr\/wp-json\/wp\/v2\/types\/product"}],"replies":[{"embeddable":true,"href":"https:\/\/xn--kbrsglobalstore-7kcc.com\/tr\/wp-json\/wp\/v2\/comments?post=33816"}],"wp:featuredmedia":[{"embeddable":true,"href":"https:\/\/xn--kbrsglobalstore-7kcc.com\/tr\/wp-json\/wp\/v2\/media\/33817"}],"wp:attachment":[{"href":"https:\/\/xn--kbrsglobalstore-7kcc.com\/tr\/wp-json\/wp\/v2\/media?parent=33816"}],"wp:term":[{"taxonomy":"product_brand","embeddable":true,"href":"https:\/\/xn--kbrsglobalstore-7kcc.com\/tr\/wp-json\/wp\/v2\/product_brand?post=33816"},{"taxonomy":"product_cat","embeddable":true,"href":"https:\/\/xn--kbrsglobalstore-7kcc.com\/tr\/wp-json\/wp\/v2\/product_cat?post=33816"},{"taxonomy":"product_tag","embeddable":true,"href":"https:\/\/xn--kbrsglobalstore-7kcc.com\/tr\/wp-json\/wp\/v2\/product_tag?post=33816"}],"curies":[{"name":"wp","href":"https:\/\/api.w.org\/{rel}","templated":true}]}}