{"id":33748,"date":"2025-12-15T09:39:22","date_gmt":"2025-12-15T09:39:22","guid":{"rendered":"https:\/\/xn--kbrsglobalstore-7kcc.com\/?post_type=product&#038;p=33748"},"modified":"2025-12-17T20:13:59","modified_gmt":"2025-12-17T20:13:59","slug":"poedagar-mens-luxury-business-watch-gift-50m-water-resistant-square-green-dial-date-display-diamond-markers-luminous-silver-stainless-steel-strap-high-quality-japan-quartz-movement-premium-built-in","status":"publish","type":"product","link":"https:\/\/xn--kbrsglobalstore-7kcc.com\/tr\/urun\/poedagar-mens-luxury-business-watch-gift-50m-water-resistant-square-green-dial-date-display-diamond-markers-luminous-silver-stainless-steel-strap-high-quality-japan-quartz-movement-premium-built-in\/","title":{"rendered":"POEDAGAR Erkek L\u00fcks \u0130\u015f Kol Saati"},"content":{"rendered":"<p class=\"ds-markdown-paragraph\">Modern beyefendi i\u00e7in cesur tasar\u0131m ve g\u00fcvenilir performans\u0131n m\u00fckemmel bir sentezi olan POEDAGAR Erkek L\u00fcks \u0130\u015f Saati ile tan\u0131\u015f\u0131n. Bu saat, ger\u00e7ek elmas saat i\u015faretleri ve \u00fcst\u00fcn okunabilirlik i\u00e7in \u0131\u015f\u0131kl\u0131 ibreleriyle zarif bir \u015fekilde i\u015faretlenmi\u015f, kendine \u00f6zg\u00fc kare ye\u015fil g\u00fcne\u015f \u0131\u015f\u0131\u011f\u0131 desenli kadran\u0131yla dikkat \u00e7ekiyor.<\/p>\n<p class=\"ds-markdown-paragraph\">\u00d6z\u00fcnde, ola\u011fan\u00fcst\u00fc do\u011fruluk sa\u011flayan hassas bir Japon kuvars mekanizmas\u0131 bulunur ve uzun \u00f6m\u00fcrl\u00fc pili sayesinde y\u0131llarca sorunsuz \u00e7al\u0131\u015f\u0131r. Dayan\u0131kl\u0131l\u0131k i\u00e7in tasarlanan bu saat, 50 metreye kadar su ge\u00e7irmezlik \u00f6zelli\u011fine sahiptir ve her duruma uygun, rahat ve parlak paslanmaz \u00e7elik bileklik ile tamamlanm\u0131\u015ft\u0131r.<\/p>\n<p class=\"ds-markdown-paragraph\">Bir aksesuardan \u00e7ok daha fazlas\u0131, bir tarz ifadesi. Birinci s\u0131n\u0131f bir hediye kutusunda sunulan bu \u00fcr\u00fcn, baban\u0131z, karde\u015finiz veya e\u015finiz i\u00e7in do\u011fum g\u00fcnlerinde, tatillerde veya herhangi bir \u00f6zel d\u00f6n\u00fcm noktas\u0131nda hayattaki ba\u015far\u0131lar\u0131 onurland\u0131rmak i\u00e7in m\u00fckemmel bir hediyedir. Her saniyede kal\u0131c\u0131 bir zarafeti deneyimleyin.<\/p>","protected":false},"excerpt":{"rendered":"<p>Introducing the POEDAGAR Men&#8217;s Luxury Business Watch\u2014a perfect synthesis of bold design and dependable performance for the modern gentleman. This timepiece commands attention with its distinctive square green sunburst dial, elegantly marked by genuine diamond hour markers and luminous hands for superior readability. At its core, a precise Japanese quartz movement ensures exceptional accuracy, supported [&hellip;]<\/p>","protected":false},"featured_media":33755,"comment_status":"open","ping_status":"closed","template":"","meta":{"_monsterinsights_skip_tracking":false,"_monsterinsights_sitenote_active":false,"_monsterinsights_sitenote_note":"","_monsterinsights_sitenote_category":0},"product_brand":[],"product_cat":[15,114,141],"product_tag":[],"class_list":{"0":"post-33748","1":"product","2":"type-product","3":"status-publish","4":"has-post-thumbnail","6":"product_cat-uncategorized","7":"product_cat-jewelry-and-accessories","8":"product_cat-watches","10":"first","11":"instock","12":"shipping-taxable","13":"purchasable","14":"product-type-simple"},"aioseo_notices":[],"_links":{"self":[{"href":"https:\/\/xn--kbrsglobalstore-7kcc.com\/tr\/wp-json\/wp\/v2\/product\/33748","targetHints":{"allow":["GET"]}}],"collection":[{"href":"https:\/\/xn--kbrsglobalstore-7kcc.com\/tr\/wp-json\/wp\/v2\/product"}],"about":[{"href":"https:\/\/xn--kbrsglobalstore-7kcc.com\/tr\/wp-json\/wp\/v2\/types\/product"}],"replies":[{"embeddable":true,"href":"https:\/\/xn--kbrsglobalstore-7kcc.com\/tr\/wp-json\/wp\/v2\/comments?post=33748"}],"wp:featuredmedia":[{"embeddable":true,"href":"https:\/\/xn--kbrsglobalstore-7kcc.com\/tr\/wp-json\/wp\/v2\/media\/33755"}],"wp:attachment":[{"href":"https:\/\/xn--kbrsglobalstore-7kcc.com\/tr\/wp-json\/wp\/v2\/media?parent=33748"}],"wp:term":[{"taxonomy":"product_brand","embeddable":true,"href":"https:\/\/xn--kbrsglobalstore-7kcc.com\/tr\/wp-json\/wp\/v2\/product_brand?post=33748"},{"taxonomy":"product_cat","embeddable":true,"href":"https:\/\/xn--kbrsglobalstore-7kcc.com\/tr\/wp-json\/wp\/v2\/product_cat?post=33748"},{"taxonomy":"product_tag","embeddable":true,"href":"https:\/\/xn--kbrsglobalstore-7kcc.com\/tr\/wp-json\/wp\/v2\/product_tag?post=33748"}],"curies":[{"name":"wp","href":"https:\/\/api.w.org\/{rel}","templated":true}]}}