{"id":33740,"date":"2025-12-15T09:37:26","date_gmt":"2025-12-15T09:37:26","guid":{"rendered":"https:\/\/xn--kbrsglobalstore-7kcc.com\/?post_type=product&#038;p=33740"},"modified":"2025-12-17T20:13:59","modified_gmt":"2025-12-17T20:13:59","slug":"lige-round-dial-quartz-watch","status":"publish","type":"product","link":"https:\/\/xn--kbrsglobalstore-7kcc.com\/tr\/urun\/lige-round-dial-quartz-watch\/","title":{"rendered":"LIGE Yuvarlak Kadranl\u0131 Kuvars Saat"},"content":{"rendered":"<p class=\"ds-markdown-paragraph\">Klasik tasar\u0131m ve modern i\u015flevselli\u011fin ustaca birle\u015fimi olan LIGE Yuvarlak Kadranl\u0131 Kuvars Saat ile g\u00fcnl\u00fck stilinizi bir \u00fcst seviyeye ta\u015f\u0131y\u0131n. Bu saat, zamans\u0131z esteti\u011fi kristal berrakl\u0131\u011f\u0131nda okunabilirlikle birle\u015ftiren sade ve \u00e7ok y\u00f6nl\u00fc yuvarlak kadran\u0131yla hem profesyonel hem de g\u00fcnl\u00fck ortamlar i\u00e7in vazge\u00e7ilmez bir aksesuard\u0131r.<\/p>\n<p class=\"ds-markdown-paragraph\">G\u00fcvenilir kuvars mekanizmas\u0131yla \u00e7al\u0131\u015fan bu saat, minimum bak\u0131m gereksinimiyle hassas zaman tutma \u00f6zelli\u011fi sunar ve dayan\u0131kl\u0131 paslanmaz \u00e7elik kasaya sahiptir. Konforlu, uyumlu bileklik ise sabahtan ak\u015fama kadar kusursuz bir kullan\u0131m sa\u011flar.<\/p>\n<p class=\"ds-markdown-paragraph\">\u0130ster ki\u015fisel bir aksesuar olarak tak\u0131n, ister d\u00fc\u015f\u00fcnceli bir hediye olarak sunun, LIGE Yuvarlak Kadranl\u0131 Saat, her g\u00fcn ve her durum i\u00e7in sade bir zarafet ve g\u00fcvenilir performans sunar.<\/p>","protected":false},"excerpt":{"rendered":"<p>Elevate your daily style with the LIGE Round Dial Quartz Watch\u2014a masterclass in classic design and modern functionality. This watch features a clean, versatile round dial that pairs timeless aesthetics with crystal-clear readability, making it an essential accessory for both professional and casual settings. Driven by a reliable quartz movement, it delivers precise timekeeping with [&hellip;]<\/p>","protected":false},"featured_media":33746,"comment_status":"open","ping_status":"closed","template":"","meta":{"_monsterinsights_skip_tracking":false,"_monsterinsights_sitenote_active":false,"_monsterinsights_sitenote_note":"","_monsterinsights_sitenote_category":0},"product_brand":[],"product_cat":[15,114,141],"product_tag":[],"class_list":{"0":"post-33740","1":"product","2":"type-product","3":"status-publish","4":"has-post-thumbnail","6":"product_cat-uncategorized","7":"product_cat-jewelry-and-accessories","8":"product_cat-watches","10":"first","11":"instock","12":"shipping-taxable","13":"purchasable","14":"product-type-simple"},"aioseo_notices":[],"_links":{"self":[{"href":"https:\/\/xn--kbrsglobalstore-7kcc.com\/tr\/wp-json\/wp\/v2\/product\/33740","targetHints":{"allow":["GET"]}}],"collection":[{"href":"https:\/\/xn--kbrsglobalstore-7kcc.com\/tr\/wp-json\/wp\/v2\/product"}],"about":[{"href":"https:\/\/xn--kbrsglobalstore-7kcc.com\/tr\/wp-json\/wp\/v2\/types\/product"}],"replies":[{"embeddable":true,"href":"https:\/\/xn--kbrsglobalstore-7kcc.com\/tr\/wp-json\/wp\/v2\/comments?post=33740"}],"wp:featuredmedia":[{"embeddable":true,"href":"https:\/\/xn--kbrsglobalstore-7kcc.com\/tr\/wp-json\/wp\/v2\/media\/33746"}],"wp:attachment":[{"href":"https:\/\/xn--kbrsglobalstore-7kcc.com\/tr\/wp-json\/wp\/v2\/media?parent=33740"}],"wp:term":[{"taxonomy":"product_brand","embeddable":true,"href":"https:\/\/xn--kbrsglobalstore-7kcc.com\/tr\/wp-json\/wp\/v2\/product_brand?post=33740"},{"taxonomy":"product_cat","embeddable":true,"href":"https:\/\/xn--kbrsglobalstore-7kcc.com\/tr\/wp-json\/wp\/v2\/product_cat?post=33740"},{"taxonomy":"product_tag","embeddable":true,"href":"https:\/\/xn--kbrsglobalstore-7kcc.com\/tr\/wp-json\/wp\/v2\/product_tag?post=33740"}],"curies":[{"name":"wp","href":"https:\/\/api.w.org\/{rel}","templated":true}]}}