{"id":33733,"date":"2025-12-15T09:35:30","date_gmt":"2025-12-15T09:35:30","guid":{"rendered":"https:\/\/xn--kbrsglobalstore-7kcc.com\/?post_type=product&#038;p=33733"},"modified":"2025-12-17T20:14:00","modified_gmt":"2025-12-17T20:14:00","slug":"reward-mens-quartz-watch-business-fashion-style-timing-calendar-luminous-hands-multi-functional-men-wristwatch-high-quality-gift-classic-design-stainless-steel-watch-band-2","status":"publish","type":"product","link":"https:\/\/xn--kbrsglobalstore-7kcc.com\/tr\/urun\/reward-mens-quartz-watch-business-fashion-style-timing-calendar-luminous-hands-multi-functional-men-wristwatch-high-quality-gift-classic-design-stainless-steel-watch-band-2\/","title":{"rendered":"REWARD Erkek Kuvars Paslanmaz \u00c7elik Kol Saati"},"content":{"rendered":"<p class=\"ds-markdown-paragraph\">REWARD Erkek Kuvars Kol Saati ile profesyonel stil ve ak\u0131ll\u0131 i\u015flevselli\u011fin m\u00fckemmel birle\u015fimini deneyimleyin. Hem bi\u00e7ime hem de amaca de\u011fer veren modern erkekler i\u00e7in tasarlanan bu kol saati, \u015f\u0131k, klasik bir tasar\u0131m\u0131 g\u00fcnl\u00fck kullan\u0131m i\u00e7in pratik \u00f6zelliklerle birle\u015ftiriyor.<\/p>\n<p class=\"ds-markdown-paragraph translation-block\">Zarif kadran, net bir takvim ve \u0131\u015f\u0131kl\u0131 ibreler bar\u0131nd\u0131rarak, program\u0131n\u0131za sad\u0131k kalman\u0131z\u0131 ve her t\u00fcrl\u00fc \u0131\u015f\u0131kta saati okuyabilmenizi sa\u011flar. Zarafetten \u00f6d\u00fcn vermeden g\u00fcnl\u00fck ritminizi destekleyen ger\u00e7ekten \u00e7ok i\u015flevli bir aksesuard\u0131r.<\/p>\n<p class=\"ds-markdown-paragraph translation-block\">Dayan\u0131kl\u0131l\u0131k ve konfor i\u00e7in tasarlanan saat, g\u00fcvenli ve \u015f\u0131k bir kullan\u0131m sa\u011flayan y\u00fcksek kaliteli paslanmaz \u00e7elik kordona sahiptir. G\u00fcvenilir kuvars mekanizmas\u0131 ve \u00e7ok y\u00f6nl\u00fc esteti\u011fiyle REWARD saati, bir zaman \u00f6l\u00e7me arac\u0131ndan \u00e7ok daha fazlas\u0131; klasik bir tasar\u0131m ifadesi ve her durum i\u00e7in d\u00fc\u015f\u00fcnceli bir hediye olup, ofisten ak\u015fam davetlerine kadar sofistike bir kolayl\u0131kla ge\u00e7i\u015f yapar.<\/p>","protected":false},"excerpt":{"rendered":"<p>Experience the perfect blend of professional style and intelligent functionality with the REWARD Men&#8217;s Quartz Watch. Designed for the modern man who values both form and purpose, this wristwatch combines a sleek, classic design with practical features for everyday wear. The refined dial houses a clear\u00a0timing calendar\u00a0and\u00a0luminous hands, ensuring you stay on schedule and can [&hellip;]<\/p>","protected":false},"featured_media":33734,"comment_status":"open","ping_status":"closed","template":"","meta":{"_monsterinsights_skip_tracking":false,"_monsterinsights_sitenote_active":false,"_monsterinsights_sitenote_note":"","_monsterinsights_sitenote_category":0},"product_brand":[],"product_cat":[15,114,141],"product_tag":[],"class_list":{"0":"post-33733","1":"product","2":"type-product","3":"status-publish","4":"has-post-thumbnail","6":"product_cat-uncategorized","7":"product_cat-jewelry-and-accessories","8":"product_cat-watches","10":"first","11":"instock","12":"shipping-taxable","13":"purchasable","14":"product-type-simple"},"aioseo_notices":[],"_links":{"self":[{"href":"https:\/\/xn--kbrsglobalstore-7kcc.com\/tr\/wp-json\/wp\/v2\/product\/33733","targetHints":{"allow":["GET"]}}],"collection":[{"href":"https:\/\/xn--kbrsglobalstore-7kcc.com\/tr\/wp-json\/wp\/v2\/product"}],"about":[{"href":"https:\/\/xn--kbrsglobalstore-7kcc.com\/tr\/wp-json\/wp\/v2\/types\/product"}],"replies":[{"embeddable":true,"href":"https:\/\/xn--kbrsglobalstore-7kcc.com\/tr\/wp-json\/wp\/v2\/comments?post=33733"}],"wp:featuredmedia":[{"embeddable":true,"href":"https:\/\/xn--kbrsglobalstore-7kcc.com\/tr\/wp-json\/wp\/v2\/media\/33734"}],"wp:attachment":[{"href":"https:\/\/xn--kbrsglobalstore-7kcc.com\/tr\/wp-json\/wp\/v2\/media?parent=33733"}],"wp:term":[{"taxonomy":"product_brand","embeddable":true,"href":"https:\/\/xn--kbrsglobalstore-7kcc.com\/tr\/wp-json\/wp\/v2\/product_brand?post=33733"},{"taxonomy":"product_cat","embeddable":true,"href":"https:\/\/xn--kbrsglobalstore-7kcc.com\/tr\/wp-json\/wp\/v2\/product_cat?post=33733"},{"taxonomy":"product_tag","embeddable":true,"href":"https:\/\/xn--kbrsglobalstore-7kcc.com\/tr\/wp-json\/wp\/v2\/product_tag?post=33733"}],"curies":[{"name":"wp","href":"https:\/\/api.w.org\/{rel}","templated":true}]}}