{"id":33727,"date":"2025-12-15T09:33:17","date_gmt":"2025-12-15T09:33:17","guid":{"rendered":"https:\/\/xn--kbrsglobalstore-7kcc.com\/?post_type=product&#038;p=33727"},"modified":"2025-12-17T20:14:00","modified_gmt":"2025-12-17T20:14:00","slug":"lige-1pc-black-stainless-steel-strap-business-date-chronograph-round-dial-quartz-watch-for-daily-life","status":"publish","type":"product","link":"https:\/\/xn--kbrsglobalstore-7kcc.com\/tr\/urun\/lige-1pc-black-stainless-steel-strap-business-date-chronograph-round-dial-quartz-watch-for-daily-life\/","title":{"rendered":"LIGE Siyah Paslanmaz \u00c7elik Kay\u0131\u015fl\u0131, Yuvarlak Kadranl\u0131, Kuvars \u0130\u015f Kol Saati"},"content":{"rendered":"<div class=\"dad65929\">\n<div class=\"_4f9bf79 d7dc56a8 _43c05b5\">\n<div class=\"ds-message _63c77b1\">\n<div class=\"ds-markdown\">\n<p class=\"ds-markdown-paragraph\">Yeni g\u00fcnl\u00fck vazge\u00e7ilmezinizle tan\u0131\u015f\u0131n: LIGE Siyah Paslanmaz \u00c7elik Kronograf Saat. Hareket halindeki erkekler i\u00e7in tasarlanan bu saat, iddial\u0131 stili pratik i\u015flevsellikle birle\u015ftirerek, i\u015f toplant\u0131lar\u0131ndan hafta sonu maceralar\u0131na kadar sayg\u0131 uyand\u0131ran bir g\u00f6r\u00fcn\u00fcm sunuyor.<\/p>\n<p class=\"ds-markdown-paragraph translation-block\">Saat, ge\u00e7en s\u00fcreyi takip etmek i\u00e7in geli\u015fmi\u015f bir kronograf ve kullan\u0131\u015fl\u0131 bir tarih penceresi ile donat\u0131lm\u0131\u015f cesur bir yuvarlak kadran ve kusursuz do\u011fruluk i\u00e7in hassas bir kuvars mekanizmas\u0131yla \u00e7al\u0131\u015f\u0131r. En belirleyici \u00f6zelli\u011fi, her k\u0131yafetle zahmetsizce uyum sa\u011flayan, modern ve \u00e7ok y\u00f6nl\u00fc bir g\u00f6r\u00fcn\u00fcm sunan, uzun s\u00fcreli dayan\u0131kl\u0131l\u0131k ve konfor vaat eden \u015f\u0131k, sa\u011flam siyah paslanmaz \u00e7elik kay\u0131\u015f\u0131d\u0131r.<\/p>\n<p class=\"ds-markdown-paragraph\">Bu, sadece bir zaman \u00f6l\u00e7me arac\u0131 de\u011fil, g\u00fcnl\u00fck ya\u015fam i\u00e7in g\u00fcvenilir bir ara\u00e7. Sa\u011flam yap\u0131s\u0131 ve dinamik tasar\u0131m\u0131yla bu LIGE kronograf, her an hem performans hem de \u015f\u0131kl\u0131k arayanlar i\u00e7in m\u00fckemmel bir saat.<\/p>\n<\/div>\n<\/div>\n<div class=\"ds-theme\"><\/div>\n<div class=\"ds-flex _0a3d93b\">\n<div class=\"ds-flex _965abe9 _54866f7\">\n<div class=\"db183363 ds-icon-button ds-icon-button--m ds-icon-button--sizing-container\" tabindex=\"0\" role=\"button\" aria-disabled=\"false\">\n<div class=\"ds-icon-button__hover-bg\"><\/div>\n<div class=\"ds-icon\"><\/div>\n<div class=\"ds-focus-ring\"><\/div>\n<\/div>\n<div class=\"db183363 ds-icon-button ds-icon-button--m ds-icon-button--sizing-container\" tabindex=\"0\" role=\"button\" aria-disabled=\"false\">\n<div class=\"ds-icon-button__hover-bg\"><\/div>\n<div class=\"ds-icon\"><\/div>\n<div class=\"ds-focus-ring\"><\/div>\n<\/div>\n<div class=\"db183363 ds-icon-button ds-icon-button--m ds-icon-button--sizing-container\" tabindex=\"0\" role=\"button\" aria-disabled=\"false\">\n<div class=\"ds-icon-button__hover-bg\"><\/div>\n<div class=\"ds-icon\"><\/div>\n<div class=\"ds-focus-ring\"><\/div>\n<\/div>\n<div class=\"db183363 ds-icon-button ds-icon-button--m ds-icon-button--sizing-container\" tabindex=\"0\" role=\"button\" aria-disabled=\"false\">\n<div class=\"ds-icon-button__hover-bg\"><\/div>\n<div class=\"ds-icon\"><\/div>\n<div class=\"ds-focus-ring\"><\/div>\n<\/div>\n<div class=\"db183363 ds-icon-button ds-icon-button--m ds-icon-button--sizing-container\" tabindex=\"0\" role=\"button\" aria-disabled=\"false\">\n<div class=\"ds-icon-button__hover-bg\"><\/div>\n<div class=\"ds-icon\"><\/div>\n<div class=\"ds-focus-ring\"><\/div>\n<\/div>\n<\/div>\n<div><\/div>\n<\/div>\n<\/div>\n<\/div>\n<div class=\"_871cbca\">\n<div class=\"d72636e2\"><\/div>\n<div class=\"aaff8b8f\">\n<div class=\"_77cefa5 _3d616d3\">\n<div class=\"_020ab5b\">\n<div class=\"_24fad49\">\n<div class=\"ds-scroll-area__gutters\">\n<div class=\"ds-scroll-area__horizontal-gutter\"><\/div>\n<div class=\"ds-scroll-area__vertical-gutter\"><\/div>\n<\/div>\n<\/div>\n<\/div>\n<\/div>\n<\/div>\n<\/div>","protected":false},"excerpt":{"rendered":"<p>Meet your new daily essential\u2014the LIGE Black Stainless Steel Chronograph Watch. Designed for the man on the move, it combines assertive style with practical functionality for a look that commands respect from the boardroom to weekend adventures. The watch features a bold\u00a0round dial\u00a0equipped with a sophisticated\u00a0chronograph\u00a0to track elapsed time and a handy\u00a0date window, all powered [&hellip;]<\/p>","protected":false},"featured_media":33728,"comment_status":"open","ping_status":"closed","template":"","meta":{"_monsterinsights_skip_tracking":false,"_monsterinsights_sitenote_active":false,"_monsterinsights_sitenote_note":"","_monsterinsights_sitenote_category":0},"product_brand":[],"product_cat":[15,114,141],"product_tag":[],"class_list":{"0":"post-33727","1":"product","2":"type-product","3":"status-publish","4":"has-post-thumbnail","6":"product_cat-uncategorized","7":"product_cat-jewelry-and-accessories","8":"product_cat-watches","10":"first","11":"instock","12":"shipping-taxable","13":"purchasable","14":"product-type-simple"},"aioseo_notices":[],"_links":{"self":[{"href":"https:\/\/xn--kbrsglobalstore-7kcc.com\/tr\/wp-json\/wp\/v2\/product\/33727","targetHints":{"allow":["GET"]}}],"collection":[{"href":"https:\/\/xn--kbrsglobalstore-7kcc.com\/tr\/wp-json\/wp\/v2\/product"}],"about":[{"href":"https:\/\/xn--kbrsglobalstore-7kcc.com\/tr\/wp-json\/wp\/v2\/types\/product"}],"replies":[{"embeddable":true,"href":"https:\/\/xn--kbrsglobalstore-7kcc.com\/tr\/wp-json\/wp\/v2\/comments?post=33727"}],"wp:featuredmedia":[{"embeddable":true,"href":"https:\/\/xn--kbrsglobalstore-7kcc.com\/tr\/wp-json\/wp\/v2\/media\/33728"}],"wp:attachment":[{"href":"https:\/\/xn--kbrsglobalstore-7kcc.com\/tr\/wp-json\/wp\/v2\/media?parent=33727"}],"wp:term":[{"taxonomy":"product_brand","embeddable":true,"href":"https:\/\/xn--kbrsglobalstore-7kcc.com\/tr\/wp-json\/wp\/v2\/product_brand?post=33727"},{"taxonomy":"product_cat","embeddable":true,"href":"https:\/\/xn--kbrsglobalstore-7kcc.com\/tr\/wp-json\/wp\/v2\/product_cat?post=33727"},{"taxonomy":"product_tag","embeddable":true,"href":"https:\/\/xn--kbrsglobalstore-7kcc.com\/tr\/wp-json\/wp\/v2\/product_tag?post=33727"}],"curies":[{"name":"wp","href":"https:\/\/api.w.org\/{rel}","templated":true}]}}