{"id":33720,"date":"2025-12-15T09:29:07","date_gmt":"2025-12-15T09:29:07","guid":{"rendered":"https:\/\/xn--kbrsglobalstore-7kcc.com\/?post_type=product&#038;p=33720"},"modified":"2025-12-17T20:14:00","modified_gmt":"2025-12-17T20:14:00","slug":"lige-1pc-men-two-tone-stainless-steel-strap-business-round-dial-quartz-watch-for-daily-life","status":"publish","type":"product","link":"https:\/\/xn--kbrsglobalstore-7kcc.com\/tr\/urun\/lige-1pc-men-two-tone-stainless-steel-strap-business-round-dial-quartz-watch-for-daily-life\/","title":{"rendered":"LIGE Erkek \u0130ki Tonlu Paslanmaz \u00c7elik Saat"},"content":{"rendered":"<div class=\"ds-message _63c77b1\">\n<div class=\"ds-markdown\">\n<p class=\"ds-markdown-paragraph\">Klasik tasar\u0131m\u0131n modern \u00e7ok y\u00f6nl\u00fcl\u00fckle bulu\u015ftu\u011fu LIGE \u0130ki Tonlu Paslanmaz \u00c7elik Saat ile g\u00fcnl\u00fck stilinizi belirleyin. Bu sofistike saat, profesyonel y\u00fck\u00fcml\u00fcl\u00fcklerden ki\u015fisel anlara sorunsuz bir ge\u00e7i\u015f sa\u011flamak \u00fczere tasarlanm\u0131\u015ft\u0131r ve g\u00fcnl\u00fck gard\u0131robunuzun vazge\u00e7ilmez bir par\u00e7as\u0131 oldu\u011funu kan\u0131tlamaktad\u0131r.<\/p>\n<p class=\"ds-markdown-paragraph translation-block\">Saatin merkezinde, g\u00fcm\u00fc\u015f ve alt\u0131n tonlar\u0131n\u0131 zarif bir \u015fekilde harmanlayan \u00e7arp\u0131c\u0131 iki tonlu paslanmaz \u00e7elik kay\u0131\u015fla \u00e7er\u00e7evelenmi\u015f, temiz ve okunakl\u0131 yuvarlak bir kadran yer al\u0131yor. Bu ikonik kombinasyon, hem g\u00fcndelik hem de resmi k\u0131yafetleri kolayl\u0131kla tamamlayan rafine bir g\u00f6r\u00fcn\u00fcm sunuyor. G\u00fcvenilir kuvars mekanizmas\u0131yla \u00e7al\u0131\u015fan saat, minimum zahmetle hassas zaman tutma \u00f6zelli\u011fi sa\u011fl\u0131yor.<\/p>\n<p class=\"ds-markdown-paragraph\">Dayan\u0131kl\u0131l\u0131k i\u00e7in \u00fcretilmi\u015f ve konfor i\u00e7in tasarlanm\u0131\u015f bu saat, bir aksesuardan daha fazlas\u0131; zamans\u0131z bir zevkin ifadesi. LIGE \u0130ki Tonlu Saat, klasik esteti\u011fi \u00e7a\u011fda\u015f bir dokunu\u015fla birle\u015ftiren ve g\u00fcnl\u00fck ya\u015fam\u0131n her an\u0131n\u0131 g\u00fczelle\u015ftirmeye haz\u0131r olan erkekler i\u00e7in m\u00fckemmel bir se\u00e7imdir.<\/p>\n<\/div>\n<\/div>\n<div class=\"ds-theme\"><\/div>\n<div class=\"ds-flex _0a3d93b\">\n<div class=\"ds-flex _965abe9 _54866f7\">\n<div class=\"db183363 ds-icon-button ds-icon-button--m ds-icon-button--sizing-container\" tabindex=\"0\" role=\"button\" aria-disabled=\"false\">\n<div class=\"ds-icon-button__hover-bg\"><\/div>\n<div class=\"ds-icon\"><\/div>\n<div class=\"ds-focus-ring\"><\/div>\n<\/div>\n<div class=\"db183363 ds-icon-button ds-icon-button--m ds-icon-button--sizing-container\" tabindex=\"0\" role=\"button\" aria-disabled=\"false\">\n<div class=\"ds-icon-button__hover-bg\"><\/div>\n<div class=\"ds-icon\"><\/div>\n<div class=\"ds-focus-ring\"><\/div>\n<\/div>\n<div class=\"db183363 ds-icon-button ds-icon-button--m ds-icon-button--sizing-container\" tabindex=\"0\" role=\"button\" aria-disabled=\"false\">\n<div class=\"ds-icon-button__hover-bg\"><\/div>\n<div class=\"ds-icon\"><\/div>\n<div class=\"ds-focus-ring\"><\/div>\n<\/div>\n<div class=\"db183363 ds-icon-button ds-icon-button--m ds-icon-button--sizing-container\" tabindex=\"0\" role=\"button\" aria-disabled=\"false\">\n<div class=\"ds-icon-button__hover-bg\"><\/div>\n<div class=\"ds-icon\"><\/div>\n<div class=\"ds-focus-ring\"><\/div>\n<\/div>\n<div class=\"db183363 ds-icon-button ds-icon-button--m ds-icon-button--sizing-container\" tabindex=\"0\" role=\"button\" aria-disabled=\"false\">\n<div class=\"ds-icon-button__hover-bg\"><\/div>\n<div class=\"ds-icon\"><\/div>\n<\/div>\n<\/div>\n<\/div>","protected":false},"excerpt":{"rendered":"<p>Define your daily style with the LIGE Two-Tone Stainless Steel Watch, where classic design meets modern versatility. This sophisticated timepiece is crafted to make a seamless transition from professional obligations to personal moments, proving itself as an indispensable part of your everyday wardrobe. The centerpiece is a clean, legible\u00a0round dial\u00a0framed by a striking\u00a0two-tone stainless steel [&hellip;]<\/p>","protected":false},"featured_media":33721,"comment_status":"open","ping_status":"closed","template":"","meta":{"_monsterinsights_skip_tracking":false,"_monsterinsights_sitenote_active":false,"_monsterinsights_sitenote_note":"","_monsterinsights_sitenote_category":0},"product_brand":[],"product_cat":[15,114,141],"product_tag":[],"class_list":{"0":"post-33720","1":"product","2":"type-product","3":"status-publish","4":"has-post-thumbnail","6":"product_cat-uncategorized","7":"product_cat-jewelry-and-accessories","8":"product_cat-watches","10":"first","11":"instock","12":"shipping-taxable","13":"purchasable","14":"product-type-simple"},"aioseo_notices":[],"_links":{"self":[{"href":"https:\/\/xn--kbrsglobalstore-7kcc.com\/tr\/wp-json\/wp\/v2\/product\/33720","targetHints":{"allow":["GET"]}}],"collection":[{"href":"https:\/\/xn--kbrsglobalstore-7kcc.com\/tr\/wp-json\/wp\/v2\/product"}],"about":[{"href":"https:\/\/xn--kbrsglobalstore-7kcc.com\/tr\/wp-json\/wp\/v2\/types\/product"}],"replies":[{"embeddable":true,"href":"https:\/\/xn--kbrsglobalstore-7kcc.com\/tr\/wp-json\/wp\/v2\/comments?post=33720"}],"wp:featuredmedia":[{"embeddable":true,"href":"https:\/\/xn--kbrsglobalstore-7kcc.com\/tr\/wp-json\/wp\/v2\/media\/33721"}],"wp:attachment":[{"href":"https:\/\/xn--kbrsglobalstore-7kcc.com\/tr\/wp-json\/wp\/v2\/media?parent=33720"}],"wp:term":[{"taxonomy":"product_brand","embeddable":true,"href":"https:\/\/xn--kbrsglobalstore-7kcc.com\/tr\/wp-json\/wp\/v2\/product_brand?post=33720"},{"taxonomy":"product_cat","embeddable":true,"href":"https:\/\/xn--kbrsglobalstore-7kcc.com\/tr\/wp-json\/wp\/v2\/product_cat?post=33720"},{"taxonomy":"product_tag","embeddable":true,"href":"https:\/\/xn--kbrsglobalstore-7kcc.com\/tr\/wp-json\/wp\/v2\/product_tag?post=33720"}],"curies":[{"name":"wp","href":"https:\/\/api.w.org\/{rel}","templated":true}]}}