{"id":33714,"date":"2025-12-15T09:26:35","date_gmt":"2025-12-15T09:26:35","guid":{"rendered":"https:\/\/xn--kbrsglobalstore-7kcc.com\/?post_type=product&#038;p=33714"},"modified":"2025-12-17T20:14:00","modified_gmt":"2025-12-17T20:14:00","slug":"poedagar-1pc-mens-sports-quartz-wrist-watches-leather-waterproof-chronograph-watch-with-auto-day-luminous-hands-function-holiday-new-year-gifts-for-men","status":"publish","type":"product","link":"https:\/\/xn--kbrsglobalstore-7kcc.com\/tr\/urun\/poedagar-1pc-mens-sports-quartz-wrist-watches-leather-waterproof-chronograph-watch-with-auto-day-luminous-hands-function-holiday-new-year-gifts-for-men\/","title":{"rendered":"POEDAGAR Erkek Spor Kuvars Kol Saatleri"},"content":{"rendered":"<div class=\"ds-message _63c77b1\">\n<div class=\"ds-markdown\">\n<p class=\"ds-markdown-paragraph\">Aktif ya\u015fam tarz\u0131n\u0131za POEDAGAR Erkek Spor Kuvars Kronograf Saati ile g\u00fc\u00e7 kat\u0131n. Performans ve stil i\u00e7in tasarlanm\u0131\u015f dinamik bir saat olan bu model, sa\u011flam i\u015flevselli\u011fi \u015f\u0131k ve sportif bir estetikle birle\u015ftirerek hem atletik faaliyetler hem de g\u00fcnl\u00fck maceralar i\u00e7in m\u00fckemmel bir yol arkada\u015f\u0131d\u0131r.<\/p>\n<p class=\"ds-markdown-paragraph translation-block\">Hassas zamanlama i\u00e7in kapsaml\u0131 bir kronograf fonksiyonuna ve pratik bir otomatik g\u00fcn g\u00f6stergesine sahip olan bu saat, her an m\u00fckemmel bir \u015fekilde organize olman\u0131z\u0131 sa\u011flar. I\u015f\u0131kl\u0131 ibreler, gece ge\u00e7 saatlerdeki bir antrenmandan sabah erken saatlerdeki bir ba\u015flang\u0131ca kadar her ko\u015fulda net g\u00f6r\u00fcn\u00fcrl\u00fck sa\u011flar. Dayan\u0131kl\u0131l\u0131k i\u00e7in tasarlanan saat, su ge\u00e7irmez bir yap\u0131ya sahiptir ve hareketlere dayan\u0131kl\u0131, rahat bir deri kay\u0131\u015fla birlikte gelir; bu kay\u0131\u015f klasik bir g\u00f6r\u00fcn\u00fcm sunarken ayn\u0131 zamanda hareketlere de dayan\u0131kl\u0131d\u0131r.<\/p>\n<p class=\"ds-markdown-paragraph translation-block\">Bu, sadece bir spor saati olmaktan \u00f6te, haz\u0131r olu\u015fun ve incelikli zevkin bir ifadesidir. \u0130deal bir <strong>Tatil veya Y\u0131lba\u015f\u0131 hediyesi<\/strong> olarak sunulan bu POEDAGAR kronograf, her saniyede yetene\u011fe, g\u00fcvenilirli\u011fe ve inkar edilemez stile de\u011fer veren modern erkek i\u00e7in \u00fcretilmi\u015ftir.<\/p>\n<\/div>\n<\/div>\n<div class=\"ds-theme\"><\/div>\n<div class=\"ds-flex _0a3d93b\">\n<div class=\"ds-flex _965abe9 _54866f7\">\n<div class=\"db183363 ds-icon-button ds-icon-button--m ds-icon-button--sizing-container\" tabindex=\"0\" role=\"button\" aria-disabled=\"false\">\n<div class=\"ds-icon-button__hover-bg\"><\/div>\n<div class=\"ds-icon\"><\/div>\n<div class=\"ds-focus-ring\"><\/div>\n<\/div>\n<div class=\"db183363 ds-icon-button ds-icon-button--m ds-icon-button--sizing-container\" tabindex=\"0\" role=\"button\" aria-disabled=\"false\">\n<div class=\"ds-icon-button__hover-bg\"><\/div>\n<div class=\"ds-icon\"><\/div>\n<div class=\"ds-focus-ring\"><\/div>\n<\/div>\n<div class=\"db183363 ds-icon-button ds-icon-button--m ds-icon-button--sizing-container\" tabindex=\"0\" role=\"button\" aria-disabled=\"false\">\n<div class=\"ds-icon-button__hover-bg\"><\/div>\n<div class=\"ds-icon\"><\/div>\n<div class=\"ds-focus-ring\"><\/div>\n<\/div>\n<div class=\"db183363 ds-icon-button ds-icon-button--m ds-icon-button--sizing-container\" tabindex=\"0\" role=\"button\" aria-disabled=\"false\">\n<div class=\"ds-icon-button__hover-bg\"><\/div>\n<div class=\"ds-icon\"><\/div>\n<div class=\"ds-focus-ring\"><\/div>\n<\/div>\n<div class=\"db183363 ds-icon-button ds-icon-button--m ds-icon-button--sizing-container\" tabindex=\"0\" role=\"button\" aria-disabled=\"false\">\n<div class=\"ds-icon-button__hover-bg\"><\/div>\n<div class=\"ds-icon\"><\/div>\n<\/div>\n<\/div>\n<\/div>","protected":false},"excerpt":{"rendered":"<p>Fuel your active lifestyle with the POEDAGAR Men&#8217;s Sports Quartz Chronograph Watch, a dynamic timepiece engineered for performance and style. This watch merges robust functionality with a sleek, sporty aesthetic, making it the perfect companion for both athletic pursuits and everyday adventures. It features a comprehensive\u00a0chronograph function\u00a0for precision timing and a practical\u00a0auto day display, keeping [&hellip;]<\/p>","protected":false},"featured_media":33715,"comment_status":"open","ping_status":"closed","template":"","meta":{"_monsterinsights_skip_tracking":false,"_monsterinsights_sitenote_active":false,"_monsterinsights_sitenote_note":"","_monsterinsights_sitenote_category":0},"product_brand":[],"product_cat":[15,114,141],"product_tag":[],"class_list":{"0":"post-33714","1":"product","2":"type-product","3":"status-publish","4":"has-post-thumbnail","6":"product_cat-uncategorized","7":"product_cat-jewelry-and-accessories","8":"product_cat-watches","10":"first","11":"instock","12":"shipping-taxable","13":"purchasable","14":"product-type-simple"},"aioseo_notices":[],"_links":{"self":[{"href":"https:\/\/xn--kbrsglobalstore-7kcc.com\/tr\/wp-json\/wp\/v2\/product\/33714","targetHints":{"allow":["GET"]}}],"collection":[{"href":"https:\/\/xn--kbrsglobalstore-7kcc.com\/tr\/wp-json\/wp\/v2\/product"}],"about":[{"href":"https:\/\/xn--kbrsglobalstore-7kcc.com\/tr\/wp-json\/wp\/v2\/types\/product"}],"replies":[{"embeddable":true,"href":"https:\/\/xn--kbrsglobalstore-7kcc.com\/tr\/wp-json\/wp\/v2\/comments?post=33714"}],"wp:featuredmedia":[{"embeddable":true,"href":"https:\/\/xn--kbrsglobalstore-7kcc.com\/tr\/wp-json\/wp\/v2\/media\/33715"}],"wp:attachment":[{"href":"https:\/\/xn--kbrsglobalstore-7kcc.com\/tr\/wp-json\/wp\/v2\/media?parent=33714"}],"wp:term":[{"taxonomy":"product_brand","embeddable":true,"href":"https:\/\/xn--kbrsglobalstore-7kcc.com\/tr\/wp-json\/wp\/v2\/product_brand?post=33714"},{"taxonomy":"product_cat","embeddable":true,"href":"https:\/\/xn--kbrsglobalstore-7kcc.com\/tr\/wp-json\/wp\/v2\/product_cat?post=33714"},{"taxonomy":"product_tag","embeddable":true,"href":"https:\/\/xn--kbrsglobalstore-7kcc.com\/tr\/wp-json\/wp\/v2\/product_tag?post=33714"}],"curies":[{"name":"wp","href":"https:\/\/api.w.org\/{rel}","templated":true}]}}