{"id":33707,"date":"2025-12-15T09:23:51","date_gmt":"2025-12-15T09:23:51","guid":{"rendered":"https:\/\/xn--kbrsglobalstore-7kcc.com\/?post_type=product&#038;p=33707"},"modified":"2025-12-17T20:14:00","modified_gmt":"2025-12-17T20:14:00","slug":"50m-waterproof-mens-watch-gift-real-brand-poedagar-true-chronograph-multifunctional-leather-luminous-japan-imported-quartz-automatic-movement-high-quality-built-in-long-life-battery-precise-timeke","status":"publish","type":"product","link":"https:\/\/xn--kbrsglobalstore-7kcc.com\/tr\/urun\/50m-waterproof-mens-watch-gift-real-brand-poedagar-true-chronograph-multifunctional-leather-luminous-japan-imported-quartz-automatic-movement-high-quality-built-in-long-life-battery-precise-timeke\/","title":{"rendered":"Su Ge\u00e7irmez Erkek Kol Saati POEDAGAR"},"content":{"rendered":"<p class=\"ds-markdown-paragraph\">POEDAGAR True Chronograph ile hassasiyetin ve sa\u011flam zarafetin \u00f6z\u00fcn\u00fc hediye edin; hem stil hem de kaliteye \u00f6nem veren erkekler i\u00e7in ustal\u0131kla tasarlanm\u0131\u015f bir saat. Bu ger\u00e7ek zaman \u00f6l\u00e7me cihaz\u0131, profesyonel i\u015flevselli\u011fi cesur ve sofistike bir estetikle kusursuz bir \u015fekilde birle\u015ftirerek her t\u00fcrl\u00fc giri\u015fim i\u00e7in se\u00e7kin bir aksesuar haline geliyor.<\/p>\n<p class=\"ds-markdown-paragraph translation-block\">POEDAGAR True Chronograph ile hassasiyetin ve sa\u011flam zarafetin \u00f6z\u00fcn\u00fc hediye edin; hem stil hem de kaliteye \u00f6nem veren erkekler i\u00e7in ustal\u0131kla yap\u0131lmas\u0131 gereken bir saat. Bu ger\u00e7ek zaman\u0131 \u00f6l\u00e7en cihaz, profesyonel, cesur ve estetik bir estetikle kusursuz bir \u015fekilde birle\u015ftirerek her t\u00fcrl\u00fc giri\u015fim i\u00e7in se\u00e7kin bir aksesuar haline geliyor.<\/p>\n<p class=\"ds-markdown-paragraph translation-block\">Zarif bir kasaya sahip ve birinci s\u0131n\u0131f deri kay\u0131\u015fla tamamlanan bu saat, i\u015f toplant\u0131lar\u0131ndan hafta sonu maceralar\u0131na kadar her ortama uygun \u00e7ok y\u00f6nl\u00fc bir \u00e7ekicilik sergiliyor. Bir ara\u00e7tan daha fazlas\u0131 olan bu saat, incelikli bir d\u00fc\u015f\u00fcncenin ifadesidir; y\u0131ld\u00f6n\u00fcm\u00fcnde e\u015finiz i\u00e7in, \u00f6zel g\u00fcn\u00fcnde baban\u0131z i\u00e7in, s\u0131navlar\u0131n\u0131 kutlayan bir mezun i\u00e7in veya kariyerine yeni ba\u015flayan bir profesyonel i\u00e7in \u00f6ne \u00e7\u0131kan bir okula d\u00f6n\u00fc\u015f hediyesi olarak m\u00fckemmel bir se\u00e7imdir. Bu POEDAGAR saati sadece zaman\u0131 g\u00f6stermez; \u00f6nemli anlar\u0131 kal\u0131c\u0131 bir ay\u0131rt edicilikle i\u015faretler.<\/p>","protected":false},"excerpt":{"rendered":"<p>Gift the essence of precision and rugged elegance with the POEDAGAR True Chronograph, a masterfully engineered watch designed for the man who demands both style and substance. This genuine timepiece seamlessly integrates professional functionality with a bold, sophisticated aesthetic, making it a distinguished accessory for any endeavor. At its core lies a high-performance\u00a0Japan-imported quartz automatic [&hellip;]<\/p>","protected":false},"featured_media":33708,"comment_status":"open","ping_status":"closed","template":"","meta":{"_monsterinsights_skip_tracking":false,"_monsterinsights_sitenote_active":false,"_monsterinsights_sitenote_note":"","_monsterinsights_sitenote_category":0},"product_brand":[],"product_cat":[15,114,141],"product_tag":[],"class_list":{"0":"post-33707","1":"product","2":"type-product","3":"status-publish","4":"has-post-thumbnail","6":"product_cat-uncategorized","7":"product_cat-jewelry-and-accessories","8":"product_cat-watches","10":"first","11":"instock","12":"shipping-taxable","13":"purchasable","14":"product-type-simple"},"aioseo_notices":[],"_links":{"self":[{"href":"https:\/\/xn--kbrsglobalstore-7kcc.com\/tr\/wp-json\/wp\/v2\/product\/33707","targetHints":{"allow":["GET"]}}],"collection":[{"href":"https:\/\/xn--kbrsglobalstore-7kcc.com\/tr\/wp-json\/wp\/v2\/product"}],"about":[{"href":"https:\/\/xn--kbrsglobalstore-7kcc.com\/tr\/wp-json\/wp\/v2\/types\/product"}],"replies":[{"embeddable":true,"href":"https:\/\/xn--kbrsglobalstore-7kcc.com\/tr\/wp-json\/wp\/v2\/comments?post=33707"}],"wp:featuredmedia":[{"embeddable":true,"href":"https:\/\/xn--kbrsglobalstore-7kcc.com\/tr\/wp-json\/wp\/v2\/media\/33708"}],"wp:attachment":[{"href":"https:\/\/xn--kbrsglobalstore-7kcc.com\/tr\/wp-json\/wp\/v2\/media?parent=33707"}],"wp:term":[{"taxonomy":"product_brand","embeddable":true,"href":"https:\/\/xn--kbrsglobalstore-7kcc.com\/tr\/wp-json\/wp\/v2\/product_brand?post=33707"},{"taxonomy":"product_cat","embeddable":true,"href":"https:\/\/xn--kbrsglobalstore-7kcc.com\/tr\/wp-json\/wp\/v2\/product_cat?post=33707"},{"taxonomy":"product_tag","embeddable":true,"href":"https:\/\/xn--kbrsglobalstore-7kcc.com\/tr\/wp-json\/wp\/v2\/product_tag?post=33707"}],"curies":[{"name":"wp","href":"https:\/\/api.w.org\/{rel}","templated":true}]}}