{"id":33701,"date":"2025-12-15T09:21:32","date_gmt":"2025-12-15T09:21:32","guid":{"rendered":"https:\/\/xn--kbrsglobalstore-7kcc.com\/?post_type=product&#038;p=33701"},"modified":"2025-12-17T20:14:01","modified_gmt":"2025-12-17T20:14:01","slug":"ligedesign-1pc-men-crocodile-embossed-brown-pu-polyurethane-strap-business-date-chronograph-round-dial-quartz-watch-for-daily-life","status":"publish","type":"product","link":"https:\/\/xn--kbrsglobalstore-7kcc.com\/tr\/urun\/ligedesign-1pc-men-crocodile-embossed-brown-pu-polyurethane-strap-business-date-chronograph-round-dial-quartz-watch-for-daily-life\/","title":{"rendered":"LIGEDESIGN Erkek Timsah Derisi Desenli Yuvarlak Kadranl\u0131 Kuvars Saat"},"content":{"rendered":"<div class=\"ds-message _63c77b1\">\n<div class=\"ds-markdown\">\n<p class=\"ds-markdown-paragraph\">Zarif esteti\u011fin g\u00fcnl\u00fck kullan\u0131mla bulu\u015ftu\u011fu LIGEDESIGN Erkek \u0130\u015f Kronograf Saati ile tan\u0131\u015f\u0131n. Modern beyefendi i\u00e7in tasarlanan bu saat, klasik g\u00f6r\u00fcn\u00fcm\u00fc pratik \u00f6zelliklerle zahmetsizce birle\u015ftirerek g\u00fcnl\u00fck kullan\u0131m i\u00e7in \u00e7ok y\u00f6nl\u00fc bir se\u00e7enek sunuyor.<\/p>\n<p class=\"ds-markdown-paragraph translation-block\">Se\u00e7kin g\u00f6r\u00fcn\u00fcm\u00fc, egzotik derinin l\u00fcks g\u00f6r\u00fcn\u00fcm\u00fcn\u00fc birinci s\u0131n\u0131f poli\u00fcretan\u0131n dayan\u0131kl\u0131l\u0131\u011f\u0131 ve konforuyla birle\u015ftiren sofistike bir timsah derisi desenli kahverengi PU kay\u0131\u015fla tamamlan\u0131yor. \u015eeffaf yuvarlak kadran, hassas zamanlama i\u00e7in pratik bir kronograf ve kolay okunabilir bir tarih penceresine sahip olup, do\u011fru zaman tutma i\u00e7in g\u00fcvenilir bir kuvars mekanizmas\u0131yla \u00e7al\u0131\u015fmaktad\u0131r.<\/p>\n<p class=\"ds-markdown-paragraph\">Hem \u015f\u0131kl\u0131k hem de dayan\u0131kl\u0131l\u0131k i\u00e7in tasarlanan bu saat, profesyonel ortamlar veya g\u00fcnl\u00fck geziler i\u00e7in vazge\u00e7ilmez bir aksesuard\u0131r. LIGEDESIGN Kronograf, zamans\u0131z tasar\u0131m\u0131 ve g\u00fcvenilir performans\u0131 g\u00fcnl\u00fck ya\u015famlar\u0131nda \u00f6nemseyenler i\u00e7in m\u00fckemmel bir g\u00f6steri\u015f par\u00e7as\u0131d\u0131r.<\/p>\n<\/div>\n<\/div>\n<div class=\"ds-theme\"><\/div>\n<div class=\"ds-flex _0a3d93b\">\n<div class=\"ds-flex _965abe9 _54866f7\">\n<div class=\"db183363 ds-icon-button ds-icon-button--m ds-icon-button--sizing-container\" tabindex=\"0\" role=\"button\" aria-disabled=\"false\">\n<div class=\"ds-icon-button__hover-bg\"><\/div>\n<div class=\"ds-icon\"><\/div>\n<div class=\"ds-focus-ring\"><\/div>\n<\/div>\n<div class=\"db183363 ds-icon-button ds-icon-button--m ds-icon-button--sizing-container\" tabindex=\"0\" role=\"button\" aria-disabled=\"false\">\n<div class=\"ds-icon-button__hover-bg\"><\/div>\n<div class=\"ds-icon\"><\/div>\n<div class=\"ds-focus-ring\"><\/div>\n<\/div>\n<div class=\"db183363 ds-icon-button ds-icon-button--m ds-icon-button--sizing-container\" tabindex=\"0\" role=\"button\" aria-disabled=\"false\">\n<div class=\"ds-icon-button__hover-bg\"><\/div>\n<div class=\"ds-icon\"><\/div>\n<div class=\"ds-focus-ring\"><\/div>\n<\/div>\n<div class=\"db183363 ds-icon-button ds-icon-button--m ds-icon-button--sizing-container\" tabindex=\"0\" role=\"button\" aria-disabled=\"false\">\n<div class=\"ds-icon-button__hover-bg\"><\/div>\n<div class=\"ds-icon\"><\/div>\n<div class=\"ds-focus-ring\"><\/div>\n<\/div>\n<div class=\"db183363 ds-icon-button ds-icon-button--m ds-icon-button--sizing-container\" tabindex=\"0\" role=\"button\" aria-disabled=\"false\">\n<div class=\"ds-icon-button__hover-bg\"><\/div>\n<div class=\"ds-icon\"><\/div>\n<\/div>\n<\/div>\n<\/div>","protected":false},"excerpt":{"rendered":"<p>Introducing the LIGEDESIGN Men&#8217;s Business Chronograph Watch, a timepiece where refined aesthetics meet everyday functionality. Designed for the modern gentleman, this watch effortlessly combines a classic look with practical features, making it a versatile choice for daily wear. Its distinguished appearance is anchored by a sophisticated\u00a0crocodile-embossed brown PU strap, offering the luxurious look of exotic [&hellip;]<\/p>","protected":false},"featured_media":33702,"comment_status":"open","ping_status":"closed","template":"","meta":{"_monsterinsights_skip_tracking":false,"_monsterinsights_sitenote_active":false,"_monsterinsights_sitenote_note":"","_monsterinsights_sitenote_category":0},"product_brand":[],"product_cat":[15,114,141],"product_tag":[],"class_list":{"0":"post-33701","1":"product","2":"type-product","3":"status-publish","4":"has-post-thumbnail","6":"product_cat-uncategorized","7":"product_cat-jewelry-and-accessories","8":"product_cat-watches","10":"first","11":"instock","12":"shipping-taxable","13":"purchasable","14":"product-type-simple"},"aioseo_notices":[],"_links":{"self":[{"href":"https:\/\/xn--kbrsglobalstore-7kcc.com\/tr\/wp-json\/wp\/v2\/product\/33701","targetHints":{"allow":["GET"]}}],"collection":[{"href":"https:\/\/xn--kbrsglobalstore-7kcc.com\/tr\/wp-json\/wp\/v2\/product"}],"about":[{"href":"https:\/\/xn--kbrsglobalstore-7kcc.com\/tr\/wp-json\/wp\/v2\/types\/product"}],"replies":[{"embeddable":true,"href":"https:\/\/xn--kbrsglobalstore-7kcc.com\/tr\/wp-json\/wp\/v2\/comments?post=33701"}],"wp:featuredmedia":[{"embeddable":true,"href":"https:\/\/xn--kbrsglobalstore-7kcc.com\/tr\/wp-json\/wp\/v2\/media\/33702"}],"wp:attachment":[{"href":"https:\/\/xn--kbrsglobalstore-7kcc.com\/tr\/wp-json\/wp\/v2\/media?parent=33701"}],"wp:term":[{"taxonomy":"product_brand","embeddable":true,"href":"https:\/\/xn--kbrsglobalstore-7kcc.com\/tr\/wp-json\/wp\/v2\/product_brand?post=33701"},{"taxonomy":"product_cat","embeddable":true,"href":"https:\/\/xn--kbrsglobalstore-7kcc.com\/tr\/wp-json\/wp\/v2\/product_cat?post=33701"},{"taxonomy":"product_tag","embeddable":true,"href":"https:\/\/xn--kbrsglobalstore-7kcc.com\/tr\/wp-json\/wp\/v2\/product_tag?post=33701"}],"curies":[{"name":"wp","href":"https:\/\/api.w.org\/{rel}","templated":true}]}}