{"id":33695,"date":"2025-12-15T09:19:40","date_gmt":"2025-12-15T09:19:40","guid":{"rendered":"https:\/\/xn--kbrsglobalstore-7kcc.com\/?post_type=product&#038;p=33695"},"modified":"2026-01-13T09:28:37","modified_gmt":"2026-01-13T09:28:37","slug":"reward-mens-quartz-watch-business-fashion-style-timing-calendar-luminous-hands-multi-functional-men-wristwatch-high-quality-gift-classic-design-stainless-steel-watch-band","status":"publish","type":"product","link":"https:\/\/xn--kbrsglobalstore-7kcc.com\/tr\/urun\/reward-mens-quartz-watch-business-fashion-style-timing-calendar-luminous-hands-multi-functional-men-wristwatch-high-quality-gift-classic-design-stainless-steel-watch-band\/","title":{"rendered":"REWARD Erkek Kuvars Saati \u00c7ok Fonksiyonlu Klasik Tasar\u0131m Paslanmaz \u00c7elik Erkek Saati"},"content":{"rendered":"<div class=\"dad65929\">\n<div class=\"_4f9bf79 d7dc56a8 _43c05b5\">\n<div class=\"ds-message _63c77b1\">\n<div class=\"ds-markdown\">\n<p class=\"ds-markdown-paragraph\">\u015e\u0131k i\u015f stilini ak\u0131ll\u0131 i\u015flevsellikle kusursuz bir \u015fekilde birle\u015ftiren REWARD Erkek Kuvars Saati ile tan\u0131\u015f\u0131n. Bu saat, t\u0131pk\u0131 kendisi gibi \u00e7ok \u00e7al\u0131\u015fan, klasik bir tasar\u0131m\u0131 takdir eden modern erkek i\u00e7in \u00fcretilmi\u015ftir ve i\u015f g\u00fcn\u00fcnden ak\u015fam etkinliklerine zahmetsizce ge\u00e7i\u015f yapar.<\/p>\n<p class=\"ds-markdown-paragraph translation-block\">Temiz ve profesyonel kadran hem pratik hem de sofistike olup, kullan\u0131\u015fl\u0131 bir takvim ve her \u0131\u015f\u0131kta m\u00fckemmel okunabilirlik sa\u011flayan fosforlu ibrelere sahiptir. Bu \u00e7ok fonksiyonlu kol saati, hassas bir kuvars mekanizmas\u0131yla \u00e7al\u0131\u015f\u0131r ve her g\u00fcn g\u00fcvenilir performans sa\u011flar.<\/p>\n<p class=\"ds-markdown-paragraph translation-block\">Y\u00fcksek kaliteli paslanmaz \u00e7elik kay\u0131\u015f\u0131yla dayan\u0131kl\u0131 konfor ve \u015f\u0131k bir g\u00f6r\u00fcn\u00fcm sunan bu saat, uzun \u00f6m\u00fcrl\u00fc olacak \u015fekilde \u00fcretilmi\u015ftir. \u00c7ok y\u00f6nl\u00fc ve klasik tasar\u0131m\u0131yla REWARD saati, bir aksesuardan daha fazlas\u0131; ba\u015far\u0131lar\u0131, do\u011fum g\u00fcnlerini kutlamak veya ki\u015fisel tarz\u0131n bir par\u00e7as\u0131 olarak m\u00fckemmel bir y\u00fcksek kaliteli hediyedir.<\/p>\n<\/div>\n<\/div>\n<div class=\"ds-theme\"><\/div>\n<div class=\"ds-flex _0a3d93b\">\n<div class=\"ds-flex _965abe9 _54866f7\">\n<div class=\"db183363 ds-icon-button ds-icon-button--m ds-icon-button--sizing-container\" tabindex=\"0\" role=\"button\" aria-disabled=\"false\">\n<div class=\"ds-icon-button__hover-bg\"><\/div>\n<div class=\"ds-icon\"><\/div>\n<div class=\"ds-focus-ring\"><\/div>\n<\/div>\n<div class=\"db183363 ds-icon-button ds-icon-button--m ds-icon-button--sizing-container\" tabindex=\"0\" role=\"button\" aria-disabled=\"false\">\n<div class=\"ds-icon-button__hover-bg\"><\/div>\n<div class=\"ds-icon\"><\/div>\n<div class=\"ds-focus-ring\"><\/div>\n<\/div>\n<div class=\"db183363 ds-icon-button ds-icon-button--m ds-icon-button--sizing-container\" tabindex=\"0\" role=\"button\" aria-disabled=\"false\">\n<div class=\"ds-icon-button__hover-bg\"><\/div>\n<div class=\"ds-icon\"><\/div>\n<div class=\"ds-focus-ring\"><\/div>\n<\/div>\n<div class=\"db183363 ds-icon-button ds-icon-button--m ds-icon-button--sizing-container\" tabindex=\"0\" role=\"button\" aria-disabled=\"false\">\n<div class=\"ds-icon-button__hover-bg\"><\/div>\n<div class=\"ds-icon\"><\/div>\n<div class=\"ds-focus-ring\"><\/div>\n<\/div>\n<div class=\"db183363 ds-icon-button ds-icon-button--m ds-icon-button--sizing-container\" tabindex=\"0\" role=\"button\" aria-disabled=\"false\">\n<div class=\"ds-icon-button__hover-bg\"><\/div>\n<div class=\"ds-icon\"><\/div>\n<div class=\"ds-focus-ring\"><\/div>\n<\/div>\n<\/div>\n<div><\/div>\n<\/div>\n<\/div>\n<\/div>\n<div class=\"_871cbca\">\n<div class=\"d72636e2\"><\/div>\n<div class=\"aaff8b8f\">\n<div class=\"_77cefa5 _3d616d3\">\n<div class=\"_020ab5b\">\n<div class=\"_24fad49\">\n<div class=\"ds-scroll-area__gutters\">\n<div class=\"ds-scroll-area__horizontal-gutter\"><\/div>\n<div class=\"ds-scroll-area__vertical-gutter\"><\/div>\n<\/div>\n<\/div>\n<\/div>\n<\/div>\n<\/div>\n<\/div>","protected":false},"excerpt":{"rendered":"<p>Meet the REWARD Men&#8217;s Quartz Watch, where refined business style seamlessly integrates with intelligent functionality. This watch is crafted for the modern man who appreciates a classic design that works as hard as he does, transitioning effortlessly from the workday to evening engagements. The clean, professional dial is both practical and sophisticated, featuring a useful\u00a0timing [&hellip;]<\/p>","protected":false},"featured_media":33696,"comment_status":"open","ping_status":"closed","template":"","meta":{"_monsterinsights_skip_tracking":false,"_monsterinsights_sitenote_active":false,"_monsterinsights_sitenote_note":"","_monsterinsights_sitenote_category":0},"product_brand":[],"product_cat":[141],"product_tag":[],"class_list":{"0":"post-33695","1":"product","2":"type-product","3":"status-publish","4":"has-post-thumbnail","6":"product_cat-watches","8":"first","9":"instock","10":"shipping-taxable","11":"purchasable","12":"product-type-simple"},"aioseo_notices":[],"_links":{"self":[{"href":"https:\/\/xn--kbrsglobalstore-7kcc.com\/tr\/wp-json\/wp\/v2\/product\/33695","targetHints":{"allow":["GET"]}}],"collection":[{"href":"https:\/\/xn--kbrsglobalstore-7kcc.com\/tr\/wp-json\/wp\/v2\/product"}],"about":[{"href":"https:\/\/xn--kbrsglobalstore-7kcc.com\/tr\/wp-json\/wp\/v2\/types\/product"}],"replies":[{"embeddable":true,"href":"https:\/\/xn--kbrsglobalstore-7kcc.com\/tr\/wp-json\/wp\/v2\/comments?post=33695"}],"wp:featuredmedia":[{"embeddable":true,"href":"https:\/\/xn--kbrsglobalstore-7kcc.com\/tr\/wp-json\/wp\/v2\/media\/33696"}],"wp:attachment":[{"href":"https:\/\/xn--kbrsglobalstore-7kcc.com\/tr\/wp-json\/wp\/v2\/media?parent=33695"}],"wp:term":[{"taxonomy":"product_brand","embeddable":true,"href":"https:\/\/xn--kbrsglobalstore-7kcc.com\/tr\/wp-json\/wp\/v2\/product_brand?post=33695"},{"taxonomy":"product_cat","embeddable":true,"href":"https:\/\/xn--kbrsglobalstore-7kcc.com\/tr\/wp-json\/wp\/v2\/product_cat?post=33695"},{"taxonomy":"product_tag","embeddable":true,"href":"https:\/\/xn--kbrsglobalstore-7kcc.com\/tr\/wp-json\/wp\/v2\/product_tag?post=33695"}],"curies":[{"name":"wp","href":"https:\/\/api.w.org\/{rel}","templated":true}]}}