{"id":33576,"date":"2025-12-14T22:03:07","date_gmt":"2025-12-14T22:03:07","guid":{"rendered":"https:\/\/xn--kbrsglobalstore-7kcc.com\/?post_type=product&#038;p=33576"},"modified":"2025-12-16T19:20:06","modified_gmt":"2025-12-16T19:20:06","slug":"mens-quick-dry-compression-t-shirt-moisture-wicking-breathable-stretch-fabric-graphic-print-muscle-design-for-gym-cycling-boxing-training-high-elasticity-slim-fit-athletic-shirt-workout-sh","status":"publish","type":"product","link":"https:\/\/xn--kbrsglobalstore-7kcc.com\/tr\/urun\/mens-quick-dry-compression-t-shirt-moisture-wicking-breathable-stretch-fabric-graphic-print-muscle-design-for-gym-cycling-boxing-training-high-elasticity-slim-fit-athletic-shirt-workout-sh\/","title":{"rendered":"Erkekler i\u00e7in H\u0131zl\u0131 Kuruyan Kompresyon Ti\u015f\u00f6rt\u00fc \u2013 Nem Emici, Nefes Alabilen, Esnek Kuma\u015f"},"content":{"rendered":"<div class=\"dad65929\">\n<div class=\"_4f9bf79 d7dc56a8 _43c05b5\">\n<div class=\"ds-message _63c77b1\">\n<div class=\"ds-markdown\">\n<p class=\"ds-markdown-paragraph translation-block\">\u00dcst\u00fcn performans i\u00e7in tasarlanm\u0131\u015f Erkekler i\u00e7in H\u0131zl\u0131 Kuruyan Kompresyon Ti\u015f\u00f6rt\u00fc ile her hareketinizi daha da etkili hale getirin. Bu geli\u015fmi\u015f atletik ti\u015f\u00f6rt, bilimi ve stili bir araya getirerek, her t\u00fcrl\u00fc aktivite s\u0131ras\u0131nda formunuzu ve odaklanman\u0131z\u0131 art\u0131rmak i\u00e7in destekleyici, ikinci bir ten hissi sa\u011flayan y\u00fcksek elastikiyetli dar kesim sunar.<\/p>\n<p class=\"ds-markdown-paragraph\">Crafted from a premium\u00a0<strong>moisture-wicking, breathable stretch fabric<\/strong>, it actively pulls sweat away to keep you cool and dry. The dynamic\u00a0<strong>graphic print muscle design<\/strong>\u00a0inspires confidence, whether you&#8217;re pushing limits at the\u00a0<strong>gym, cycling, boxing, or training<\/strong>.<\/p>\n<p class=\"ds-markdown-paragraph translation-block\">Bu sadece bir spor giyim \u00fcr\u00fcn\u00fc de\u011fil, yo\u011fun antrenmanlara dayanacak \u015fekilde tasarlanm\u0131\u015f ve hareket \u00f6zg\u00fcrl\u00fc\u011f\u00fc sunan dayan\u0131kl\u0131 bir aktif giyim \u00fcr\u00fcn\u00fcd\u00fcr. Spor salonuna d\u00fczenli gidenler i\u00e7in tasarlanan bu kompresyon ti\u015f\u00f6rt\u00fc, modern performans giyiminin vazge\u00e7ilmez bir par\u00e7as\u0131d\u0131r ve son teknoloji i\u015flevselli\u011fi cesur, atletik stille birle\u015ftirir.<\/p>\n<\/div>\n<\/div>\n<div class=\"ds-theme\"><\/div>\n<div class=\"ds-flex _0a3d93b\">\n<div class=\"ds-flex _965abe9 _54866f7\">\n<div class=\"db183363 ds-icon-button ds-icon-button--m ds-icon-button--sizing-container\" tabindex=\"0\" role=\"button\" aria-disabled=\"false\">\n<div class=\"ds-icon-button__hover-bg\"><\/div>\n<div class=\"ds-icon\"><\/div>\n<div class=\"ds-focus-ring\"><\/div>\n<\/div>\n<div class=\"db183363 ds-icon-button ds-icon-button--m ds-icon-button--sizing-container\" tabindex=\"0\" role=\"button\" aria-disabled=\"false\">\n<div class=\"ds-icon-button__hover-bg\"><\/div>\n<div class=\"ds-icon\"><\/div>\n<div class=\"ds-focus-ring\"><\/div>\n<\/div>\n<div class=\"db183363 ds-icon-button ds-icon-button--m ds-icon-button--sizing-container\" tabindex=\"0\" role=\"button\" aria-disabled=\"false\">\n<div class=\"ds-icon-button__hover-bg\"><\/div>\n<div class=\"ds-icon\"><\/div>\n<div class=\"ds-focus-ring\"><\/div>\n<\/div>\n<div class=\"db183363 ds-icon-button ds-icon-button--m ds-icon-button--sizing-container\" tabindex=\"0\" role=\"button\" aria-disabled=\"false\">\n<div class=\"ds-icon-button__hover-bg\"><\/div>\n<div class=\"ds-icon\"><\/div>\n<div class=\"ds-focus-ring\"><\/div>\n<\/div>\n<div class=\"db183363 ds-icon-button ds-icon-button--m ds-icon-button--sizing-container\" tabindex=\"0\" role=\"button\" aria-disabled=\"false\">\n<div class=\"ds-icon-button__hover-bg\"><\/div>\n<div class=\"ds-icon\"><\/div>\n<div class=\"ds-focus-ring\"><\/div>\n<\/div>\n<\/div>\n<div><\/div>\n<\/div>\n<\/div>\n<\/div>\n<div class=\"_871cbca\">\n<div class=\"d72636e2\"><\/div>\n<div class=\"aaff8b8f\">\n<div class=\"_77cefa5 _3d616d3\">\n<div class=\"_020ab5b\">\n<div class=\"_24fad49\">\n<div class=\"ds-scroll-area__gutters\">\n<div class=\"ds-scroll-area__horizontal-gutter\"><\/div>\n<div class=\"ds-scroll-area__vertical-gutter\"><\/div>\n<\/div>\n<\/div>\n<\/div>\n<\/div>\n<\/div>\n<\/div>","protected":false},"excerpt":{"rendered":"<p>Elevate every movement with the Men&#8217;s Quick-Dry Compression T-Shirt, engineered for peak performance. This advanced athletic shirt combines science and style, offering a\u00a0high-elasticity slim fit\u00a0that provides a supportive, second-skin feel to enhance your form and focus during any activity. Crafted from a premium\u00a0moisture-wicking, breathable stretch fabric, it actively pulls sweat away to keep you cool [&hellip;]<\/p>","protected":false},"featured_media":33577,"comment_status":"open","ping_status":"closed","template":"","meta":{"_monsterinsights_skip_tracking":false,"_monsterinsights_sitenote_active":false,"_monsterinsights_sitenote_note":"","_monsterinsights_sitenote_category":0},"product_brand":[],"product_cat":[15,124],"product_tag":[],"class_list":{"0":"post-33576","1":"product","2":"type-product","3":"status-publish","4":"has-post-thumbnail","6":"product_cat-uncategorized","7":"product_cat-fitness-and-sports","9":"first","10":"instock","11":"shipping-taxable","12":"purchasable","13":"product-type-simple"},"aioseo_notices":[],"_links":{"self":[{"href":"https:\/\/xn--kbrsglobalstore-7kcc.com\/tr\/wp-json\/wp\/v2\/product\/33576","targetHints":{"allow":["GET"]}}],"collection":[{"href":"https:\/\/xn--kbrsglobalstore-7kcc.com\/tr\/wp-json\/wp\/v2\/product"}],"about":[{"href":"https:\/\/xn--kbrsglobalstore-7kcc.com\/tr\/wp-json\/wp\/v2\/types\/product"}],"replies":[{"embeddable":true,"href":"https:\/\/xn--kbrsglobalstore-7kcc.com\/tr\/wp-json\/wp\/v2\/comments?post=33576"}],"wp:featuredmedia":[{"embeddable":true,"href":"https:\/\/xn--kbrsglobalstore-7kcc.com\/tr\/wp-json\/wp\/v2\/media\/33577"}],"wp:attachment":[{"href":"https:\/\/xn--kbrsglobalstore-7kcc.com\/tr\/wp-json\/wp\/v2\/media?parent=33576"}],"wp:term":[{"taxonomy":"product_brand","embeddable":true,"href":"https:\/\/xn--kbrsglobalstore-7kcc.com\/tr\/wp-json\/wp\/v2\/product_brand?post=33576"},{"taxonomy":"product_cat","embeddable":true,"href":"https:\/\/xn--kbrsglobalstore-7kcc.com\/tr\/wp-json\/wp\/v2\/product_cat?post=33576"},{"taxonomy":"product_tag","embeddable":true,"href":"https:\/\/xn--kbrsglobalstore-7kcc.com\/tr\/wp-json\/wp\/v2\/product_tag?post=33576"}],"curies":[{"name":"wp","href":"https:\/\/api.w.org\/{rel}","templated":true}]}}