{"id":33575,"date":"2025-12-14T21:59:38","date_gmt":"2025-12-14T21:59:38","guid":{"rendered":"https:\/\/xn--kbrsglobalstore-7kcc.com\/?post_type=product&#038;p=33575"},"modified":"2025-12-16T19:20:29","modified_gmt":"2025-12-16T19:20:29","slug":"7pcs-in-gym-strength-training-equipment-multi-color-compatible-with-system-handheld-grip-strength-trainer-suitable-for-wrist-arm-muscle-builder-holiday-gift-for-fitness-rehabilitation","status":"publish","type":"product","link":"https:\/\/xn--kbrsglobalstore-7kcc.com\/tr\/urun\/7pcs-in-gym-strength-training-equipment-multi-color-compatible-with-system-handheld-grip-strength-trainer-suitable-for-wrist-arm-muscle-builder-holiday-gift-for-fitness-rehabilitation\/","title":{"rendered":"7 par\u00e7al\u0131 -spor salonunda kullan\u0131labilen- g\u00fc\u00e7 antrenman\u0131 ekipman\u0131"},"content":{"rendered":"<div class=\"ds-message _63c77b1\">\n<div class=\"ds-markdown\">\n<p class=\"ds-markdown-paragraph translation-block\">Bu \u00e7ok y\u00f6nl\u00fc 7'si 1 arada spor ekipman\u0131 seti ile g\u00fc\u00e7 antrenman\u0131n\u0131z\u0131 d\u00f6n\u00fc\u015ft\u00fcr\u00fcn; kavrama, \u00f6nkol ve kol g\u00fcc\u00fcn\u00fc art\u0131rmak i\u00e7in tasarlanm\u0131\u015f dinamik bir ara\u00e7t\u0131r. Hem ev spor salonlar\u0131 hem de profesyonel rehabilitasyon programlar\u0131 i\u00e7in m\u00fckemmel olan bu set, \u00e7ok renkli bir pakette i\u015flevselli\u011fin g\u00fcc\u00fcn\u00fc bir araya getiriyor.<\/p>\n<p class=\"ds-markdown-paragraph translation-block\">Yedi ayarlanabilir diren\u00e7 seviyesine sahip bir el tipi kavrama g\u00fcc\u00fc antrenman aleti i\u00e7eren bu \u00fcr\u00fcn, kullan\u0131c\u0131lar\u0131n kas g\u00fcc\u00fcn\u00fc kademeli olarak geli\u015ftirmelerine, dayan\u0131kl\u0131l\u0131klar\u0131n\u0131 art\u0131rmalar\u0131na ve eklem iyile\u015fmesini desteklemelerine olanak tan\u0131r. \u0130ster halter haz\u0131rl\u0131\u011f\u0131, ister dayan\u0131kl\u0131l\u0131k sporlar\u0131 veya fizik tedavi kapsam\u0131nda kullan\u0131ls\u0131n, bu antrenman aletleri performans ve dayan\u0131kl\u0131l\u0131k i\u00e7in tasarlanm\u0131\u015ft\u0131r.<\/p>\n<p class=\"ds-markdown-paragraph translation-block\">Kompakt ama g\u00fc\u00e7l\u00fc olan her bir antrenman aleti, \u00e7o\u011fu fitness sistemiyle uyumludur ve uzun s\u00fcreli antrenmanlar s\u0131ras\u0131nda rahat kullan\u0131m i\u00e7in tasarlanm\u0131\u015ft\u0131r. Herhangi bir fitness program\u0131na ak\u0131ll\u0131 ve \u00e7ok fonksiyonlu bir ek olan bu set, ayn\u0131 zamanda sporcular, spor salonu merakl\u0131lar\u0131 ve rehabilitasyonda olan herkes i\u00e7in m\u00fckemmel ve d\u00fc\u015f\u00fcnceli bir y\u0131lba\u015f\u0131 hediyesidir. Ellerinizi g\u00fc\u00e7lendirin, \u00f6n kollar\u0131n\u0131z\u0131 kuvvetlendirin ve antrenman\u0131n\u0131z\u0131 her zaman, her yerde bir \u00fcst seviyeye ta\u015f\u0131y\u0131n.<\/p>\n<\/div>\n<\/div>\n<div class=\"ds-theme\"><\/div>\n<div class=\"ds-flex _0a3d93b\">\n<div class=\"ds-flex _965abe9 _54866f7\">\n<div class=\"db183363 ds-icon-button ds-icon-button--m ds-icon-button--sizing-container\" tabindex=\"0\" role=\"button\" aria-disabled=\"false\">\n<div class=\"ds-icon-button__hover-bg\"><\/div>\n<div class=\"ds-icon\"><\/div>\n<div class=\"ds-focus-ring\"><\/div>\n<\/div>\n<div class=\"db183363 ds-icon-button ds-icon-button--m ds-icon-button--sizing-container\" tabindex=\"0\" role=\"button\" aria-disabled=\"false\">\n<div class=\"ds-icon-button__hover-bg\"><\/div>\n<div class=\"ds-icon\"><\/div>\n<div class=\"ds-focus-ring\"><\/div>\n<\/div>\n<div class=\"db183363 ds-icon-button ds-icon-button--m ds-icon-button--sizing-container\" tabindex=\"0\" role=\"button\" aria-disabled=\"false\">\n<div class=\"ds-icon-button__hover-bg\"><\/div>\n<div class=\"ds-icon\"><\/div>\n<div class=\"ds-focus-ring\"><\/div>\n<\/div>\n<div class=\"db183363 ds-icon-button ds-icon-button--m ds-icon-button--sizing-container\" tabindex=\"0\" role=\"button\" aria-disabled=\"false\">\n<div class=\"ds-icon-button__hover-bg\"><\/div>\n<div class=\"ds-icon\"><\/div>\n<div class=\"ds-focus-ring\"><\/div>\n<\/div>\n<div class=\"db183363 ds-icon-button ds-icon-button--m ds-icon-button--sizing-container\" tabindex=\"0\" role=\"button\" aria-disabled=\"false\">\n<div class=\"ds-icon-button__hover-bg\"><\/div>\n<div class=\"ds-icon\"><\/div>\n<\/div>\n<\/div>\n<\/div>","protected":false},"excerpt":{"rendered":"<p>Transform your strength training with this versatile 7-in-1 Gym Equipment Set, a dynamic tool designed to enhance grip, forearm, and arm power. Perfectly suited for both\u00a0home gyms and professional rehabilitation\u00a0programs, this set is a powerhouse of functionality in one multi-color package. Featuring a\u00a0handheld grip strength trainer\u00a0with\u00a0seven adjustable resistance levels, it allows users to progressively build [&hellip;]<\/p>","protected":false},"featured_media":33568,"comment_status":"open","ping_status":"closed","template":"","meta":{"_monsterinsights_skip_tracking":false,"_monsterinsights_sitenote_active":false,"_monsterinsights_sitenote_note":"","_monsterinsights_sitenote_category":0},"product_brand":[],"product_cat":[15,124],"product_tag":[],"class_list":{"0":"post-33575","1":"product","2":"type-product","3":"status-publish","4":"has-post-thumbnail","6":"product_cat-uncategorized","7":"product_cat-fitness-and-sports","9":"first","10":"instock","11":"shipping-taxable","12":"purchasable","13":"product-type-simple"},"aioseo_notices":[],"_links":{"self":[{"href":"https:\/\/xn--kbrsglobalstore-7kcc.com\/tr\/wp-json\/wp\/v2\/product\/33575","targetHints":{"allow":["GET"]}}],"collection":[{"href":"https:\/\/xn--kbrsglobalstore-7kcc.com\/tr\/wp-json\/wp\/v2\/product"}],"about":[{"href":"https:\/\/xn--kbrsglobalstore-7kcc.com\/tr\/wp-json\/wp\/v2\/types\/product"}],"replies":[{"embeddable":true,"href":"https:\/\/xn--kbrsglobalstore-7kcc.com\/tr\/wp-json\/wp\/v2\/comments?post=33575"}],"wp:featuredmedia":[{"embeddable":true,"href":"https:\/\/xn--kbrsglobalstore-7kcc.com\/tr\/wp-json\/wp\/v2\/media\/33568"}],"wp:attachment":[{"href":"https:\/\/xn--kbrsglobalstore-7kcc.com\/tr\/wp-json\/wp\/v2\/media?parent=33575"}],"wp:term":[{"taxonomy":"product_brand","embeddable":true,"href":"https:\/\/xn--kbrsglobalstore-7kcc.com\/tr\/wp-json\/wp\/v2\/product_brand?post=33575"},{"taxonomy":"product_cat","embeddable":true,"href":"https:\/\/xn--kbrsglobalstore-7kcc.com\/tr\/wp-json\/wp\/v2\/product_cat?post=33575"},{"taxonomy":"product_tag","embeddable":true,"href":"https:\/\/xn--kbrsglobalstore-7kcc.com\/tr\/wp-json\/wp\/v2\/product_tag?post=33575"}],"curies":[{"name":"wp","href":"https:\/\/api.w.org\/{rel}","templated":true}]}}