{"id":33559,"date":"2025-12-14T21:52:19","date_gmt":"2025-12-14T21:52:19","guid":{"rendered":"https:\/\/xn--kbrsglobalstore-7kcc.com\/?post_type=product&#038;p=33559"},"modified":"2025-12-16T19:20:45","modified_gmt":"2025-12-16T19:20:45","slug":"premium-push-up-board-set-i-improved-concept-2025-i-push-up-grips-homeworkout-i-9-in-1-push-up-bar-i-home-gym-i-fitness-equipment-for-home","status":"publish","type":"product","link":"https:\/\/xn--kbrsglobalstore-7kcc.com\/tr\/urun\/premium-push-up-board-set-i-improved-concept-2025-i-push-up-grips-homeworkout-i-9-in-1-push-up-bar-i-home-gym-i-fitness-equipment-for-home\/","title":{"rendered":"Premium \u015e\u0131nav Tahtas\u0131 Seti"},"content":{"rendered":"<div class=\"dad65929\">\n<div class=\"_4f9bf79 d7dc56a8 _43c05b5\">\n<div class=\"ds-message _63c77b1\">\n<div class=\"ds-markdown\">\n<p class=\"ds-markdown-paragraph translation-block\">V\u00fccut a\u011f\u0131rl\u0131\u011f\u0131yla yap\u0131lan fitness egzersizlerinin gelece\u011fiyle tan\u0131\u015f\u0131n: Devrim niteli\u011findeki <strong>Geli\u015ftirilmi\u015f Konsept 2025<\/strong> \u00f6zelli\u011fine sahip Premium \u015e\u0131nav Tahtas\u0131 Seti. Bu sadece bir \u015f\u0131nav bar\u0131 de\u011fil; evinizin rahatl\u0131\u011f\u0131nda antrenmanlar\u0131n\u0131z\u0131 d\u00f6n\u00fc\u015ft\u00fcrmek, her b\u00fcy\u00fck kas grubunu hedeflemek ve t\u00fcm g\u00fc\u00e7 potansiyelinizi ortaya \u00e7\u0131karmak i\u00e7in tasarlanm\u0131\u015f eksiksiz bir <strong>9'u 1 arada<\/strong> ev spor salonu sistemidir.<\/p>\n<p class=\"ds-markdown-paragraph translation-block\">Yenilik\u00e7i, renk kodlu tahta, dokuz farkl\u0131 egzersiz varyasyonu i\u00e7in el yerle\u015fiminizi y\u00f6nlendirerek, odak noktan\u0131z\u0131 g\u00f6\u011f\u00fcs, triseps ve omuzlardan s\u0131rt ve kar\u0131n kaslar\u0131na kolayca kayd\u0131rman\u0131za olanak tan\u0131r. Dahil edilen ergonomik \u015f\u0131nav tutacaklar\u0131, bilek zorlanmas\u0131n\u0131 azalt\u0131r, do\u011fru formu destekler ve daha derin ve etkili kas aktivasyonu i\u00e7in hareket aral\u0131\u011f\u0131n\u0131z\u0131 art\u0131r\u0131r.<\/p>\n<p class=\"ds-markdown-paragraph translation-block\">Y\u00fcksek kaliteli ve dayan\u0131kl\u0131 malzemelerden \u00fcretilen bu hepsi bir arada set, evde egzersiz ve fitness i\u00e7in en ideal \u00e7\u00f6z\u00fcmd\u00fcr. \u0130ster temel g\u00fc\u00e7 geli\u015ftiren bir acemi olun, ister yeni zirvelere ula\u015fmay\u0131 hedefleyen bir sporcu olun, bu ak\u0131ll\u0131 ve yerden tasarruf sa\u011flayan sistem, profesyonel d\u00fczeyde bir egzersiz yapmay\u0131 zahmetsiz hale getirir. Rutininizi bir \u00fcst seviyeye ta\u015f\u0131y\u0131n ve evde fitness'ta 2025 standard\u0131n\u0131 deneyimleyin.<\/p>\n<\/div>\n<\/div>\n<div class=\"ds-theme\"><\/div>\n<div class=\"ds-flex _0a3d93b\">\n<div class=\"ds-flex _965abe9 _54866f7\">\n<div class=\"db183363 ds-icon-button ds-icon-button--m ds-icon-button--sizing-container\" tabindex=\"0\" role=\"button\" aria-disabled=\"false\">\n<div class=\"ds-icon-button__hover-bg\"><\/div>\n<div class=\"ds-icon\"><\/div>\n<div class=\"ds-focus-ring\"><\/div>\n<\/div>\n<div class=\"db183363 ds-icon-button ds-icon-button--m ds-icon-button--sizing-container\" tabindex=\"0\" role=\"button\" aria-disabled=\"false\">\n<div class=\"ds-icon-button__hover-bg\"><\/div>\n<div class=\"ds-icon\"><\/div>\n<div class=\"ds-focus-ring\"><\/div>\n<\/div>\n<div class=\"db183363 ds-icon-button ds-icon-button--m ds-icon-button--sizing-container\" tabindex=\"0\" role=\"button\" aria-disabled=\"false\">\n<div class=\"ds-icon-button__hover-bg\"><\/div>\n<div class=\"ds-icon\"><\/div>\n<div class=\"ds-focus-ring\"><\/div>\n<\/div>\n<div class=\"db183363 ds-icon-button ds-icon-button--m ds-icon-button--sizing-container\" tabindex=\"0\" role=\"button\" aria-disabled=\"false\">\n<div class=\"ds-icon-button__hover-bg\"><\/div>\n<div class=\"ds-icon\"><\/div>\n<div class=\"ds-focus-ring\"><\/div>\n<\/div>\n<div class=\"db183363 ds-icon-button ds-icon-button--m ds-icon-button--sizing-container\" tabindex=\"0\" role=\"button\" aria-disabled=\"false\">\n<div class=\"ds-icon-button__hover-bg\"><\/div>\n<div class=\"ds-icon\"><\/div>\n<div class=\"ds-focus-ring\"><\/div>\n<\/div>\n<\/div>\n<div><\/div>\n<\/div>\n<\/div>\n<\/div>\n<div class=\"_871cbca\">\n<div class=\"d72636e2\"><\/div>\n<div class=\"aaff8b8f\">\n<div class=\"_77cefa5 _3d616d3\">\n<div class=\"_020ab5b\">\n<div class=\"_24fad49\">\n<div class=\"ds-scroll-area__gutters\"><\/div>\n<\/div>\n<\/div>\n<\/div>\n<\/div>\n<\/div>","protected":false},"excerpt":{"rendered":"<p>Introducing the future of bodyweight fitness: The Premium Push-Up Board Set, featuring the revolutionary\u00a0Improved Concept 2025. This is not just a push-up bar; it&#8217;s a complete\u00a09-in-1\u00a0home gym system engineered to transform your workouts, target every major muscle group, and unlock your full strength potential from the comfort of your home. The innovative, color-coded board guides [&hellip;]<\/p>","protected":false},"featured_media":33560,"comment_status":"open","ping_status":"closed","template":"","meta":{"_monsterinsights_skip_tracking":false,"_monsterinsights_sitenote_active":false,"_monsterinsights_sitenote_note":"","_monsterinsights_sitenote_category":0},"product_brand":[],"product_cat":[15,124],"product_tag":[],"class_list":{"0":"post-33559","1":"product","2":"type-product","3":"status-publish","4":"has-post-thumbnail","6":"product_cat-uncategorized","7":"product_cat-fitness-and-sports","9":"first","10":"instock","11":"shipping-taxable","12":"purchasable","13":"product-type-simple"},"aioseo_notices":[],"_links":{"self":[{"href":"https:\/\/xn--kbrsglobalstore-7kcc.com\/tr\/wp-json\/wp\/v2\/product\/33559","targetHints":{"allow":["GET"]}}],"collection":[{"href":"https:\/\/xn--kbrsglobalstore-7kcc.com\/tr\/wp-json\/wp\/v2\/product"}],"about":[{"href":"https:\/\/xn--kbrsglobalstore-7kcc.com\/tr\/wp-json\/wp\/v2\/types\/product"}],"replies":[{"embeddable":true,"href":"https:\/\/xn--kbrsglobalstore-7kcc.com\/tr\/wp-json\/wp\/v2\/comments?post=33559"}],"wp:featuredmedia":[{"embeddable":true,"href":"https:\/\/xn--kbrsglobalstore-7kcc.com\/tr\/wp-json\/wp\/v2\/media\/33560"}],"wp:attachment":[{"href":"https:\/\/xn--kbrsglobalstore-7kcc.com\/tr\/wp-json\/wp\/v2\/media?parent=33559"}],"wp:term":[{"taxonomy":"product_brand","embeddable":true,"href":"https:\/\/xn--kbrsglobalstore-7kcc.com\/tr\/wp-json\/wp\/v2\/product_brand?post=33559"},{"taxonomy":"product_cat","embeddable":true,"href":"https:\/\/xn--kbrsglobalstore-7kcc.com\/tr\/wp-json\/wp\/v2\/product_cat?post=33559"},{"taxonomy":"product_tag","embeddable":true,"href":"https:\/\/xn--kbrsglobalstore-7kcc.com\/tr\/wp-json\/wp\/v2\/product_tag?post=33559"}],"curies":[{"name":"wp","href":"https:\/\/api.w.org\/{rel}","templated":true}]}}