{"id":33551,"date":"2025-12-14T21:49:30","date_gmt":"2025-12-14T21:49:30","guid":{"rendered":"https:\/\/xn--kbrsglobalstore-7kcc.com\/?post_type=product&#038;p=33551"},"modified":"2025-12-16T19:23:42","modified_gmt":"2025-12-16T19:23:42","slug":"model-is-wearing-m-fit-true-to-size-height-1775-cmbust-98-cmwaist-82-cmhips-98-cm-5-164-reviews-48-all-reviews-are-from-verified-purchases-small-true-to-size-large-4-94-2-recommended-avata","status":"publish","type":"product","link":"https:\/\/xn--kbrsglobalstore-7kcc.com\/tr\/urun\/model-is-wearing-m-fit-true-to-size-height-1775-cmbust-98-cmwaist-82-cmhips-98-cm-5-164-reviews-48-all-reviews-are-from-verified-purchases-small-true-to-size-large-4-94-2-recommended-avata\/","title":{"rendered":"Yan cepli, geometrik desenli erkek spor \u015fortu"},"content":{"rendered":"<div class=\"ds-message _63c77b1\">\n<div class=\"ds-markdown\">\n<p class=\"ds-markdown-paragraph\">Y\u00fcksek yo\u011funluklu ko\u015fulardan rahat, g\u00fcnl\u00fck giyime sorunsuz ge\u00e7i\u015f sa\u011flamak \u00fczere tasarlanan Erkek Geometrik Atletik \u015eort ile performans\u0131 ve stili yeniden tan\u0131mlay\u0131n. Bu \u015fort, hem i\u015flevsellik hem de \u015f\u0131k bir estetik isteyen modern sporcular i\u00e7in \u00fcretilmi\u015ftir.<\/p>\n<p class=\"ds-markdown-paragraph translation-block\">Hafif, nefes alabilen esnek kuma\u015ftan \u00fcretilen bu \u00fcr\u00fcnler, benzersiz hareket \u00f6zg\u00fcrl\u00fc\u011f\u00fc ve konfor sunar. Dahili kompresyon astar\u0131 kas deste\u011fi sa\u011flar ve yorgunlu\u011fu azalt\u0131rken, b\u00fczme ipli g\u00fcvenli elastik bel band\u0131 her aktivite i\u00e7in m\u00fckemmel, ki\u015fiselle\u015ftirilmi\u015f bir uyum sa\u011flar.<\/p>\n<p class=\"ds-markdown-paragraph\">Practicality meets design with discreet\u00a0<strong>side pockets<\/strong>\u00a0for storing essentials on the go. Featuring a contemporary\u00a0<strong>gray geometric pattern<\/strong>, these shorts are more than just\u00a0<strong>running shorts<\/strong>\u2014they are\u00a0<strong>stylish sports shorts<\/strong>\u00a0that perform. Whether you&#8217;re logging miles, hitting the gym, or enjoying a weekend outing, experience the perfect blend of support, style, and\u00a0<strong>comfortable fit<\/strong>\u00a0in every stride.<\/p>\n<\/div>\n<\/div>\n<div class=\"ds-theme\"><\/div>\n<div class=\"ds-flex _0a3d93b\">\n<div class=\"ds-flex _965abe9 _54866f7\">\n<div class=\"db183363 ds-icon-button ds-icon-button--m ds-icon-button--sizing-container\" tabindex=\"0\" role=\"button\" aria-disabled=\"false\">\n<div class=\"ds-icon-button__hover-bg\"><\/div>\n<div class=\"ds-icon\"><\/div>\n<div class=\"ds-focus-ring\"><\/div>\n<\/div>\n<div class=\"db183363 ds-icon-button ds-icon-button--m ds-icon-button--sizing-container\" tabindex=\"0\" role=\"button\" aria-disabled=\"false\">\n<div class=\"ds-icon-button__hover-bg\"><\/div>\n<div class=\"ds-icon\"><\/div>\n<div class=\"ds-focus-ring\"><\/div>\n<\/div>\n<div class=\"db183363 ds-icon-button ds-icon-button--m ds-icon-button--sizing-container\" tabindex=\"0\" role=\"button\" aria-disabled=\"false\">\n<div class=\"ds-icon-button__hover-bg\"><\/div>\n<div class=\"ds-icon\"><\/div>\n<div class=\"ds-focus-ring\"><\/div>\n<\/div>\n<div class=\"db183363 ds-icon-button ds-icon-button--m ds-icon-button--sizing-container\" tabindex=\"0\" role=\"button\" aria-disabled=\"false\">\n<div class=\"ds-icon-button__hover-bg\"><\/div>\n<div class=\"ds-icon\"><\/div>\n<div class=\"ds-focus-ring\"><\/div>\n<\/div>\n<div class=\"db183363 ds-icon-button ds-icon-button--m ds-icon-button--sizing-container\" tabindex=\"0\" role=\"button\" aria-disabled=\"false\">\n<div class=\"ds-icon-button__hover-bg\"><\/div>\n<div class=\"ds-icon\"><\/div>\n<\/div>\n<\/div>\n<\/div>","protected":false},"excerpt":{"rendered":"<p>Redefine performance and style with the Men&#8217;s Geometric Athletic Shorts, engineered to seamlessly transition from high-intensity runs to relaxed, casual wear. These shorts are crafted for the modern athlete who demands both functionality and a sharp aesthetic. Constructed from a\u00a0lightweight, breathable stretch fabric, they offer unparalleled freedom of movement and comfort. The\u00a0built-in compression lining\u00a0provides muscle [&hellip;]<\/p>","protected":false},"featured_media":33552,"comment_status":"open","ping_status":"closed","template":"","meta":{"_monsterinsights_skip_tracking":false,"_monsterinsights_sitenote_active":false,"_monsterinsights_sitenote_note":"","_monsterinsights_sitenote_category":0},"product_brand":[],"product_cat":[15,124],"product_tag":[],"class_list":{"0":"post-33551","1":"product","2":"type-product","3":"status-publish","4":"has-post-thumbnail","6":"product_cat-uncategorized","7":"product_cat-fitness-and-sports","9":"first","10":"instock","11":"shipping-taxable","12":"purchasable","13":"product-type-simple"},"aioseo_notices":[],"_links":{"self":[{"href":"https:\/\/xn--kbrsglobalstore-7kcc.com\/tr\/wp-json\/wp\/v2\/product\/33551","targetHints":{"allow":["GET"]}}],"collection":[{"href":"https:\/\/xn--kbrsglobalstore-7kcc.com\/tr\/wp-json\/wp\/v2\/product"}],"about":[{"href":"https:\/\/xn--kbrsglobalstore-7kcc.com\/tr\/wp-json\/wp\/v2\/types\/product"}],"replies":[{"embeddable":true,"href":"https:\/\/xn--kbrsglobalstore-7kcc.com\/tr\/wp-json\/wp\/v2\/comments?post=33551"}],"wp:featuredmedia":[{"embeddable":true,"href":"https:\/\/xn--kbrsglobalstore-7kcc.com\/tr\/wp-json\/wp\/v2\/media\/33552"}],"wp:attachment":[{"href":"https:\/\/xn--kbrsglobalstore-7kcc.com\/tr\/wp-json\/wp\/v2\/media?parent=33551"}],"wp:term":[{"taxonomy":"product_brand","embeddable":true,"href":"https:\/\/xn--kbrsglobalstore-7kcc.com\/tr\/wp-json\/wp\/v2\/product_brand?post=33551"},{"taxonomy":"product_cat","embeddable":true,"href":"https:\/\/xn--kbrsglobalstore-7kcc.com\/tr\/wp-json\/wp\/v2\/product_cat?post=33551"},{"taxonomy":"product_tag","embeddable":true,"href":"https:\/\/xn--kbrsglobalstore-7kcc.com\/tr\/wp-json\/wp\/v2\/product_tag?post=33551"}],"curies":[{"name":"wp","href":"https:\/\/api.w.org\/{rel}","templated":true}]}}