{"id":33543,"date":"2025-12-14T21:31:33","date_gmt":"2025-12-14T21:31:33","guid":{"rendered":"https:\/\/xn--kbrsglobalstore-7kcc.com\/?post_type=product&#038;p=33543"},"modified":"2025-12-16T19:24:04","modified_gmt":"2025-12-16T19:24:04","slug":"macyo-professional-jump-rope-with-adjustable-length-3m-detachable-steel-cable-6-rotating-bearings-foam-handle-anti-tangle-design-for-fitness-boxing-and-weight-loss-includes-storage-bag","status":"publish","type":"product","link":"https:\/\/xn--kbrsglobalstore-7kcc.com\/tr\/urun\/macyo-professional-jump-rope-with-adjustable-length-3m-detachable-steel-cable-6-rotating-bearings-foam-handle-anti-tangle-design-for-fitness-boxing-and-weight-loss-includes-storage-bag\/","title":{"rendered":"MACYO Profesyonel Atlama \u0130pi, Ayarlanabilir Uzunluk \u2013 3m, S\u00f6k\u00fclebilir \u00c7elik Kablo"},"content":{"rendered":"<div class=\"dad65929\">\n<div class=\"_4f9bf79 d7dc56a8 _43c05b5\">\n<div class=\"ds-message _63c77b1\">\n<div class=\"ds-markdown\">\n<p class=\"ds-markdown-paragraph translation-block\">Ciddi sporcular ve fitness tutkunlar\u0131 i\u00e7in tasarlanm\u0131\u015f MACYO Profesyonel Atlama \u0130pi ile \u00fcst d\u00fczey performansa ula\u015f\u0131n. Bu hassas alet, kardiyo antrenman\u0131nda devrim yarat\u0131yor; boks, y\u00fcksek yo\u011funluklu aral\u0131kl\u0131 antrenman ve etkili kilo verme i\u00e7in h\u0131z, dayan\u0131kl\u0131l\u0131k ve kusursuz teknik sunmak \u00fczere tasarland\u0131.<\/p>\n<p class=\"ds-markdown-paragraph translation-block\">\u00d6z\u00fcnde, e\u015fsiz h\u0131z ve her d\u00f6n\u00fc\u015fte tatmin edici, duyulabilir bir geri bildirim sunan y\u00fcksek performansl\u0131, \u00e7\u0131kar\u0131labilir bir \u00e7elik kablo bulunur. 6 adet ultra p\u00fcr\u00fczs\u00fcz d\u00f6ner rulmanla g\u00fc\u00e7lendirilmi\u015f olan bu kablo, bilek yorgunlu\u011fu olmadan daha uzun ve h\u0131zl\u0131 seanslar i\u00e7in zahmetsiz ve ak\u0131c\u0131 d\u00f6n\u00fc\u015fler sa\u011flar. \u0130p, boyunuza ve tarz\u0131n\u0131za m\u00fckemmel \u015fekilde uyacak \u015fekilde 3 metreye kadar kolayca ayarlanabilen bir uzunlu\u011fa sahiptir ve geli\u015fmi\u015f dola\u015fmay\u0131 \u00f6nleyici tasar\u0131m\u0131 sayesinde antrenman\u0131n\u0131z kesintisiz devam eder.<\/p>\n<p class=\"ds-markdown-paragraph translation-block\">Ergonomik k\u00f6p\u00fck saplar, en yo\u011fun egzersiz seanslar\u0131nda bile g\u00fcvenli ve rahat bir tutu\u015f sa\u011flar. Kullan\u0131\u015fl\u0131 saklama \u00e7antas\u0131yla birlikte gelen MACYO Atlama \u0130pi, ta\u015f\u0131nabilir g\u00fc\u00e7 merkezinizdir; fitness, \u00e7eviklik ve dayan\u0131kl\u0131l\u0131klar\u0131n\u0131 art\u0131rmaya kararl\u0131 herkes i\u00e7in profesyonel d\u00fczeyde bir tercihtir.<\/p>\n<\/div>\n<\/div>\n<div class=\"ds-theme\"><\/div>\n<div class=\"ds-flex _0a3d93b\">\n<div class=\"ds-flex _965abe9 _54866f7\">\n<div class=\"db183363 ds-icon-button ds-icon-button--m ds-icon-button--sizing-container\" tabindex=\"0\" role=\"button\" aria-disabled=\"false\">\n<div class=\"ds-icon-button__hover-bg\"><\/div>\n<div class=\"ds-icon\"><\/div>\n<div class=\"ds-focus-ring\"><\/div>\n<\/div>\n<div class=\"db183363 ds-icon-button ds-icon-button--m ds-icon-button--sizing-container\" tabindex=\"0\" role=\"button\" aria-disabled=\"false\">\n<div class=\"ds-icon-button__hover-bg\"><\/div>\n<div class=\"ds-icon\"><\/div>\n<div class=\"ds-focus-ring\"><\/div>\n<\/div>\n<div class=\"db183363 ds-icon-button ds-icon-button--m ds-icon-button--sizing-container\" tabindex=\"0\" role=\"button\" aria-disabled=\"false\">\n<div class=\"ds-icon-button__hover-bg\"><\/div>\n<div class=\"ds-icon\"><\/div>\n<div class=\"ds-focus-ring\"><\/div>\n<\/div>\n<div class=\"db183363 ds-icon-button ds-icon-button--m ds-icon-button--sizing-container\" tabindex=\"0\" role=\"button\" aria-disabled=\"false\">\n<div class=\"ds-icon-button__hover-bg\"><\/div>\n<div class=\"ds-icon\"><\/div>\n<div class=\"ds-focus-ring\"><\/div>\n<\/div>\n<div class=\"db183363 ds-icon-button ds-icon-button--m ds-icon-button--sizing-container\" tabindex=\"0\" role=\"button\" aria-disabled=\"false\">\n<div class=\"ds-icon-button__hover-bg\"><\/div>\n<div class=\"ds-icon\"><\/div>\n<div class=\"ds-focus-ring\"><\/div>\n<\/div>\n<\/div>\n<div><\/div>\n<\/div>\n<\/div>\n<\/div>\n<div class=\"_871cbca\">\n<div class=\"d72636e2\"><\/div>\n<div class=\"aaff8b8f\">\n<div class=\"_77cefa5 _3d616d3\">\n<div class=\"_020ab5b\">\n<div class=\"_24fad49\">\n<div class=\"ds-scroll-area__gutters\"><\/div>\n<\/div>\n<\/div>\n<\/div>\n<\/div>\n<\/div>","protected":false},"excerpt":{"rendered":"<p>Unlock elite performance with the MACYO Professional Jump Rope, engineered for serious athletes and fitness enthusiasts. This precision tool revolutionizes cardio training, designed to deliver speed, durability, and flawless technique for\u00a0boxing, high-intensity interval training, and effective weight loss. At its core is a high-performance\u00a0detachable steel cable, offering unmatched speed and a satisfying, audible feedback with [&hellip;]<\/p>","protected":false},"featured_media":33544,"comment_status":"open","ping_status":"closed","template":"","meta":{"_monsterinsights_skip_tracking":false,"_monsterinsights_sitenote_active":false,"_monsterinsights_sitenote_note":"","_monsterinsights_sitenote_category":0},"product_brand":[],"product_cat":[15,124],"product_tag":[],"class_list":{"0":"post-33543","1":"product","2":"type-product","3":"status-publish","4":"has-post-thumbnail","6":"product_cat-uncategorized","7":"product_cat-fitness-and-sports","9":"first","10":"instock","11":"shipping-taxable","12":"purchasable","13":"product-type-simple"},"aioseo_notices":[],"_links":{"self":[{"href":"https:\/\/xn--kbrsglobalstore-7kcc.com\/tr\/wp-json\/wp\/v2\/product\/33543","targetHints":{"allow":["GET"]}}],"collection":[{"href":"https:\/\/xn--kbrsglobalstore-7kcc.com\/tr\/wp-json\/wp\/v2\/product"}],"about":[{"href":"https:\/\/xn--kbrsglobalstore-7kcc.com\/tr\/wp-json\/wp\/v2\/types\/product"}],"replies":[{"embeddable":true,"href":"https:\/\/xn--kbrsglobalstore-7kcc.com\/tr\/wp-json\/wp\/v2\/comments?post=33543"}],"wp:featuredmedia":[{"embeddable":true,"href":"https:\/\/xn--kbrsglobalstore-7kcc.com\/tr\/wp-json\/wp\/v2\/media\/33544"}],"wp:attachment":[{"href":"https:\/\/xn--kbrsglobalstore-7kcc.com\/tr\/wp-json\/wp\/v2\/media?parent=33543"}],"wp:term":[{"taxonomy":"product_brand","embeddable":true,"href":"https:\/\/xn--kbrsglobalstore-7kcc.com\/tr\/wp-json\/wp\/v2\/product_brand?post=33543"},{"taxonomy":"product_cat","embeddable":true,"href":"https:\/\/xn--kbrsglobalstore-7kcc.com\/tr\/wp-json\/wp\/v2\/product_cat?post=33543"},{"taxonomy":"product_tag","embeddable":true,"href":"https:\/\/xn--kbrsglobalstore-7kcc.com\/tr\/wp-json\/wp\/v2\/product_tag?post=33543"}],"curies":[{"name":"wp","href":"https:\/\/api.w.org\/{rel}","templated":true}]}}