{"id":33538,"date":"2025-12-14T21:28:42","date_gmt":"2025-12-14T21:28:42","guid":{"rendered":"https:\/\/xn--kbrsglobalstore-7kcc.com\/?post_type=product&#038;p=33538"},"modified":"2025-12-17T20:24:53","modified_gmt":"2025-12-17T20:24:53","slug":"mens-nylon-travel-duffel-bag-with-letter-print-sporty-black-and-gray-crossbody-shoulder-bag-for-gym-weekend-getaways-and-storage-sports-accessory-bagsporty-duffel-bagsleek-design-bag-crossbo","status":"publish","type":"product","link":"https:\/\/xn--kbrsglobalstore-7kcc.com\/tr\/urun\/mens-nylon-travel-duffel-bag-with-letter-print-sporty-black-and-gray-crossbody-shoulder-bag-for-gym-weekend-getaways-and-storage-sports-accessory-bagsporty-duffel-bagsleek-design-bag-crossbo\/","title":{"rendered":"Harf Bask\u0131l\u0131 Erkek Naylon Seyahat \u00c7antas\u0131, Omuz \u00c7antas\u0131"},"content":{"rendered":"<div class=\"ds-message _63c77b1\">\n<div class=\"ds-markdown\">\n<p class=\"ds-markdown-paragraph\">Hareket halindeki erkekler i\u00e7in tasarlanan bu Erkek Naylon Seyahat \u00c7antas\u0131, sa\u011flam kullan\u0131\u015fl\u0131l\u0131\u011f\u0131 \u00e7a\u011fda\u015f sokak stiliyle birle\u015ftiriyor. Dayan\u0131kl\u0131 ve hafif naylondan \u00fcretilen bu \u00e7anta, spor salonu, hafta sonu maceralar\u0131 veya \u00e7ok y\u00f6nl\u00fc bir saklama \u00e7\u00f6z\u00fcm\u00fc olarak m\u00fckemmel bir yol arkada\u015f\u0131d\u0131r.<\/p>\n<p class=\"ds-markdown-paragraph translation-block\">\u00c7anta, modern bir harf bask\u0131s\u0131yla vurgulanan cesur bir siyah ve gri renk kombinasyonuna sahip olup, dikkat \u00e7eken \u015f\u0131k ve sportif bir tasar\u0131m olu\u015fturuyor. \u00c7ok y\u00f6nl\u00fc ta\u015f\u0131ma se\u00e7enekleri aras\u0131nda, eller serbest kullan\u0131m kolayl\u0131\u011f\u0131 i\u00e7in \u00e7\u0131kar\u0131labilir, ayarlanabilir \u00e7apraz omuz ask\u0131s\u0131 ve h\u0131zl\u0131ca al\u0131p g\u00f6t\u00fcrmek i\u00e7in rahat \u00fcst saplar bulunmaktad\u0131r.<\/p>\n<p class=\"ds-markdown-paragraph translation-block\">Geni\u015f ve ak\u0131ll\u0131ca b\u00f6lmelendirilmi\u015f yap\u0131s\u0131yla, egzersiz ekipmanlar\u0131n\u0131z\u0131, seyahat ihtiya\u00e7lar\u0131n\u0131z\u0131 veya g\u00fcnl\u00fck e\u015fyalar\u0131n\u0131z\u0131 kolayca d\u00fczenler. Sadece bir spor \u00e7antas\u0131 olmaktan \u00f6te, sportif bir seyahat \u00e7antas\u0131 ve pratik bir \u00e7apraz ask\u0131l\u0131 \u00e7antay\u0131 bir araya getiren, dayan\u0131kl\u0131l\u0131k, stil ve zahmetsiz i\u015flevsellik i\u00e7in tasarlanm\u0131\u015f, g\u00fcn\u00fcn\u00fcz sizi nereye g\u00f6t\u00fcr\u00fcrse g\u00f6t\u00fcrs\u00fcn, her yerde kullanabilece\u011finiz kesin bir spor aksesuar \u00e7antas\u0131d\u0131r.<\/p>\n<\/div>\n<\/div>\n<div class=\"ds-theme\"><\/div>\n<div class=\"ds-flex _0a3d93b\">\n<div class=\"ds-flex _965abe9 _54866f7\">\n<div class=\"db183363 ds-icon-button ds-icon-button--m ds-icon-button--sizing-container\" tabindex=\"0\" role=\"button\" aria-disabled=\"false\">\n<div class=\"ds-icon-button__hover-bg\"><\/div>\n<div class=\"ds-icon\"><\/div>\n<div class=\"ds-focus-ring\"><\/div>\n<\/div>\n<div class=\"db183363 ds-icon-button ds-icon-button--m ds-icon-button--sizing-container\" tabindex=\"0\" role=\"button\" aria-disabled=\"false\">\n<div class=\"ds-icon-button__hover-bg\"><\/div>\n<div class=\"ds-icon\"><\/div>\n<div class=\"ds-focus-ring\"><\/div>\n<\/div>\n<div class=\"db183363 ds-icon-button ds-icon-button--m ds-icon-button--sizing-container\" tabindex=\"0\" role=\"button\" aria-disabled=\"false\">\n<div class=\"ds-icon-button__hover-bg\"><\/div>\n<div class=\"ds-icon\"><\/div>\n<div class=\"ds-focus-ring\"><\/div>\n<\/div>\n<div class=\"db183363 ds-icon-button ds-icon-button--m ds-icon-button--sizing-container\" tabindex=\"0\" role=\"button\" aria-disabled=\"false\">\n<div class=\"ds-icon-button__hover-bg\"><\/div>\n<div class=\"ds-icon\"><\/div>\n<div class=\"ds-focus-ring\"><\/div>\n<\/div>\n<div class=\"db183363 ds-icon-button ds-icon-button--m ds-icon-button--sizing-container\" tabindex=\"0\" role=\"button\" aria-disabled=\"false\">\n<div class=\"ds-icon-button__hover-bg\"><\/div>\n<div class=\"ds-icon\"><\/div>\n<\/div>\n<\/div>\n<\/div>","protected":false},"excerpt":{"rendered":"<p>Designed for the man on the move, this Men&#8217;s Nylon Travel Duffel Bag combines rugged utility with contemporary street style. Crafted from durable, lightweight nylon, it is the ultimate companion for the gym, weekend adventures, or as a versatile storage solution. The bag features a bold\u00a0black and gray colorway\u00a0accented with a modern\u00a0letter print, creating a\u00a0sleek, [&hellip;]<\/p>","protected":false},"featured_media":33539,"comment_status":"open","ping_status":"closed","template":"","meta":{"_monsterinsights_skip_tracking":false,"_monsterinsights_sitenote_active":false,"_monsterinsights_sitenote_note":"","_monsterinsights_sitenote_category":0},"product_brand":[],"product_cat":[15,122,124],"product_tag":[],"class_list":{"0":"post-33538","1":"product","2":"type-product","3":"status-publish","4":"has-post-thumbnail","6":"product_cat-uncategorized","7":"product_cat-bags-luggages","8":"product_cat-fitness-and-sports","10":"first","11":"instock","12":"shipping-taxable","13":"purchasable","14":"product-type-simple"},"aioseo_notices":[],"_links":{"self":[{"href":"https:\/\/xn--kbrsglobalstore-7kcc.com\/tr\/wp-json\/wp\/v2\/product\/33538","targetHints":{"allow":["GET"]}}],"collection":[{"href":"https:\/\/xn--kbrsglobalstore-7kcc.com\/tr\/wp-json\/wp\/v2\/product"}],"about":[{"href":"https:\/\/xn--kbrsglobalstore-7kcc.com\/tr\/wp-json\/wp\/v2\/types\/product"}],"replies":[{"embeddable":true,"href":"https:\/\/xn--kbrsglobalstore-7kcc.com\/tr\/wp-json\/wp\/v2\/comments?post=33538"}],"wp:featuredmedia":[{"embeddable":true,"href":"https:\/\/xn--kbrsglobalstore-7kcc.com\/tr\/wp-json\/wp\/v2\/media\/33539"}],"wp:attachment":[{"href":"https:\/\/xn--kbrsglobalstore-7kcc.com\/tr\/wp-json\/wp\/v2\/media?parent=33538"}],"wp:term":[{"taxonomy":"product_brand","embeddable":true,"href":"https:\/\/xn--kbrsglobalstore-7kcc.com\/tr\/wp-json\/wp\/v2\/product_brand?post=33538"},{"taxonomy":"product_cat","embeddable":true,"href":"https:\/\/xn--kbrsglobalstore-7kcc.com\/tr\/wp-json\/wp\/v2\/product_cat?post=33538"},{"taxonomy":"product_tag","embeddable":true,"href":"https:\/\/xn--kbrsglobalstore-7kcc.com\/tr\/wp-json\/wp\/v2\/product_tag?post=33538"}],"curies":[{"name":"wp","href":"https:\/\/api.w.org\/{rel}","templated":true}]}}