{"id":33531,"date":"2025-12-14T21:25:38","date_gmt":"2025-12-14T21:25:38","guid":{"rendered":"https:\/\/xn--kbrsglobalstore-7kcc.com\/?post_type=product&#038;p=33531"},"modified":"2025-12-16T19:24:46","modified_gmt":"2025-12-16T19:24:46","slug":"mens-light-gray-sleeveless-hooded-athletic-tank-top-breathable-comfortable-and-stylish-for-gym-running-training-and-outdoor-activities-with-key-west-print-gym-apparel-casual-sporty-loo","status":"publish","type":"product","link":"https:\/\/xn--kbrsglobalstore-7kcc.com\/tr\/urun\/mens-light-gray-sleeveless-hooded-athletic-tank-top-breathable-comfortable-and-stylish-for-gym-running-training-and-outdoor-activities-with-key-west-print-gym-apparel-casual-sporty-loo\/","title":{"rendered":"Erkekler i\u00e7in A\u00e7\u0131k Gri Kolsuz Kap\u00fc\u015fonlu Atletik Atlet"},"content":{"rendered":"<div class=\"flex flex-col text-sm @w-xl\/main:pt-header-height pb-25\">\n<article class=\"text-token-text-primary w-full focus:outline-none [--shadow-height:45px] has-data-writing-block:pointer-events-none has-data-writing-block:-mt-(--shadow-height) has-data-writing-block:pt-(--shadow-height) [&amp;:has([data-writing-block])&gt;*]:pointer-events-auto [content-visibility:auto] supports-[content-visibility:auto]:[contain-intrinsic-size:auto_100lvh] scroll-mt-[calc(var(--header-height)+min(200px,max(70px,20svh)))]\" dir=\"auto\" tabindex=\"-1\" data-turn-id=\"205cea7c-b279-41e9-80fa-baded031e14c\" data-testid=\"conversation-turn-2\" data-scroll-anchor=\"true\" data-turn=\"assistant\">\n<div class=\"text-base my-auto mx-auto pb-10 [--thread-content-margin:--spacing(4)] @w-sm\/main:[--thread-content-margin:--spacing(6)] @w-lg\/main:[--thread-content-margin:--spacing(16)] px-(--thread-content-margin)\">\n<div class=\"[--thread-content-max-width:40rem] @w-lg\/main:[--thread-content-max-width:48rem] mx-auto max-w-(--thread-content-max-width) flex-1 group\/turn-messages focus-visible:outline-hidden relative flex w-full min-w-0 flex-col agent-turn\" tabindex=\"-1\">\n<div class=\"flex max-w-full flex-col grow\">\n<div class=\"min-h-8 text-message relative flex w-full flex-col items-end gap-2 text-start break-words whitespace-normal [.text-message+&amp;]:mt-1\" dir=\"auto\" data-message-author-role=\"assistant\" data-message-id=\"9de423c8-1675-45c5-b995-e672c88bda10\" data-message-model-slug=\"gpt-5-2\">\n<div class=\"flex w-full flex-col gap-1 empty:hidden first:pt-[1px]\">\n<div class=\"markdown prose dark:prose-invert w-full break-words dark markdown-new-styling\">\n<p data-start=\"108\" data-end=\"694\" data-is-last-node=\"\" data-is-only-node=\"\" class=\"translation-block\">Performans ve stil i\u00e7in tasarlanm\u0131\u015f, a\u00e7\u0131k gri, kolsuz, kap\u00fc\u015fonlu erkek atletik atlet.<br data-start=\"196\" data-end=\"199\">Antrenman s\u0131ras\u0131nda serin kalman\u0131z\u0131 sa\u011flamak i\u00e7in nefes alabilen, hafif kuma\u015ftan \u00fcretilmi\u015ftir.<br data-start=\"273\" data-end=\"276\">Modern ve sportif bir g\u00f6r\u00fcn\u00fcm i\u00e7in cesur bir <strong data-start=\"292\" data-end=\"306\">\u201cKEY WEST\u201d<\/strong> bask\u0131s\u0131na sahiptir.<br data-start=\"339\" data-end=\"342\">Kolsuz kesim, antrenman s\u0131ras\u0131nda tam hareket \u00f6zg\u00fcrl\u00fc\u011f\u00fc sa\u011flar.<br data-start=\"405\" data-end=\"408\">Spor salonu, ko\u015fu ve fitness seanslar\u0131 i\u00e7in ideal, yumu\u015fak ve rahat malzeme.<br data-start=\"480\" data-end=\"483\">Nem dostu kuma\u015f, terleme kaynakl\u0131 rahats\u0131zl\u0131\u011f\u0131 azaltmaya yard\u0131mc\u0131 olur.<br data-start=\"538\" data-end=\"541\">\u015e\u0131k kap\u00fc\u015fon, rahat bir sokak giyim tarz\u0131 kat\u0131yor.&lt;br <br>Egzersizler, a\u00e7\u0131k hava aktiviteleri veya g\u00fcnl\u00fck kullan\u0131m i\u00e7in m\u00fckemmel.<br>E\u015fofman alt\u0131, \u015fort veya kot pantolonla kolayca kombinlenebilir.<\/br><\/p>\n<\/div>\n<\/div>\n<\/div>\n<\/div>\n<div class=\"z-0 flex min-h-[46px] justify-start\"><\/div>\n<div class=\"mt-3 w-full empty:hidden\">\n<div class=\"text-center\"><\/div>\n<\/div>\n<\/div>\n<\/div>\n<\/article>\n<\/div>\n<div class=\"pointer-events-none h-px w-px absolute bottom-0\" aria-hidden=\"true\" data-edge=\"true\"><\/div>","protected":false},"excerpt":{"rendered":"<p>Men\u2019s light gray sleeveless hooded athletic tank top designed for performance and style.Made from breathable, lightweight fabric to keep you cool during workouts.Features a bold \u201cKEY WEST\u201d print for a modern, sporty look.Sleeveless cut allows full freedom of movement during training.Soft, comfortable material ideal for gym, running, and fitness sessions.Moisture-friendly fabric helps reduce sweat discomfort.Stylish [&hellip;]<\/p>","protected":false},"featured_media":33533,"comment_status":"open","ping_status":"closed","template":"","meta":{"_monsterinsights_skip_tracking":false,"_monsterinsights_sitenote_active":false,"_monsterinsights_sitenote_note":"","_monsterinsights_sitenote_category":0},"product_brand":[],"product_cat":[15,124],"product_tag":[],"class_list":{"0":"post-33531","1":"product","2":"type-product","3":"status-publish","4":"has-post-thumbnail","6":"product_cat-uncategorized","7":"product_cat-fitness-and-sports","9":"first","10":"instock","11":"shipping-taxable","12":"purchasable","13":"product-type-simple"},"aioseo_notices":[],"_links":{"self":[{"href":"https:\/\/xn--kbrsglobalstore-7kcc.com\/tr\/wp-json\/wp\/v2\/product\/33531","targetHints":{"allow":["GET"]}}],"collection":[{"href":"https:\/\/xn--kbrsglobalstore-7kcc.com\/tr\/wp-json\/wp\/v2\/product"}],"about":[{"href":"https:\/\/xn--kbrsglobalstore-7kcc.com\/tr\/wp-json\/wp\/v2\/types\/product"}],"replies":[{"embeddable":true,"href":"https:\/\/xn--kbrsglobalstore-7kcc.com\/tr\/wp-json\/wp\/v2\/comments?post=33531"}],"wp:featuredmedia":[{"embeddable":true,"href":"https:\/\/xn--kbrsglobalstore-7kcc.com\/tr\/wp-json\/wp\/v2\/media\/33533"}],"wp:attachment":[{"href":"https:\/\/xn--kbrsglobalstore-7kcc.com\/tr\/wp-json\/wp\/v2\/media?parent=33531"}],"wp:term":[{"taxonomy":"product_brand","embeddable":true,"href":"https:\/\/xn--kbrsglobalstore-7kcc.com\/tr\/wp-json\/wp\/v2\/product_brand?post=33531"},{"taxonomy":"product_cat","embeddable":true,"href":"https:\/\/xn--kbrsglobalstore-7kcc.com\/tr\/wp-json\/wp\/v2\/product_cat?post=33531"},{"taxonomy":"product_tag","embeddable":true,"href":"https:\/\/xn--kbrsglobalstore-7kcc.com\/tr\/wp-json\/wp\/v2\/product_tag?post=33531"}],"curies":[{"name":"wp","href":"https:\/\/api.w.org\/{rel}","templated":true}]}}