{"id":33524,"date":"2025-12-14T21:20:51","date_gmt":"2025-12-14T21:20:51","guid":{"rendered":"https:\/\/xn--kbrsglobalstore-7kcc.com\/?post_type=product&#038;p=33524"},"modified":"2025-12-16T19:24:58","modified_gmt":"2025-12-16T19:24:58","slug":"drado-resistance-bands-pull-up-assist-straps-exercise-bands-sports-bands-long-resistance-band-set-suitable-for-workouts-fitness-training-physical-relax-for-men-and-women-fitness-training-du","status":"publish","type":"product","link":"https:\/\/xn--kbrsglobalstore-7kcc.com\/tr\/urun\/drado-resistance-bands-pull-up-assist-straps-exercise-bands-sports-bands-long-resistance-band-set-suitable-for-workouts-fitness-training-physical-relax-for-men-and-women-fitness-training-du\/","title":{"rendered":"Drado Diren\u00e7 Bantlar\u0131, Barfiks Destek Kay\u0131\u015flar\u0131"},"content":{"rendered":"<div class=\"dad65929\">\n<div class=\"_4f9bf79 d7dc56a8 _43c05b5\">\n<div class=\"ds-message _63c77b1\">\n<div class=\"ds-markdown\">\n<p class=\"ds-markdown-paragraph\">Drado Diren\u00e7 Band\u0131 Seti ile tan\u0131\u015f\u0131n; evde veya spor salonunda g\u00fc\u00e7 kazanmak, esnekli\u011fi art\u0131rmak ve fitness hedeflerinize ula\u015fmak i\u00e7in hepsi bir arada \u00e7\u00f6z\u00fcm\u00fcn\u00fcz. Bu \u00e7ok y\u00f6nl\u00fc, uzun bant seti, \u00e7ok \u00e7e\u015fitli egzersizleri desteklemek \u00fczere uzmanl\u0131kla tasarlanm\u0131\u015ft\u0131r ve her seviyedeki sporcular i\u00e7in m\u00fckemmel, dayan\u0131kl\u0131 bir egzersiz ekipman\u0131d\u0131r.<\/p>\n<p class=\"ds-markdown-paragraph translation-block\">Bu set, v\u00fccut a\u011f\u0131rl\u0131\u011f\u0131 direncini g\u00fcvenli ve etkili bir \u015fekilde azaltan, do\u011fru formu \u00f6\u011frenmenize ve tekrar say\u0131n\u0131z\u0131 art\u0131rman\u0131za yard\u0131mc\u0131 olan birinci s\u0131n\u0131f <strong>\u00e7ekme destek kay\u0131\u015flar\u0131<\/strong> i\u00e7erir. Her bir y\u00fcksek gerilimli <strong>uzun diren\u00e7 band\u0131<\/strong>, <strong>kas aktivasyonu, kuvvet antrenman\u0131, esneme ve fiziksel rahatlama<\/strong> i\u00e7in ideal olan farkl\u0131 gerilim seviyeleri sunar.<\/p>\n<p class=\"ds-markdown-paragraph translation-block\">Dayan\u0131kl\u0131, lateks i\u00e7ermeyen malzemeden \u00fcretilen bu spor bantlar\u0131, yo\u011fun kullan\u0131ma dayanacak ve tutarl\u0131 performans sa\u011flayacak \u015fekilde tasarlanm\u0131\u015ft\u0131r. Hem erkekler hem de kad\u0131nlar i\u00e7in uygun olan bu set, v\u00fccut a\u011f\u0131rl\u0131\u011f\u0131 egzersizleri, fitness antrenman\u0131, rehabilitasyon ve yoga i\u00e7in vazge\u00e7ilmezdir. Kompakt ve ta\u015f\u0131nabilir Drado bantlar\u0131, daha g\u00fc\u00e7l\u00fc ve daha esnek bir v\u00fccuda sahip olmak isteyen herkes i\u00e7in profesyonel d\u00fczeyde \u00e7ok y\u00f6nl\u00fcl\u00fck sunar.<\/p>\n<\/div>\n<\/div>\n<div class=\"ds-theme\"><\/div>\n<div class=\"ds-flex _0a3d93b\">\n<div class=\"ds-flex _965abe9 _54866f7\">\n<div class=\"db183363 ds-icon-button ds-icon-button--m ds-icon-button--sizing-container\" tabindex=\"0\" role=\"button\" aria-disabled=\"false\">\n<div class=\"ds-icon-button__hover-bg\"><\/div>\n<div class=\"ds-icon\"><\/div>\n<div class=\"ds-focus-ring\"><\/div>\n<\/div>\n<div class=\"db183363 ds-icon-button ds-icon-button--m ds-icon-button--sizing-container\" tabindex=\"0\" role=\"button\" aria-disabled=\"false\">\n<div class=\"ds-icon-button__hover-bg\"><\/div>\n<div class=\"ds-icon\"><\/div>\n<div class=\"ds-focus-ring\"><\/div>\n<\/div>\n<div class=\"db183363 ds-icon-button ds-icon-button--m ds-icon-button--sizing-container\" tabindex=\"0\" role=\"button\" aria-disabled=\"false\">\n<div class=\"ds-icon-button__hover-bg\"><\/div>\n<div class=\"ds-icon\"><\/div>\n<div class=\"ds-focus-ring\"><\/div>\n<\/div>\n<div class=\"db183363 ds-icon-button ds-icon-button--m ds-icon-button--sizing-container\" tabindex=\"0\" role=\"button\" aria-disabled=\"false\">\n<div class=\"ds-icon-button__hover-bg\"><\/div>\n<div class=\"ds-icon\"><\/div>\n<div class=\"ds-focus-ring\"><\/div>\n<\/div>\n<div class=\"db183363 ds-icon-button ds-icon-button--m ds-icon-button--sizing-container\" tabindex=\"0\" role=\"button\" aria-disabled=\"false\">\n<div class=\"ds-icon-button__hover-bg\"><\/div>\n<div class=\"ds-icon\"><\/div>\n<div class=\"ds-focus-ring\"><\/div>\n<\/div>\n<\/div>\n<div><\/div>\n<\/div>\n<\/div>\n<\/div>\n<div class=\"_871cbca\">\n<div class=\"d72636e2\"><\/div>\n<div class=\"aaff8b8f\">\n<div class=\"_77cefa5 _3d616d3\">\n<div class=\"_020ab5b\">\n<div class=\"_24fad49\">\n<div class=\"ds-scroll-area__gutters\">\n<div class=\"ds-scroll-area__horizontal-gutter\"><\/div>\n<div class=\"ds-scroll-area__vertical-gutter\"><\/div>\n<\/div>\n<p><textarea class=\"_27c9245 ds-scroll-area d96f2d2a\" rows=\"2\" placeholder=\"Message DeepSeek\"><\/textarea><\/p>\n<div class=\"b13855df\"><\/div>\n<\/div>\n<div class=\"ec4f5d61\">\n<div class=\"bf38813a\">\n<div class=\"f02f0e25 ds-icon-button ds-icon-button--l ds-icon-button--sizing-container\" tabindex=\"0\" role=\"button\" aria-disabled=\"false\">\n<div class=\"ds-icon-button__hover-bg\"><\/div>\n<div class=\"ds-icon\"><\/div>\n<\/div>\n<\/div>\n<\/div>\n<\/div>\n<\/div>\n<\/div>\n<\/div>","protected":false},"excerpt":{"rendered":"<p>Meet the Drado Resistance Band Set, your all-in-one solution for building strength, enhancing flexibility, and achieving your fitness goals at home or in the gym. This versatile, long band set is expertly designed to support a full range of exercises, making it the perfect durable workout gear for athletes of all levels. The set includes [&hellip;]<\/p>","protected":false},"featured_media":33525,"comment_status":"open","ping_status":"closed","template":"","meta":{"_monsterinsights_skip_tracking":false,"_monsterinsights_sitenote_active":false,"_monsterinsights_sitenote_note":"","_monsterinsights_sitenote_category":0},"product_brand":[],"product_cat":[15,124],"product_tag":[],"class_list":{"0":"post-33524","1":"product","2":"type-product","3":"status-publish","4":"has-post-thumbnail","6":"product_cat-uncategorized","7":"product_cat-fitness-and-sports","9":"first","10":"instock","11":"shipping-taxable","12":"purchasable","13":"product-type-simple"},"aioseo_notices":[],"_links":{"self":[{"href":"https:\/\/xn--kbrsglobalstore-7kcc.com\/tr\/wp-json\/wp\/v2\/product\/33524","targetHints":{"allow":["GET"]}}],"collection":[{"href":"https:\/\/xn--kbrsglobalstore-7kcc.com\/tr\/wp-json\/wp\/v2\/product"}],"about":[{"href":"https:\/\/xn--kbrsglobalstore-7kcc.com\/tr\/wp-json\/wp\/v2\/types\/product"}],"replies":[{"embeddable":true,"href":"https:\/\/xn--kbrsglobalstore-7kcc.com\/tr\/wp-json\/wp\/v2\/comments?post=33524"}],"wp:featuredmedia":[{"embeddable":true,"href":"https:\/\/xn--kbrsglobalstore-7kcc.com\/tr\/wp-json\/wp\/v2\/media\/33525"}],"wp:attachment":[{"href":"https:\/\/xn--kbrsglobalstore-7kcc.com\/tr\/wp-json\/wp\/v2\/media?parent=33524"}],"wp:term":[{"taxonomy":"product_brand","embeddable":true,"href":"https:\/\/xn--kbrsglobalstore-7kcc.com\/tr\/wp-json\/wp\/v2\/product_brand?post=33524"},{"taxonomy":"product_cat","embeddable":true,"href":"https:\/\/xn--kbrsglobalstore-7kcc.com\/tr\/wp-json\/wp\/v2\/product_cat?post=33524"},{"taxonomy":"product_tag","embeddable":true,"href":"https:\/\/xn--kbrsglobalstore-7kcc.com\/tr\/wp-json\/wp\/v2\/product_tag?post=33524"}],"curies":[{"name":"wp","href":"https:\/\/api.w.org\/{rel}","templated":true}]}}