{"id":33516,"date":"2025-12-14T21:16:02","date_gmt":"2025-12-14T21:16:02","guid":{"rendered":"https:\/\/xn--kbrsglobalstore-7kcc.com\/?post_type=product&#038;p=33516"},"modified":"2025-12-16T19:25:21","modified_gmt":"2025-12-16T19:25:21","slug":"2pcs-push-up-bars-handles-home-gym-exercise-workout-training-gear-push-up-stand-multi-functional-fitness-equipment-i-beam-chest-muscle-training","status":"publish","type":"product","link":"https:\/\/xn--kbrsglobalstore-7kcc.com\/tr\/urun\/2pcs-push-up-bars-handles-home-gym-exercise-workout-training-gear-push-up-stand-multi-functional-fitness-equipment-i-beam-chest-muscle-training\/","title":{"rendered":"2 Adet \u015e\u0131nav Bar\u0131, Evde Spor Salonu Egzersiz Antrenman Ekipman\u0131"},"content":{"rendered":"<div class=\"ds-message _63c77b1\">\n<div class=\"ds-markdown\">\n<p class=\"ds-markdown-paragraph\">V\u00fccut a\u011f\u0131rl\u0131\u011f\u0131n\u0131zla yapaca\u011f\u0131n\u0131z antrenmanlardan en iyi \u015fekilde faydalan\u0131n; 2'si 1 arada \u015f\u0131nav barlar\u0131, v\u00fccut g\u00fcc\u00fc, ciddi anlamda geni\u015flemek i\u00e7in evde kullanabilece\u011finiz temel bir spor enerjisidir. Stabilite ve \u00e7ok y\u00f6nl\u00fcl\u00fck i\u00e7in tasarlanan bu barlar...<\/p>\n<p class=\"ds-markdown-paragraph translation-block\">Benzersiz <strong>I-kiri\u015f tasar\u0131m\u0131<\/strong>, ellerinizi yerden kald\u0131ran ve daha derin bir hareket aral\u0131\u011f\u0131 sa\u011flayarak <strong>g\u00f6\u011f\u00fcs, omuz ve triseps<\/strong> kaslar\u0131n\u0131z\u0131 yo\u011fun bir \u015fekilde \u00e7al\u0131\u015ft\u0131rman\u0131za olanak tan\u0131yan ultra stabil, kaymaz bir platform sunar. Bu daha derin esneme, daha h\u0131zl\u0131 b\u00fcy\u00fcme ve belirginle\u015fme i\u00e7in daha fazla kas lifini harekete ge\u00e7irir.<\/p>\n<p class=\"ds-markdown-paragraph translation-block\">Sadece \u015f\u0131nav sehpas\u0131 olmaktan \u00e7ok daha fazlas\u0131 olan bu \u00e7ok fonksiyonlu fitness barlar\u0131, kar\u0131n ve kol kaslar\u0131n\u0131 \u00e7al\u0131\u015ft\u0131rmak i\u00e7in \u00e7e\u015fitli egzersizler yapman\u0131za olanak tan\u0131r. G\u00fcvenli bir tutu\u015f i\u00e7in ergonomik, dokulu tutacaklara sahip bu dayan\u0131kl\u0131 egzersiz ekipman\u0131, t\u00fcm fitness seviyeleri i\u00e7in m\u00fckemmeldir. Kompakt ve etkili olan bu \u00fcr\u00fcn, herhangi bir alan\u0131 g\u00fc\u00e7l\u00fc bir ev spor salonuna d\u00f6n\u00fc\u015ft\u00fcrmek i\u00e7in ak\u0131ll\u0131 bir se\u00e7imdir.<\/p>\n<\/div>\n<\/div>\n<div class=\"ds-theme\"><\/div>\n<div class=\"ds-flex _0a3d93b\">\n<div class=\"ds-flex _965abe9 _54866f7\">\n<div class=\"db183363 ds-icon-button ds-icon-button--m ds-icon-button--sizing-container\" tabindex=\"0\" role=\"button\" aria-disabled=\"false\">\n<div class=\"ds-icon-button__hover-bg\"><\/div>\n<div class=\"ds-icon\"><\/div>\n<div class=\"ds-focus-ring\"><\/div>\n<\/div>\n<div class=\"db183363 ds-icon-button ds-icon-button--m ds-icon-button--sizing-container\" tabindex=\"0\" role=\"button\" aria-disabled=\"false\">\n<div class=\"ds-icon-button__hover-bg\"><\/div>\n<div class=\"ds-icon\"><\/div>\n<div class=\"ds-focus-ring\"><\/div>\n<\/div>\n<div class=\"db183363 ds-icon-button ds-icon-button--m ds-icon-button--sizing-container\" tabindex=\"0\" role=\"button\" aria-disabled=\"false\">\n<div class=\"ds-icon-button__hover-bg\"><\/div>\n<div class=\"ds-icon\"><\/div>\n<div class=\"ds-focus-ring\"><\/div>\n<\/div>\n<div class=\"db183363 ds-icon-button ds-icon-button--m ds-icon-button--sizing-container\" tabindex=\"0\" role=\"button\" aria-disabled=\"false\">\n<div class=\"ds-icon-button__hover-bg\"><\/div>\n<div class=\"ds-icon\"><\/div>\n<div class=\"ds-focus-ring\"><\/div>\n<\/div>\n<div class=\"db183363 ds-icon-button ds-icon-button--m ds-icon-button--sizing-container\" tabindex=\"0\" role=\"button\" aria-disabled=\"false\">\n<div class=\"ds-icon-button__hover-bg\"><\/div>\n<div class=\"ds-icon\"><\/div>\n<\/div>\n<\/div>\n<\/div>","protected":false},"excerpt":{"rendered":"<p>Maximize your bodyweight training with the 2-in-1 Push Up Bars Handles, the essential home gym equipment for building serious upper-body strength. Engineered for stability and versatility, these bars transform the standard push-up into a targeted muscle-building workout. The unique\u00a0I-beam design\u00a0provides an ultra-stable, non-slip platform that elevates your hands off the ground, allowing for a deeper [&hellip;]<\/p>","protected":false},"featured_media":33517,"comment_status":"open","ping_status":"closed","template":"","meta":{"_monsterinsights_skip_tracking":false,"_monsterinsights_sitenote_active":false,"_monsterinsights_sitenote_note":"","_monsterinsights_sitenote_category":0},"product_brand":[],"product_cat":[15,124],"product_tag":[],"class_list":{"0":"post-33516","1":"product","2":"type-product","3":"status-publish","4":"has-post-thumbnail","6":"product_cat-uncategorized","7":"product_cat-fitness-and-sports","9":"first","10":"instock","11":"shipping-taxable","12":"purchasable","13":"product-type-simple"},"aioseo_notices":[],"_links":{"self":[{"href":"https:\/\/xn--kbrsglobalstore-7kcc.com\/tr\/wp-json\/wp\/v2\/product\/33516","targetHints":{"allow":["GET"]}}],"collection":[{"href":"https:\/\/xn--kbrsglobalstore-7kcc.com\/tr\/wp-json\/wp\/v2\/product"}],"about":[{"href":"https:\/\/xn--kbrsglobalstore-7kcc.com\/tr\/wp-json\/wp\/v2\/types\/product"}],"replies":[{"embeddable":true,"href":"https:\/\/xn--kbrsglobalstore-7kcc.com\/tr\/wp-json\/wp\/v2\/comments?post=33516"}],"wp:featuredmedia":[{"embeddable":true,"href":"https:\/\/xn--kbrsglobalstore-7kcc.com\/tr\/wp-json\/wp\/v2\/media\/33517"}],"wp:attachment":[{"href":"https:\/\/xn--kbrsglobalstore-7kcc.com\/tr\/wp-json\/wp\/v2\/media?parent=33516"}],"wp:term":[{"taxonomy":"product_brand","embeddable":true,"href":"https:\/\/xn--kbrsglobalstore-7kcc.com\/tr\/wp-json\/wp\/v2\/product_brand?post=33516"},{"taxonomy":"product_cat","embeddable":true,"href":"https:\/\/xn--kbrsglobalstore-7kcc.com\/tr\/wp-json\/wp\/v2\/product_cat?post=33516"},{"taxonomy":"product_tag","embeddable":true,"href":"https:\/\/xn--kbrsglobalstore-7kcc.com\/tr\/wp-json\/wp\/v2\/product_tag?post=33516"}],"curies":[{"name":"wp","href":"https:\/\/api.w.org\/{rel}","templated":true}]}}