{"id":33509,"date":"2025-12-14T21:13:26","date_gmt":"2025-12-14T21:13:26","guid":{"rendered":"https:\/\/xn--kbrsglobalstore-7kcc.com\/?post_type=product&#038;p=33509"},"modified":"2025-12-16T19:25:37","modified_gmt":"2025-12-16T19:25:37","slug":"2-572-reviews-47-all-reviews-are-from-verified-purchases-small-true-to-size-large-4-94-2-recommended-avatar-olena-zhuravlova-in-on-nov-24-2025-good-quality-they-have-a-slimming-effect-and-make","status":"publish","type":"product","link":"https:\/\/xn--kbrsglobalstore-7kcc.com\/tr\/urun\/2-572-reviews-47-all-reviews-are-from-verified-purchases-small-true-to-size-large-4-94-2-recommended-avatar-olena-zhuravlova-in-on-nov-24-2025-good-quality-they-have-a-slimming-effect-and-make\/","title":{"rendered":"Kad\u0131nlar i\u00e7in Diki\u015fsiz Batik Desenli Spor Pantolon"},"content":{"rendered":"<div class=\"ds-message _63c77b1\">\n<div class=\"ds-markdown\">\n<p class=\"ds-markdown-paragraph\">Kad\u0131nlar i\u00e7in \u00f6zel olarak tasarlanm\u0131\u015f, diki\u015fsiz, batik desenli spor pantolonumuzla, en son tasar\u0131m ve performans odakl\u0131 konforun m\u00fckemmel birle\u015fimini deneyimleyin. Dinamik kad\u0131nlar i\u00e7in \u00f6zenle \u00fcretilen bu y\u00fcksek bel tayt, her hareketinizde benzersiz destek ve \u015f\u0131k bir sil\u00fcet sunar.<\/p>\n<p class=\"ds-markdown-paragraph translation-block\">Geli\u015fmi\u015f kar\u0131n kontrol\u00fc ve kal\u00e7a kald\u0131rma, bacak \u015fekillendirme \u00f6zelli\u011fiyle, do\u011fal k\u0131vr\u0131mlar\u0131n\u0131z\u0131 p\u00fcr\u00fczs\u00fcz, ikinci bir ten hissi vererek \u015fekillendirir ve vurgularlar. Diki\u015fsiz yap\u0131s\u0131 ve nefes alabilen, d\u00f6rt y\u00f6ne esneyen kuma\u015f\u0131, s\u00fcrt\u00fcnme olmadan tam hareket \u00f6zg\u00fcrl\u00fc\u011f\u00fc sunarak, spor salonu seanslar\u0131, ko\u015fu, yoga ve t\u00fcm a\u00e7\u0131k hava fitness aktiviteleri i\u00e7in idealdir.<\/p>\n<p class=\"ds-markdown-paragraph translation-block\">E\u015fsiz <strong>d\u00f6rt mevsimlik batik deseni<\/strong>, spor giyim koleksiyonunuza canl\u0131 ve sanatsal bir hava kat\u0131yor ve antrenmandan g\u00fcnl\u00fck giyime zahmetsizce ge\u00e7i\u015f sa\u011fl\u0131yor. <strong>Dayan\u0131kl\u0131 yap\u0131s\u0131<\/strong> ve rahatl\u0131kla <strong>makinede y\u0131kanabilir<\/strong> olan bu pantolonlar, say\u0131s\u0131z y\u0131kamadan sonra bile \u015feklini, rengini ve performans\u0131n\u0131 koruyacak \u015fekilde tasarlanm\u0131\u015ft\u0131r. Bu temel par\u00e7a ile spor gard\u0131robunuzu bir \u00fcst seviyeye ta\u015f\u0131y\u0131n.<\/p>\n<\/div>\n<\/div>\n<div class=\"ds-theme\"><\/div>\n<div class=\"ds-flex _0a3d93b\">\n<div class=\"ds-flex _965abe9 _54866f7\">\n<div class=\"db183363 ds-icon-button ds-icon-button--m ds-icon-button--sizing-container\" tabindex=\"0\" role=\"button\" aria-disabled=\"false\">\n<div class=\"ds-icon-button__hover-bg\"><\/div>\n<div class=\"ds-icon\"><\/div>\n<div class=\"ds-focus-ring\"><\/div>\n<\/div>\n<div class=\"db183363 ds-icon-button ds-icon-button--m ds-icon-button--sizing-container\" tabindex=\"0\" role=\"button\" aria-disabled=\"false\">\n<div class=\"ds-icon-button__hover-bg\"><\/div>\n<div class=\"ds-icon\"><\/div>\n<div class=\"ds-focus-ring\"><\/div>\n<\/div>\n<div class=\"db183363 ds-icon-button ds-icon-button--m ds-icon-button--sizing-container\" tabindex=\"0\" role=\"button\" aria-disabled=\"false\">\n<div class=\"ds-icon-button__hover-bg\"><\/div>\n<div class=\"ds-icon\"><\/div>\n<div class=\"ds-focus-ring\"><\/div>\n<\/div>\n<div class=\"db183363 ds-icon-button ds-icon-button--m ds-icon-button--sizing-container\" tabindex=\"0\" role=\"button\" aria-disabled=\"false\">\n<div class=\"ds-icon-button__hover-bg\"><\/div>\n<div class=\"ds-icon\"><\/div>\n<div class=\"ds-focus-ring\"><\/div>\n<\/div>\n<div class=\"db183363 ds-icon-button ds-icon-button--m ds-icon-button--sizing-container\" tabindex=\"0\" role=\"button\" aria-disabled=\"false\">\n<div class=\"ds-icon-button__hover-bg\"><\/div>\n<div class=\"ds-icon\"><\/div>\n<\/div>\n<\/div>\n<\/div>","protected":false},"excerpt":{"rendered":"<p>Experience the perfect fusion of cutting-edge design and performance-driven comfort with our Women&#8217;s Seamless Tie-Dye Sports Pants. Expertly crafted for the dynamic woman, these high-waisted leggings provide unparalleled support and a sleek silhouette for every movement. Featuring\u00a0advanced tummy control\u00a0and a\u00a0hip-lifting, leg-shaping fit, they sculpt and enhance your natural curves with a smoothing, second-skin feel. The\u00a0seamless [&hellip;]<\/p>","protected":false},"featured_media":33510,"comment_status":"open","ping_status":"closed","template":"","meta":{"_monsterinsights_skip_tracking":false,"_monsterinsights_sitenote_active":false,"_monsterinsights_sitenote_note":"","_monsterinsights_sitenote_category":0},"product_brand":[],"product_cat":[15,124],"product_tag":[],"class_list":{"0":"post-33509","1":"product","2":"type-product","3":"status-publish","4":"has-post-thumbnail","6":"product_cat-uncategorized","7":"product_cat-fitness-and-sports","9":"first","10":"instock","11":"shipping-taxable","12":"purchasable","13":"product-type-simple"},"aioseo_notices":[],"_links":{"self":[{"href":"https:\/\/xn--kbrsglobalstore-7kcc.com\/tr\/wp-json\/wp\/v2\/product\/33509","targetHints":{"allow":["GET"]}}],"collection":[{"href":"https:\/\/xn--kbrsglobalstore-7kcc.com\/tr\/wp-json\/wp\/v2\/product"}],"about":[{"href":"https:\/\/xn--kbrsglobalstore-7kcc.com\/tr\/wp-json\/wp\/v2\/types\/product"}],"replies":[{"embeddable":true,"href":"https:\/\/xn--kbrsglobalstore-7kcc.com\/tr\/wp-json\/wp\/v2\/comments?post=33509"}],"wp:featuredmedia":[{"embeddable":true,"href":"https:\/\/xn--kbrsglobalstore-7kcc.com\/tr\/wp-json\/wp\/v2\/media\/33510"}],"wp:attachment":[{"href":"https:\/\/xn--kbrsglobalstore-7kcc.com\/tr\/wp-json\/wp\/v2\/media?parent=33509"}],"wp:term":[{"taxonomy":"product_brand","embeddable":true,"href":"https:\/\/xn--kbrsglobalstore-7kcc.com\/tr\/wp-json\/wp\/v2\/product_brand?post=33509"},{"taxonomy":"product_cat","embeddable":true,"href":"https:\/\/xn--kbrsglobalstore-7kcc.com\/tr\/wp-json\/wp\/v2\/product_cat?post=33509"},{"taxonomy":"product_tag","embeddable":true,"href":"https:\/\/xn--kbrsglobalstore-7kcc.com\/tr\/wp-json\/wp\/v2\/product_tag?post=33509"}],"curies":[{"name":"wp","href":"https:\/\/api.w.org\/{rel}","templated":true}]}}