{"id":33506,"date":"2025-12-14T20:21:15","date_gmt":"2025-12-14T20:21:15","guid":{"rendered":"https:\/\/xn--kbrsglobalstore-7kcc.com\/?post_type=product&#038;p=33506"},"modified":"2025-12-16T19:25:59","modified_gmt":"2025-12-16T19:25:59","slug":"meikaxiu-1pc-3d-breathable-mesh-new-style-granule-massage-car-steering-wheel-cover-without-inner-ring-suitable-for-14-5-15-inches-car-accessories","status":"publish","type":"product","link":"https:\/\/xn--kbrsglobalstore-7kcc.com\/tr\/urun\/meikaxiu-1pc-3d-breathable-mesh-new-style-granule-massage-car-steering-wheel-cover-without-inner-ring-suitable-for-14-5-15-inches-car-accessories\/","title":{"rendered":"MEIKAXIU 3D Nefes Alabilen File Yeni Stil Gran\u00fcl Masajl\u0131 Araba Direksiyon K\u0131l\u0131f\u0131"},"content":{"rendered":"<div class=\"ds-message _63c77b1\">\n<div class=\"ds-markdown\">\n<p class=\"ds-markdown-paragraph\">MEIKAXIU 3D Nefes Alabilen File Direksiyon K\u0131l\u0131f\u0131 ile g\u00fcnl\u00fck s\u00fcr\u00fc\u015f deneyiminizi y\u00fckseltin; yenilik\u00e7i tasar\u0131m, ola\u011fan\u00fcst\u00fc konfor ve kontrolle bulu\u015fuyor. Bu \u015f\u0131k aksesuar, direksiyonunuzu daha konforlu, g\u00fcvenli ve \u015f\u0131k bir kumanda merkezine d\u00f6n\u00fc\u015ft\u00fcr\u00fcyor.<\/p>\n<p class=\"ds-markdown-paragraph translation-block\">Benzersiz <strong>3D nefes alabilen file kuma\u015f\u0131<\/strong> sayesinde hava ak\u0131\u015f\u0131n\u0131 art\u0131rarak uzun yolculuklarda ellerinizi serin ve kuru tutar. Y\u00fczeyi, akupres\u00fcr\u00fc uyaran, el yorgunlu\u011funu azaltan ve daha rahat bir tutu\u015f i\u00e7in kan dola\u015f\u0131m\u0131n\u0131 iyile\u015ftiren <strong>nazik gran\u00fcl masaj noktalar\u0131<\/strong> ile donat\u0131lm\u0131\u015ft\u0131r.<\/p>\n<p class=\"ds-markdown-paragraph translation-block\">Yeni bir tarzla, i\u00e7 halkas\u0131 olmayan diki\u015fsiz bir tasar\u0131mla tasarlanan bu \u00fcr\u00fcn, \u015f\u0131k bir g\u00f6r\u00fcn\u00fcm ve kullan\u0131m s\u0131ras\u0131nda d\u00f6nmeyecek g\u00fcvenli, kaymaz bir uyum sunar. 14,5 ila 15 in\u00e7 direksiyon simitleri i\u00e7in evrensel olarak uygun olan bu \u00fcr\u00fcn, kolayca tak\u0131l\u0131r ve arac\u0131n\u0131z\u0131n i\u00e7 mekan\u0131na modern bir zarafet katar. Bu sadece bir k\u0131l\u0131f de\u011fil; her yolculukta art\u0131r\u0131lm\u0131\u015f g\u00fcvenlik, konfor ve s\u00fcr\u00fc\u015f keyfi i\u00e7in vazge\u00e7ilmez bir ara\u00e7 aksesuar\u0131d\u0131r.<\/p>\n<\/div>\n<\/div>\n<div class=\"ds-theme\"><\/div>\n<div class=\"ds-flex _0a3d93b\">\n<div class=\"ds-flex _965abe9 _54866f7\">\n<div class=\"db183363 ds-icon-button ds-icon-button--m ds-icon-button--sizing-container\" tabindex=\"0\" role=\"button\" aria-disabled=\"false\">\n<div class=\"ds-icon-button__hover-bg\"><\/div>\n<div class=\"ds-icon\"><\/div>\n<div class=\"ds-focus-ring\"><\/div>\n<\/div>\n<div class=\"db183363 ds-icon-button ds-icon-button--m ds-icon-button--sizing-container\" tabindex=\"0\" role=\"button\" aria-disabled=\"false\">\n<div class=\"ds-icon-button__hover-bg\"><\/div>\n<div class=\"ds-icon\"><\/div>\n<div class=\"ds-focus-ring\"><\/div>\n<\/div>\n<div class=\"db183363 ds-icon-button ds-icon-button--m ds-icon-button--sizing-container\" tabindex=\"0\" role=\"button\" aria-disabled=\"false\">\n<div class=\"ds-icon-button__hover-bg\"><\/div>\n<div class=\"ds-icon\"><\/div>\n<div class=\"ds-focus-ring\"><\/div>\n<\/div>\n<div class=\"db183363 ds-icon-button ds-icon-button--m ds-icon-button--sizing-container\" tabindex=\"0\" role=\"button\" aria-disabled=\"false\">\n<div class=\"ds-icon-button__hover-bg\"><\/div>\n<div class=\"ds-icon\"><\/div>\n<div class=\"ds-focus-ring\"><\/div>\n<\/div>\n<div class=\"db183363 ds-icon-button ds-icon-button--m ds-icon-button--sizing-container\" tabindex=\"0\" role=\"button\" aria-disabled=\"false\">\n<div class=\"ds-icon-button__hover-bg\"><\/div>\n<div class=\"ds-icon\"><\/div>\n<\/div>\n<\/div>\n<\/div>","protected":false},"excerpt":{"rendered":"<p>Upgrade your daily drive with the MEIKAXIU 3D Breathable Mesh Steering Wheel Cover, where innovative design meets exceptional comfort and control. This sleek accessory transforms your steering wheel into a more comfortable, secure, and stylish command center. Featuring a unique\u00a03D breathable mesh fabric, it enhances airflow to keep your hands cool and dry on long [&hellip;]<\/p>","protected":false},"featured_media":33507,"comment_status":"open","ping_status":"closed","template":"","meta":{"_monsterinsights_skip_tracking":false,"_monsterinsights_sitenote_active":false,"_monsterinsights_sitenote_note":"","_monsterinsights_sitenote_category":0},"product_brand":[],"product_cat":[15,127],"product_tag":[],"class_list":{"0":"post-33506","1":"product","2":"type-product","3":"status-publish","4":"has-post-thumbnail","6":"product_cat-uncategorized","7":"product_cat-car-essentials","9":"first","10":"instock","11":"shipping-taxable","12":"purchasable","13":"product-type-simple"},"aioseo_notices":[],"_links":{"self":[{"href":"https:\/\/xn--kbrsglobalstore-7kcc.com\/tr\/wp-json\/wp\/v2\/product\/33506","targetHints":{"allow":["GET"]}}],"collection":[{"href":"https:\/\/xn--kbrsglobalstore-7kcc.com\/tr\/wp-json\/wp\/v2\/product"}],"about":[{"href":"https:\/\/xn--kbrsglobalstore-7kcc.com\/tr\/wp-json\/wp\/v2\/types\/product"}],"replies":[{"embeddable":true,"href":"https:\/\/xn--kbrsglobalstore-7kcc.com\/tr\/wp-json\/wp\/v2\/comments?post=33506"}],"wp:featuredmedia":[{"embeddable":true,"href":"https:\/\/xn--kbrsglobalstore-7kcc.com\/tr\/wp-json\/wp\/v2\/media\/33507"}],"wp:attachment":[{"href":"https:\/\/xn--kbrsglobalstore-7kcc.com\/tr\/wp-json\/wp\/v2\/media?parent=33506"}],"wp:term":[{"taxonomy":"product_brand","embeddable":true,"href":"https:\/\/xn--kbrsglobalstore-7kcc.com\/tr\/wp-json\/wp\/v2\/product_brand?post=33506"},{"taxonomy":"product_cat","embeddable":true,"href":"https:\/\/xn--kbrsglobalstore-7kcc.com\/tr\/wp-json\/wp\/v2\/product_cat?post=33506"},{"taxonomy":"product_tag","embeddable":true,"href":"https:\/\/xn--kbrsglobalstore-7kcc.com\/tr\/wp-json\/wp\/v2\/product_tag?post=33506"}],"curies":[{"name":"wp","href":"https:\/\/api.w.org\/{rel}","templated":true}]}}