{"id":33500,"date":"2025-12-14T20:19:34","date_gmt":"2025-12-14T20:19:34","guid":{"rendered":"https:\/\/xn--kbrsglobalstore-7kcc.com\/?post_type=product&#038;p=33500"},"modified":"2025-12-16T19:33:57","modified_gmt":"2025-12-16T19:33:57","slug":"easypie-selection-ultra-thin-led-car-makeup-mirror-hd-sun-visor-mirror-with-touch-screen-usb-rechargeable-adjustable-perfect-for-women-easy-clip-on-installationbest-gifts-for-friends-graduat","status":"publish","type":"product","link":"https:\/\/xn--kbrsglobalstore-7kcc.com\/tr\/urun\/easypie-selection-ultra-thin-led-car-makeup-mirror-hd-sun-visor-mirror-with-touch-screen-usb-rechargeable-adjustable-perfect-for-women-easy-clip-on-installationbest-gifts-for-friends-graduat\/","title":{"rendered":"Easypie Selection Ultra \u0130nce LED Ara\u00e7 Makyaj Aynas\u0131"},"content":{"rendered":"<div class=\"ds-message _63c77b1\">\n<div class=\"ds-markdown\">\n<p class=\"ds-markdown-paragraph\">Easypie Selection Ultra \u0130nce LED Ara\u00e7 Makyaj Aynas\u0131 ile hareket halindeyken rutininizi ayd\u0131nlat\u0131n; bu, ara\u00e7 i\u00e7i g\u00fczellik ve bak\u0131m i\u00e7in en ideal yard\u0131mc\u0131d\u0131r. Bu yenilik\u00e7i HD ayna, g\u00fcne\u015fli\u011finizi profesyonel kalitede bir makyaj masas\u0131na d\u00f6n\u00fc\u015ft\u00fcrerek, her var\u0131\u015f noktas\u0131na en iyi \u015fekilde g\u00f6r\u00fcnmenizi ve hissetmenizi sa\u011flar.<\/p>\n<p class=\"ds-markdown-paragraph translation-block\">Kusursuz uygulama i\u00e7in tasarlanan bu \u00fcr\u00fcn, ultra parlak, do\u011fal tonlu LED \u0131\u015f\u0131klarla \u00e7evrili kristal berrakl\u0131\u011f\u0131nda, y\u00fcksek \u00e7\u00f6z\u00fcn\u00fcrl\u00fckl\u00fc bir aynaya sahiptir. Sezgisel dokunmatik ekran, zahmetsiz parlakl\u0131k ayar\u0131 sa\u011flarken, USB \u015farj edilebilir tasar\u0131m\u0131 kablosuz kolayl\u0131k ve \u00e7evre dostu g\u00fc\u00e7 sunar. Ultra ince, \u015f\u0131k profili ve kolay klipsli montaj\u0131, onu her araca kusursuz bir \u015fekilde entegre eder.<\/p>\n<p class=\"ds-markdown-paragraph translation-block\">Pratik bir ara\u00e7tan \u00e7ok daha fazlas\u0131 olan bu ayna, hayat\u0131n\u0131zdaki herkes i\u00e7in m\u00fckemmel bir hediye. Evrensel \u00e7ekicili\u011fi ve zarif i\u015flevselli\u011fiyle, d\u00fc\u015f\u00fcnceli bir mezuniyet, okula d\u00f6n\u00fc\u015f veya do\u011fum g\u00fcn\u00fc hediyesi, keyifli bir Noel veya Sevgililer G\u00fcn\u00fc hediyesi ya da anne veya baban\u0131z i\u00e7in kullan\u0131\u015fl\u0131 bir s\u00fcrpriz olabilir. \u0130ster g\u00fcnl\u00fck kullan\u0131m i\u00e7in ister \u00f6zel g\u00fcnler i\u00e7in olsun, bu ayna teknoloji, kolayl\u0131k ve \u00f6zenli tasar\u0131m\u0131n m\u00fckemmel bir kar\u0131\u015f\u0131m\u0131d\u0131r.<\/p>\n<\/div>\n<\/div>\n<div class=\"ds-theme\"><\/div>\n<div class=\"ds-flex _0a3d93b\">\n<div class=\"ds-flex _965abe9 _54866f7\">\n<div class=\"db183363 ds-icon-button ds-icon-button--m ds-icon-button--sizing-container\" tabindex=\"0\" role=\"button\" aria-disabled=\"false\">\n<div class=\"ds-icon-button__hover-bg\"><\/div>\n<div class=\"ds-icon\"><\/div>\n<div class=\"ds-focus-ring\"><\/div>\n<\/div>\n<div class=\"db183363 ds-icon-button ds-icon-button--m ds-icon-button--sizing-container\" tabindex=\"0\" role=\"button\" aria-disabled=\"false\">\n<div class=\"ds-icon-button__hover-bg\"><\/div>\n<div class=\"ds-icon\"><\/div>\n<div class=\"ds-focus-ring\"><\/div>\n<\/div>\n<div class=\"db183363 ds-icon-button ds-icon-button--m ds-icon-button--sizing-container\" tabindex=\"0\" role=\"button\" aria-disabled=\"false\">\n<div class=\"ds-icon-button__hover-bg\"><\/div>\n<div class=\"ds-icon\"><\/div>\n<div class=\"ds-focus-ring\"><\/div>\n<\/div>\n<div class=\"db183363 ds-icon-button ds-icon-button--m ds-icon-button--sizing-container\" tabindex=\"0\" role=\"button\" aria-disabled=\"false\">\n<div class=\"ds-icon-button__hover-bg\"><\/div>\n<div class=\"ds-icon\"><\/div>\n<div class=\"ds-focus-ring\"><\/div>\n<\/div>\n<div class=\"db183363 ds-icon-button ds-icon-button--m ds-icon-button--sizing-container\" tabindex=\"0\" role=\"button\" aria-disabled=\"false\">\n<div class=\"ds-icon-button__hover-bg\"><\/div>\n<div class=\"ds-icon\"><\/div>\n<\/div>\n<\/div>\n<\/div>","protected":false},"excerpt":{"rendered":"<p>Illuminate your on-the-go routine with the Easypie Selection Ultra-Thin LED Car Makeup Mirror, the ultimate in-car beauty and grooming companion. This innovative HD mirror transforms your sun visor into a professional-grade vanity, ensuring you arrive at every destination looking and feeling your absolute best. Engineered for flawless application, it features a crystal-clear,\u00a0high-definition mirror\u00a0surrounded by a [&hellip;]<\/p>","protected":false},"featured_media":33501,"comment_status":"open","ping_status":"closed","template":"","meta":{"_monsterinsights_skip_tracking":false,"_monsterinsights_sitenote_active":false,"_monsterinsights_sitenote_note":"","_monsterinsights_sitenote_category":0},"product_brand":[],"product_cat":[15,127],"product_tag":[],"class_list":{"0":"post-33500","1":"product","2":"type-product","3":"status-publish","4":"has-post-thumbnail","6":"product_cat-uncategorized","7":"product_cat-car-essentials","9":"first","10":"instock","11":"shipping-taxable","12":"purchasable","13":"product-type-simple"},"aioseo_notices":[],"_links":{"self":[{"href":"https:\/\/xn--kbrsglobalstore-7kcc.com\/tr\/wp-json\/wp\/v2\/product\/33500","targetHints":{"allow":["GET"]}}],"collection":[{"href":"https:\/\/xn--kbrsglobalstore-7kcc.com\/tr\/wp-json\/wp\/v2\/product"}],"about":[{"href":"https:\/\/xn--kbrsglobalstore-7kcc.com\/tr\/wp-json\/wp\/v2\/types\/product"}],"replies":[{"embeddable":true,"href":"https:\/\/xn--kbrsglobalstore-7kcc.com\/tr\/wp-json\/wp\/v2\/comments?post=33500"}],"wp:featuredmedia":[{"embeddable":true,"href":"https:\/\/xn--kbrsglobalstore-7kcc.com\/tr\/wp-json\/wp\/v2\/media\/33501"}],"wp:attachment":[{"href":"https:\/\/xn--kbrsglobalstore-7kcc.com\/tr\/wp-json\/wp\/v2\/media?parent=33500"}],"wp:term":[{"taxonomy":"product_brand","embeddable":true,"href":"https:\/\/xn--kbrsglobalstore-7kcc.com\/tr\/wp-json\/wp\/v2\/product_brand?post=33500"},{"taxonomy":"product_cat","embeddable":true,"href":"https:\/\/xn--kbrsglobalstore-7kcc.com\/tr\/wp-json\/wp\/v2\/product_cat?post=33500"},{"taxonomy":"product_tag","embeddable":true,"href":"https:\/\/xn--kbrsglobalstore-7kcc.com\/tr\/wp-json\/wp\/v2\/product_tag?post=33500"}],"curies":[{"name":"wp","href":"https:\/\/api.w.org\/{rel}","templated":true}]}}