{"id":33493,"date":"2025-12-14T20:17:21","date_gmt":"2025-12-14T20:17:21","guid":{"rendered":"https:\/\/xn--kbrsglobalstore-7kcc.com\/?post_type=product&#038;p=33493"},"modified":"2025-12-15T10:03:53","modified_gmt":"2025-12-15T10:03:53","slug":"1pc-usb-starry-sky-car-atmosphere-light","status":"publish","type":"product","link":"https:\/\/xn--kbrsglobalstore-7kcc.com\/tr\/urun\/1pc-usb-starry-sky-car-atmosphere-light\/","title":{"rendered":"1 adet USB Y\u0131ld\u0131zl\u0131 G\u00f6ky\u00fcz\u00fc Araba Atmosfer I\u015f\u0131\u011f\u0131"},"content":{"rendered":"<div class=\"ds-message _63c77b1\">\n<div class=\"ds-markdown\">\n<p class=\"ds-markdown-paragraph\">USB Y\u0131ld\u0131zl\u0131 G\u00f6ky\u00fcz\u00fc Ara\u00e7 Atmosfer I\u015f\u0131\u011f\u0131 ile arac\u0131n\u0131z\u0131n i\u00e7ini nefes kesen bir g\u00f6ksel s\u0131\u011f\u0131na\u011fa d\u00f6n\u00fc\u015ft\u00fcr\u00fcn. Bu yenilik\u00e7i aksesuar, arac\u0131n\u0131z\u0131n tavan\u0131na say\u0131s\u0131z, narin y\u0131ld\u0131zdan olu\u015fan b\u00fcy\u00fcleyici bir panorama yans\u0131tarak her yolculuk i\u00e7in sakin ve b\u00fcy\u00fcleyici bir ortam yarat\u0131r.<\/p>\n<p class=\"ds-markdown-paragraph translation-block\">Arac\u0131n\u0131zdaki standart bir USB portu \u00fczerinden rahatl\u0131kla \u00e7al\u0131\u015ft\u0131r\u0131labilen bu \u00fcr\u00fcn, karma\u015f\u0131k kablolama gerektirmeden zahmetsiz tak ve \u00e7al\u0131\u015ft\u0131r \u00f6zelli\u011fi sunar. Arac\u0131n\u0131z\u0131n i\u00e7ini yumu\u015fak ve romantik bir \u0131\u015f\u0131kla ayd\u0131nlatmak i\u00e7in, gece s\u00fcr\u00fc\u015flerinde rahatlamak, \u00f6zel bir yolcu i\u00e7in romantik bir atmosfer yaratmak veya g\u00fcnl\u00fck yolculu\u011funuzu ki\u015fiselle\u015ftirmek i\u00e7in, \u00fcr\u00fcn\u00fc ara\u00e7 \u015farj cihaz\u0131n\u0131za veya USB \u00e7\u0131k\u0131\u015f\u0131n\u0131za ba\u011flaman\u0131z yeterlidir.<\/p>\n<p class=\"ds-markdown-paragraph\">Kompakt, ta\u015f\u0131nabilir ve kullan\u0131m\u0131 kolay olan bu ortam \u0131\u015f\u0131\u011f\u0131, arac\u0131n\u0131z\u0131n i\u00e7ini ki\u015fiselle\u015ftirmek i\u00e7in m\u00fckemmel bir son dokunu\u015ftur. Herhangi bir otomobil tutkunu i\u00e7in benzersiz ve d\u00fc\u015f\u00fcnceli bir hediye olup, s\u0131radan s\u00fcr\u00fc\u015fe sihir ve hayranl\u0131k katar.<\/p>\n<\/div>\n<\/div>\n<div class=\"ds-theme\"><\/div>\n<div class=\"ds-flex _0a3d93b\">\n<div class=\"ds-flex _965abe9 _54866f7\">\n<div class=\"db183363 ds-icon-button ds-icon-button--m ds-icon-button--sizing-container\" tabindex=\"0\" role=\"button\" aria-disabled=\"false\">\n<div class=\"ds-icon-button__hover-bg\"><\/div>\n<div class=\"ds-icon\"><\/div>\n<div class=\"ds-focus-ring\"><\/div>\n<\/div>\n<div class=\"db183363 ds-icon-button ds-icon-button--m ds-icon-button--sizing-container\" tabindex=\"0\" role=\"button\" aria-disabled=\"false\">\n<div class=\"ds-icon-button__hover-bg\"><\/div>\n<div class=\"ds-icon\"><\/div>\n<div class=\"ds-focus-ring\"><\/div>\n<\/div>\n<div class=\"db183363 ds-icon-button ds-icon-button--m ds-icon-button--sizing-container\" tabindex=\"0\" role=\"button\" aria-disabled=\"false\">\n<div class=\"ds-icon-button__hover-bg\"><\/div>\n<div class=\"ds-icon\"><\/div>\n<div class=\"ds-focus-ring\"><\/div>\n<\/div>\n<div class=\"db183363 ds-icon-button ds-icon-button--m ds-icon-button--sizing-container\" tabindex=\"0\" role=\"button\" aria-disabled=\"false\">\n<div class=\"ds-icon-button__hover-bg\"><\/div>\n<div class=\"ds-icon\"><\/div>\n<div class=\"ds-focus-ring\"><\/div>\n<\/div>\n<div class=\"db183363 ds-icon-button ds-icon-button--m ds-icon-button--sizing-container\" tabindex=\"0\" role=\"button\" aria-disabled=\"false\">\n<div class=\"ds-icon-button__hover-bg\"><\/div>\n<div class=\"ds-icon\"><\/div>\n<\/div>\n<\/div>\n<\/div>","protected":false},"excerpt":{"rendered":"<p>Transform the interior of your vehicle into a breathtaking celestial sanctuary with the USB Starry Sky Car Atmosphere Light. This innovative accessory projects a mesmerizing panorama of countless, delicate stars across your car&#8217;s ceiling, creating a serene and enchanting ambiance for every journey. Powered conveniently through a\u00a0standard USB port\u00a0in your car, it offers effortless plug-and-play [&hellip;]<\/p>","protected":false},"featured_media":33494,"comment_status":"open","ping_status":"closed","template":"","meta":{"_monsterinsights_skip_tracking":false,"_monsterinsights_sitenote_active":false,"_monsterinsights_sitenote_note":"","_monsterinsights_sitenote_category":0},"product_brand":[],"product_cat":[15,127],"product_tag":[],"class_list":{"0":"post-33493","1":"product","2":"type-product","3":"status-publish","4":"has-post-thumbnail","6":"product_cat-uncategorized","7":"product_cat-car-essentials","9":"first","10":"instock","11":"shipping-taxable","12":"purchasable","13":"product-type-simple"},"aioseo_notices":[],"_links":{"self":[{"href":"https:\/\/xn--kbrsglobalstore-7kcc.com\/tr\/wp-json\/wp\/v2\/product\/33493","targetHints":{"allow":["GET"]}}],"collection":[{"href":"https:\/\/xn--kbrsglobalstore-7kcc.com\/tr\/wp-json\/wp\/v2\/product"}],"about":[{"href":"https:\/\/xn--kbrsglobalstore-7kcc.com\/tr\/wp-json\/wp\/v2\/types\/product"}],"replies":[{"embeddable":true,"href":"https:\/\/xn--kbrsglobalstore-7kcc.com\/tr\/wp-json\/wp\/v2\/comments?post=33493"}],"wp:featuredmedia":[{"embeddable":true,"href":"https:\/\/xn--kbrsglobalstore-7kcc.com\/tr\/wp-json\/wp\/v2\/media\/33494"}],"wp:attachment":[{"href":"https:\/\/xn--kbrsglobalstore-7kcc.com\/tr\/wp-json\/wp\/v2\/media?parent=33493"}],"wp:term":[{"taxonomy":"product_brand","embeddable":true,"href":"https:\/\/xn--kbrsglobalstore-7kcc.com\/tr\/wp-json\/wp\/v2\/product_brand?post=33493"},{"taxonomy":"product_cat","embeddable":true,"href":"https:\/\/xn--kbrsglobalstore-7kcc.com\/tr\/wp-json\/wp\/v2\/product_cat?post=33493"},{"taxonomy":"product_tag","embeddable":true,"href":"https:\/\/xn--kbrsglobalstore-7kcc.com\/tr\/wp-json\/wp\/v2\/product_tag?post=33493"}],"curies":[{"name":"wp","href":"https:\/\/api.w.org\/{rel}","templated":true}]}}