{"id":33481,"date":"2025-12-14T20:12:50","date_gmt":"2025-12-14T20:12:50","guid":{"rendered":"https:\/\/xn--kbrsglobalstore-7kcc.com\/?post_type=product&#038;p=33481"},"modified":"2025-12-16T19:26:28","modified_gmt":"2025-12-16T19:26:28","slug":"118-11in-3m-car-interior-ambiance-lamp-with-usb-diy-decorative-dashboard-console-led-ambient-light-car-accessories-interior","status":"publish","type":"product","link":"https:\/\/xn--kbrsglobalstore-7kcc.com\/tr\/urun\/118-11in-3m-car-interior-ambiance-lamp-with-usb-diy-decorative-dashboard-console-led-ambient-light-car-accessories-interior\/","title":{"rendered":"118.11In\/3M USB'li Ara\u00e7 \u0130\u00e7i Ortam Ayd\u0131nlatma Lambas\u0131"},"content":{"rendered":"<div class=\"dad65929\">\n<div class=\"_4f9bf79 d7dc56a8 _43c05b5\">\n<div class=\"ds-message _63c77b1\">\n<div class=\"ds-markdown\">\n<p class=\"ds-markdown-paragraph translation-block\">3M USB Ara\u00e7 \u0130\u00e7i Ortam Ayd\u0131nlatma Lambas\u0131 ile arac\u0131n\u0131z\u0131n kabinine yeni bir soluk ve ki\u015filik kat\u0131n. Bu kendin yap dekoratif ayd\u0131nlatma kiti, g\u00f6sterge paneliniz, konsolunuz, ayak bo\u015fluklar\u0131n\u0131z ve kap\u0131lar\u0131n\u0131z boyunca kolayca g\u00f6z al\u0131c\u0131, \u00f6zelle\u015ftirilebilir bir \u0131\u015f\u0131kland\u0131rma olu\u015fturman\u0131za olanak tan\u0131yarak s\u0131radan i\u00e7 mekan\u0131n\u0131z\u0131 modern ve etkileyici bir s\u00fcr\u00fc\u015f ortam\u0131na d\u00f6n\u00fc\u015ft\u00fcr\u00fcr.<\/p>\n<p class=\"ds-markdown-paragraph translation-block\">Kit, arac\u0131n\u0131z\u0131n i\u00e7 mekan\u0131n\u0131n hatlar\u0131n\u0131 yarat\u0131c\u0131 bir \u015fekilde belirginle\u015ftirmek ve vurgulamak i\u00e7in yeterli uzunluk sa\u011flayan c\u00f6mert bir <strong>118 in\u00e7 (3 metre) esnek LED \u0131\u015f\u0131k \u015feridi<\/strong> i\u00e7erir. Herhangi bir standart <strong>USB portu<\/strong> (ara\u00e7 \u015farj cihaz\u0131n\u0131z veya adapt\u00f6r\u00fcn\u00fcz arac\u0131l\u0131\u011f\u0131yla) \u00fczerinden kolayca \u00e7al\u0131\u015ft\u0131r\u0131labilen bu \u00fcr\u00fcn, karma\u015f\u0131k kablolama gerektirmeden zahmetsiz tak ve \u00e7al\u0131\u015ft\u0131r \u00f6zelli\u011fi sunar.<\/p>\n<p class=\"ds-markdown-paragraph translation-block\">Ki\u015fiselle\u015ftirmeyi seven otomobil tutkunlar\u0131 i\u00e7in m\u00fckemmel olan bu LED ortam \u0131\u015f\u0131klar\u0131, birlikte verilen 3M bant kullan\u0131larak kolayca kesilebilir, \u015fekillendirilebilir ve yap\u0131\u015ft\u0131r\u0131labilir. S\u00fcr\u00fc\u015f i\u00e7in m\u00fckemmel bir atmosfer yaratmak, haval\u0131 bir estetik olu\u015fturmak veya gece g\u00f6r\u00fc\u015f\u00fcn\u00fc iyile\u015ftirmek i\u00e7in \u00e7e\u015fitli renkler aras\u0131ndan se\u00e7im yapabilirsiniz. Bu sadece bir \u0131\u015f\u0131k de\u011fil; her s\u00fcr\u00fc\u015fe stil, ambiyans ve \u00f6zel bir dokunu\u015f katmak i\u00e7in olmazsa olmaz bir ara\u00e7 i\u00e7i aksesuar y\u00fckseltmesidir.<\/p>\n<\/div>\n<\/div>\n<div class=\"ds-theme\"><\/div>\n<div class=\"ds-flex _0a3d93b\">\n<div class=\"ds-flex _965abe9 _54866f7\">\n<div class=\"db183363 ds-icon-button ds-icon-button--m ds-icon-button--sizing-container\" tabindex=\"0\" role=\"button\" aria-disabled=\"false\">\n<div class=\"ds-icon-button__hover-bg\"><\/div>\n<div class=\"ds-icon\"><\/div>\n<div class=\"ds-focus-ring\"><\/div>\n<\/div>\n<div class=\"db183363 ds-icon-button ds-icon-button--m ds-icon-button--sizing-container\" tabindex=\"0\" role=\"button\" aria-disabled=\"false\">\n<div class=\"ds-icon-button__hover-bg\"><\/div>\n<div class=\"ds-icon\"><\/div>\n<div class=\"ds-focus-ring\"><\/div>\n<\/div>\n<div class=\"db183363 ds-icon-button ds-icon-button--m ds-icon-button--sizing-container\" tabindex=\"0\" role=\"button\" aria-disabled=\"false\">\n<div class=\"ds-icon-button__hover-bg\"><\/div>\n<div class=\"ds-icon\"><\/div>\n<div class=\"ds-focus-ring\"><\/div>\n<\/div>\n<div class=\"db183363 ds-icon-button ds-icon-button--m ds-icon-button--sizing-container\" tabindex=\"0\" role=\"button\" aria-disabled=\"false\">\n<div class=\"ds-icon-button__hover-bg\"><\/div>\n<div class=\"ds-icon\"><\/div>\n<div class=\"ds-focus-ring\"><\/div>\n<\/div>\n<div class=\"db183363 ds-icon-button ds-icon-button--m ds-icon-button--sizing-container\" tabindex=\"0\" role=\"button\" aria-disabled=\"false\">\n<div class=\"ds-icon-button__hover-bg\"><\/div>\n<div class=\"ds-icon\"><\/div>\n<div class=\"ds-focus-ring\"><\/div>\n<\/div>\n<\/div>\n<div><\/div>\n<\/div>\n<\/div>\n<\/div>\n<div class=\"_871cbca\">\n<div class=\"d72636e2\"><\/div>\n<div class=\"aaff8b8f\">\n<div class=\"_77cefa5 _3d616d3\">\n<div class=\"_020ab5b\">\n<div class=\"_24fad49\">\n<div class=\"ds-scroll-area__gutters\">\n<div class=\"ds-scroll-area__horizontal-gutter\"><\/div>\n<div class=\"ds-scroll-area__vertical-gutter\"><\/div>\n<\/div>\n<\/div>\n<\/div>\n<\/div>\n<\/div>\n<\/div>","protected":false},"excerpt":{"rendered":"<p>Breathe new life and personality into your vehicle&#8217;s cabin with the 3M USB Car Interior Ambiance Lamp. This DIY decorative lighting kit allows you to easily install a stunning, customizable glow along your\u00a0dashboard, console, footwells, and doors, transforming your ordinary interior into a modern and immersive driving environment. The kit features a generous\u00a0118-inch (3-meter) flexible [&hellip;]<\/p>","protected":false},"featured_media":33482,"comment_status":"open","ping_status":"closed","template":"","meta":{"_monsterinsights_skip_tracking":false,"_monsterinsights_sitenote_active":false,"_monsterinsights_sitenote_note":"","_monsterinsights_sitenote_category":0},"product_brand":[],"product_cat":[15,127],"product_tag":[],"class_list":{"0":"post-33481","1":"product","2":"type-product","3":"status-publish","4":"has-post-thumbnail","6":"product_cat-uncategorized","7":"product_cat-car-essentials","9":"first","10":"instock","11":"shipping-taxable","12":"purchasable","13":"product-type-simple"},"aioseo_notices":[],"_links":{"self":[{"href":"https:\/\/xn--kbrsglobalstore-7kcc.com\/tr\/wp-json\/wp\/v2\/product\/33481","targetHints":{"allow":["GET"]}}],"collection":[{"href":"https:\/\/xn--kbrsglobalstore-7kcc.com\/tr\/wp-json\/wp\/v2\/product"}],"about":[{"href":"https:\/\/xn--kbrsglobalstore-7kcc.com\/tr\/wp-json\/wp\/v2\/types\/product"}],"replies":[{"embeddable":true,"href":"https:\/\/xn--kbrsglobalstore-7kcc.com\/tr\/wp-json\/wp\/v2\/comments?post=33481"}],"wp:featuredmedia":[{"embeddable":true,"href":"https:\/\/xn--kbrsglobalstore-7kcc.com\/tr\/wp-json\/wp\/v2\/media\/33482"}],"wp:attachment":[{"href":"https:\/\/xn--kbrsglobalstore-7kcc.com\/tr\/wp-json\/wp\/v2\/media?parent=33481"}],"wp:term":[{"taxonomy":"product_brand","embeddable":true,"href":"https:\/\/xn--kbrsglobalstore-7kcc.com\/tr\/wp-json\/wp\/v2\/product_brand?post=33481"},{"taxonomy":"product_cat","embeddable":true,"href":"https:\/\/xn--kbrsglobalstore-7kcc.com\/tr\/wp-json\/wp\/v2\/product_cat?post=33481"},{"taxonomy":"product_tag","embeddable":true,"href":"https:\/\/xn--kbrsglobalstore-7kcc.com\/tr\/wp-json\/wp\/v2\/product_tag?post=33481"}],"curies":[{"name":"wp","href":"https:\/\/api.w.org\/{rel}","templated":true}]}}